{"id":401,"date":"2019-03-19T13:42:23","date_gmt":"2019-03-19T12:42:23","guid":{"rendered":"http:\/\/udkast.net\/bla\/contact\/"},"modified":"2024-12-30T07:05:11","modified_gmt":"2024-12-30T06:05:11","slug":"kontakt","status":"publish","type":"page","link":"https:\/\/detblaagaestehus.dk\/en\/kontakt\/","title":{"rendered":"Contact"},"content":{"rendered":"\t\t<div data-elementor-type=\"wp-post\" data-elementor-id=\"401\" class=\"elementor elementor-401\" data-elementor-post-type=\"page\">\n\t\t\t\t\t\t<section class=\"elementor-section elementor-top-section elementor-element elementor-element-fa56f14 elementor-section-boxed elementor-section-height-default elementor-section-height-default\" data-id=\"fa56f14\" data-element_type=\"section\" data-e-type=\"section\" data-settings=\"{&quot;background_background&quot;:&quot;classic&quot;}\">\n\t\t\t\t\t\t<div class=\"elementor-container elementor-column-gap-default\">\n\t\t\t\t\t<div class=\"elementor-column elementor-col-50 elementor-top-column elementor-element elementor-element-e821f4e elementor-invisible\" data-id=\"e821f4e\" data-element_type=\"column\" data-e-type=\"column\" data-settings=\"{&quot;background_background&quot;:&quot;classic&quot;,&quot;animation&quot;:&quot;fadeInLeft&quot;}\">\n\t\t\t<div class=\"elementor-widget-wrap elementor-element-populated\">\n\t\t\t\t\t\t<div class=\"elementor-element elementor-element-4fdf48b elementor-widget elementor-widget-heading\" data-id=\"4fdf48b\" data-element_type=\"widget\" data-e-type=\"widget\" data-widget_type=\"heading.default\">\n\t\t\t\t<div class=\"elementor-widget-container\">\n\t\t\t\t\t<h2 class=\"elementor-heading-title elementor-size-default\">Kontakt os gerne<\/h2>\t\t\t\t<\/div>\n\t\t\t\t<\/div>\n\t\t\t\t<div class=\"elementor-element elementor-element-a6632a0 elementor-widget elementor-widget-text-editor\" data-id=\"a6632a0\" data-element_type=\"widget\" data-e-type=\"widget\" data-widget_type=\"text-editor.default\">\n\t\t\t\t<div class=\"elementor-widget-container\">\n\t\t\t\t\t\t\t\t\t<p>Vi er fuldt booket til:<\/p><p>Strikkefestival 2025<\/p><p>&#8220;Vesterland 2025&#8221;. Til orientering er det meget sv\u00e6rt at finde overnatning til denne festival og vi anbefaler derfor at man ogs\u00e5 kontakter campingpladserne og de store udlejningsbureauer p\u00e5 \u00f8en.\u00a0<\/p><p>Hvis du har sp\u00f8rgsm\u00e5l &#8211; er du altid velkommen til at kontakte Lone p\u00e5 mobil +45 26110696 eller sende os en mail p\u00e5:\u00a0<a style=\"font-weight: var( --e-global-typography-text-font-weight ); background-color: #ffffff; font-size: 1rem;\" href=\"mailto:kontakt@detblaagaestehus.dk\" target=\"_blank\" rel=\"noopener\">kontakt@detblaagaestehus.dk<\/a><\/p><p>Vi svarer s\u00e5 hurtig vi kan.<\/p>\t\t\t\t\t\t\t\t<\/div>\n\t\t\t\t<\/div>\n\t\t\t\t\t<\/div>\n\t\t<\/div>\n\t\t\t\t<div class=\"elementor-column elementor-col-50 elementor-top-column elementor-element elementor-element-43e8a15 elementor-invisible\" data-id=\"43e8a15\" data-element_type=\"column\" data-e-type=\"column\" data-settings=\"{&quot;background_background&quot;:&quot;slideshow&quot;,&quot;animation&quot;:&quot;fadeInUp&quot;,&quot;background_slideshow_gallery&quot;:[{&quot;id&quot;:30041,&quot;url&quot;:&quot;https:\\\/\\\/detblaagaestehus.dk\\\/wp-content\\\/uploads\\\/2022\\\/06\\\/gavlen-nv-04_1.jpeg&quot;},{&quot;id&quot;:30038,&quot;url&quot;:&quot;https:\\\/\\\/detblaagaestehus.dk\\\/wp-content\\\/uploads\\\/2022\\\/06\\\/dsc_0175.jpeg&quot;},{&quot;id&quot;:31524,&quot;url&quot;:&quot;https:\\\/\\\/detblaagaestehus.dk\\\/wp-content\\\/uploads\\\/2022\\\/12\\\/20220709_144014-003.jpg&quot;},{&quot;id&quot;:31525,&quot;url&quot;:&quot;https:\\\/\\\/detblaagaestehus.dk\\\/wp-content\\\/uploads\\\/2022\\\/12\\\/Lilla-Blomster-rotated.jpg&quot;},{&quot;id&quot;:31526,&quot;url&quot;:&quot;https:\\\/\\\/detblaagaestehus.dk\\\/wp-content\\\/uploads\\\/2022\\\/12\\\/IMG_20210314_094420_810-1.jpg&quot;},{&quot;id&quot;:31527,&quot;url&quot;:&quot;https:\\\/\\\/detblaagaestehus.dk\\\/wp-content\\\/uploads\\\/2022\\\/12\\\/888888.jpg&quot;},{&quot;id&quot;:31528,&quot;url&quot;:&quot;https:\\\/\\\/detblaagaestehus.dk\\\/wp-content\\\/uploads\\\/2022\\\/12\\\/20180711_185628_IMG_0821-scaled.jpg&quot;},{&quot;id&quot;:31529,&quot;url&quot;:&quot;https:\\\/\\\/detblaagaestehus.dk\\\/wp-content\\\/uploads\\\/2022\\\/12\\\/20180711_185403_IMG_0812-scaled.jpg&quot;},{&quot;id&quot;:31479,&quot;url&quot;:&quot;https:\\\/\\\/detblaagaestehus.dk\\\/wp-content\\\/uploads\\\/2022\\\/12\\\/Kort.jpg&quot;},{&quot;id&quot;:31477,&quot;url&quot;:&quot;https:\\\/\\\/detblaagaestehus.dk\\\/wp-content\\\/uploads\\\/2022\\\/12\\\/Byskilt-1.jpg&quot;},{&quot;id&quot;:30932,&quot;url&quot;:&quot;https:\\\/\\\/detblaagaestehus.dk\\\/wp-content\\\/uploads\\\/2022\\\/07\\\/DSC_0287.jpg&quot;},{&quot;id&quot;:30931,&quot;url&quot;:&quot;https:\\\/\\\/detblaagaestehus.dk\\\/wp-content\\\/uploads\\\/2022\\\/07\\\/DSC_0299.jpg&quot;}],&quot;background_slideshow_slide_duration&quot;:2000,&quot;background_slideshow_transition_duration&quot;:100,&quot;background_slideshow_ken_burns&quot;:&quot;yes&quot;,&quot;background_slideshow_loop&quot;:&quot;yes&quot;,&quot;background_slideshow_slide_transition&quot;:&quot;fade&quot;,&quot;background_slideshow_ken_burns_zoom_direction&quot;:&quot;in&quot;}\">\n\t\t\t<div class=\"elementor-widget-wrap elementor-element-populated\">\n\t\t\t\t\t\t<div class=\"elementor-element elementor-element-37a1ffa elementor-widget elementor-widget-spacer\" data-id=\"37a1ffa\" data-element_type=\"widget\" data-e-type=\"widget\" data-widget_type=\"spacer.default\">\n\t\t\t\t<div class=\"elementor-widget-container\">\n\t\t\t\t\t\t\t<div class=\"elementor-spacer\">\n\t\t\t<div class=\"elementor-spacer-inner\"><\/div>\n\t\t<\/div>\n\t\t\t\t\t\t<\/div>\n\t\t\t\t<\/div>\n\t\t\t\t\t<\/div>\n\t\t<\/div>\n\t\t\t\t\t<\/div>\n\t\t<\/section>\n\t\t\t\t<section class=\"elementor-section elementor-top-section elementor-element elementor-element-62d08e4 elementor-reverse-mobile elementor-reverse-tablet elementor-section-boxed elementor-section-height-default elementor-section-height-default\" data-id=\"62d08e4\" data-element_type=\"section\" data-e-type=\"section\" data-settings=\"{&quot;background_background&quot;:&quot;classic&quot;}\">\n\t\t\t\t\t\t<div class=\"elementor-container elementor-column-gap-default\">\n\t\t\t\t\t<div class=\"elementor-column elementor-col-50 elementor-top-column elementor-element elementor-element-908b5d6 elementor-invisible\" data-id=\"908b5d6\" data-element_type=\"column\" data-e-type=\"column\" data-settings=\"{&quot;background_background&quot;:&quot;slideshow&quot;,&quot;animation&quot;:&quot;fadeInUp&quot;,&quot;background_slideshow_gallery&quot;:[{&quot;id&quot;:30656,&quot;url&quot;:&quot;https:\\\/\\\/detblaagaestehus.dk\\\/wp-content\\\/uploads\\\/2022\\\/07\\\/DSC_0029.jpg&quot;},{&quot;id&quot;:30658,&quot;url&quot;:&quot;https:\\\/\\\/detblaagaestehus.dk\\\/wp-content\\\/uploads\\\/2022\\\/07\\\/IMG_20210327_092730_897.jpg&quot;},{&quot;id&quot;:30661,&quot;url&quot;:&quot;https:\\\/\\\/detblaagaestehus.dk\\\/wp-content\\\/uploads\\\/2022\\\/07\\\/DSC_0036.jpg&quot;},{&quot;id&quot;:30666,&quot;url&quot;:&quot;https:\\\/\\\/detblaagaestehus.dk\\\/wp-content\\\/uploads\\\/2022\\\/07\\\/1079154_10200992226121630_354582562_n.jpg&quot;},{&quot;id&quot;:30667,&quot;url&quot;:&quot;https:\\\/\\\/detblaagaestehus.dk\\\/wp-content\\\/uploads\\\/2022\\\/07\\\/20200720_181949.jpg&quot;},{&quot;id&quot;:30668,&quot;url&quot;:&quot;https:\\\/\\\/detblaagaestehus.dk\\\/wp-content\\\/uploads\\\/2022\\\/07\\\/20200319_070349.jpg&quot;},{&quot;id&quot;:30671,&quot;url&quot;:&quot;https:\\\/\\\/detblaagaestehus.dk\\\/wp-content\\\/uploads\\\/2022\\\/07\\\/20220625_152718-002.jpg&quot;},{&quot;id&quot;:30672,&quot;url&quot;:&quot;https:\\\/\\\/detblaagaestehus.dk\\\/wp-content\\\/uploads\\\/2022\\\/07\\\/billeder-fra-iphone-726.jpg&quot;},{&quot;id&quot;:31533,&quot;url&quot;:&quot;https:\\\/\\\/detblaagaestehus.dk\\\/wp-content\\\/uploads\\\/2022\\\/12\\\/IMG_0811-scaled.jpg&quot;},{&quot;id&quot;:31534,&quot;url&quot;:&quot;https:\\\/\\\/detblaagaestehus.dk\\\/wp-content\\\/uploads\\\/2022\\\/12\\\/2021-scaled.jpg&quot;},{&quot;id&quot;:31535,&quot;url&quot;:&quot;https:\\\/\\\/detblaagaestehus.dk\\\/wp-content\\\/uploads\\\/2022\\\/12\\\/almindeligt-7-rotated.jpg&quot;},{&quot;id&quot;:31536,&quot;url&quot;:&quot;https:\\\/\\\/detblaagaestehus.dk\\\/wp-content\\\/uploads\\\/2022\\\/12\\\/20220625_221030-scaled.jpg&quot;},{&quot;id&quot;:31476,&quot;url&quot;:&quot;https:\\\/\\\/detblaagaestehus.dk\\\/wp-content\\\/uploads\\\/2022\\\/12\\\/IMG_20220617_195605_736.webp&quot;}],&quot;background_slideshow_slide_duration&quot;:2000,&quot;background_slideshow_transition_duration&quot;:100,&quot;background_slideshow_loop&quot;:&quot;yes&quot;,&quot;background_slideshow_slide_transition&quot;:&quot;fade&quot;}\">\n\t\t\t<div class=\"elementor-widget-wrap elementor-element-populated\">\n\t\t\t\t\t\t<div class=\"elementor-element elementor-element-b314c48 elementor-widget elementor-widget-spacer\" data-id=\"b314c48\" data-element_type=\"widget\" data-e-type=\"widget\" data-widget_type=\"spacer.default\">\n\t\t\t\t<div class=\"elementor-widget-container\">\n\t\t\t\t\t\t\t<div class=\"elementor-spacer\">\n\t\t\t<div class=\"elementor-spacer-inner\"><\/div>\n\t\t<\/div>\n\t\t\t\t\t\t<\/div>\n\t\t\t\t<\/div>\n\t\t\t\t\t<\/div>\n\t\t<\/div>\n\t\t\t\t<div class=\"elementor-column elementor-col-50 elementor-top-column elementor-element elementor-element-754404f elementor-invisible\" data-id=\"754404f\" data-element_type=\"column\" data-e-type=\"column\" data-settings=\"{&quot;background_background&quot;:&quot;classic&quot;,&quot;animation&quot;:&quot;fadeInRight&quot;}\">\n\t\t\t<div class=\"elementor-widget-wrap elementor-element-populated\">\n\t\t\t\t\t\t<div class=\"elementor-element elementor-element-24a37f2 elementor-widget elementor-widget-heading\" data-id=\"24a37f2\" data-element_type=\"widget\" data-e-type=\"widget\" data-widget_type=\"heading.default\">\n\t\t\t\t<div class=\"elementor-widget-container\">\n\t\t\t\t\t<h2 class=\"elementor-heading-title elementor-size-default\">Bliver du forhindret<\/h2>\t\t\t\t<\/div>\n\t\t\t\t<\/div>\n\t\t\t\t<div class=\"elementor-element elementor-element-58845e2 elementor-widget elementor-widget-text-editor\" data-id=\"58845e2\" data-element_type=\"widget\" data-e-type=\"widget\" data-widget_type=\"text-editor.default\">\n\t\t\t\t<div class=\"elementor-widget-container\">\n\t\t\t\t\t\t\t\t\t<p>Du bedes betale for din booking senest 8 dage f\u00f8r ankomst.\u00a0<\/p><p>Indbetalings oplysninger:<\/p><p>Bankoverf\u00f8rsel:<\/p><p>Vestjysk bank<\/p><p>Reg. nr. 7606\u00a0<\/p><p>IBAN nr. DK4876060001543682<\/p><p>Kontonummer: 0001543195<\/p><p>Eller mobilpay:<\/p><p>Det bl\u00e5 g\u00e6stehus 551355<\/p><p>Registreres din betaling ikke senest 8 dage f\u00f8r ankomst &#8211; forbeholder vi os retten til at udleje til anden side.<\/p><p>Har du bestilt overnatning, men bliver forhindret i at komme &#8211; vil vi blive glade, hvis du meddeler os det s\u00e5 hurtigt som muligt skriftligt pr. mail.\u00a0<a style=\"font-weight: var( --e-global-typography-text-font-weight ); background-color: #ffffff; font-size: 1rem;\" href=\"mailto:kontakt@detblaagaestehus.dk\" target=\"_blank\" rel=\"noopener\">kontakt@detblaagaestehus.dk<\/a><\/p><p><strong><span style=\"color: var( --e-global-color-text ); font-size: 1rem;\">\u00d8nsker du at afbestille efter at du har betalt. <\/span><\/strong><span style=\"color: var( --e-global-color-text ); font-weight: var( --e-global-typography-text-font-weight ); font-size: 1rem;\">\u00a0\u00d8nsker du at aflyse din booking indenfor 8 dage inden din ankomst &#8211; vil dit ophold blive tilbagebetalt med 50 % af indbetalt bel\u00f8b.<\/span><\/p><p>VIGTIGT:<\/p><p>N\u00e5r du indbetaler skal der i indbetalingen st\u00e5 anf\u00f8rt dato for dit ophold og navn p\u00e5 personen som har booket opholdet.<\/p>\t\t\t\t\t\t\t\t<\/div>\n\t\t\t\t<\/div>\n\t\t\t\t\t<\/div>\n\t\t<\/div>\n\t\t\t\t\t<\/div>\n\t\t<\/section>\n\t\t\t\t<\/div>\n\t\t","protected":false},"excerpt":{"rendered":"<p>Kontakt os gerne Vi er fuldt booket til: Strikkefestival 2025 &#8220;Vesterland 2025&#8221;. Til orientering er det meget sv\u00e6rt at finde overnatning til denne festival og vi anbefaler derfor at man ogs\u00e5 kontakter campingpladserne og de store udlejningsbureauer p\u00e5 \u00f8en.\u00a0 Hvis du har sp\u00f8rgsm\u00e5l &#8211; er du altid velkommen til at kontakte Lone p\u00e5 mobil +45 [&hellip;]<\/p>\n","protected":false},"author":1,"featured_media":30011,"parent":0,"menu_order":0,"comment_status":"closed","ping_status":"closed","template":"","meta":{"footnotes":""},"class_list":["post-401","page","type-page","status-publish","has-post-thumbnail","hentry"],"_links":{"self":[{"href":"https:\/\/detblaagaestehus.dk\/en\/wp-json\/wp\/v2\/pages\/401","targetHints":{"allow":["GET"]}}],"collection":[{"href":"https:\/\/detblaagaestehus.dk\/en\/wp-json\/wp\/v2\/pages"}],"about":[{"href":"https:\/\/detblaagaestehus.dk\/en\/wp-json\/wp\/v2\/types\/page"}],"author":[{"embeddable":true,"href":"https:\/\/detblaagaestehus.dk\/en\/wp-json\/wp\/v2\/users\/1"}],"replies":[{"embeddable":true,"href":"https:\/\/detblaagaestehus.dk\/en\/wp-json\/wp\/v2\/comments?post=401"}],"version-history":[{"count":89,"href":"https:\/\/detblaagaestehus.dk\/en\/wp-json\/wp\/v2\/pages\/401\/revisions"}],"predecessor-version":[{"id":32202,"href":"https:\/\/detblaagaestehus.dk\/en\/wp-json\/wp\/v2\/pages\/401\/revisions\/32202"}],"wp:featuredmedia":[{"embeddable":true,"href":"https:\/\/detblaagaestehus.dk\/en\/wp-json\/wp\/v2\/media\/30011"}],"wp:attachment":[{"href":"https:\/\/detblaagaestehus.dk\/en\/wp-json\/wp\/v2\/media?parent=401"}],"curies":[{"name":"wp","href":"https:\/\/api.w.org\/{rel}","templated":true}]}}