{"id":30521,"date":"2022-06-21T13:08:50","date_gmt":"2022-06-21T11:08:50","guid":{"rendered":"https:\/\/udkast.net\/bla\/det-blaa-gaestehus-2\/"},"modified":"2024-12-30T07:14:11","modified_gmt":"2024-12-30T06:14:11","slug":"nyttige-informationer","status":"publish","type":"page","link":"https:\/\/detblaagaestehus.dk\/en\/nyttige-informationer\/","title":{"rendered":"Useful information"},"content":{"rendered":"\t\t<div data-elementor-type=\"wp-page\" data-elementor-id=\"30521\" class=\"elementor elementor-30521\" data-elementor-post-type=\"page\">\n\t\t\t\t\t\t<section class=\"elementor-section elementor-top-section elementor-element elementor-element-e6dff7f elementor-section-boxed elementor-section-height-default elementor-section-height-default\" data-id=\"e6dff7f\" data-element_type=\"section\" data-e-type=\"section\" data-settings=\"{&quot;background_background&quot;:&quot;classic&quot;}\">\n\t\t\t\t\t\t<div class=\"elementor-container elementor-column-gap-default\">\n\t\t\t\t\t<div class=\"elementor-column elementor-col-50 elementor-top-column elementor-element elementor-element-05dc67a elementor-invisible\" data-id=\"05dc67a\" data-element_type=\"column\" data-e-type=\"column\" data-settings=\"{&quot;background_background&quot;:&quot;classic&quot;,&quot;animation&quot;:&quot;fadeInLeft&quot;}\">\n\t\t\t<div class=\"elementor-widget-wrap elementor-element-populated\">\n\t\t\t\t\t\t<div class=\"elementor-element elementor-element-e20b362 elementor-widget elementor-widget-heading\" data-id=\"e20b362\" data-element_type=\"widget\" data-e-type=\"widget\" data-widget_type=\"heading.default\">\n\t\t\t\t<div class=\"elementor-widget-container\">\n\t\t\t\t\t<h2 class=\"elementor-heading-title elementor-size-default\">V\u00e6rd at vide:<\/h2>\t\t\t\t<\/div>\n\t\t\t\t<\/div>\n\t\t\t\t<div class=\"elementor-element elementor-element-325e7c9 elementor-widget elementor-widget-text-editor\" data-id=\"325e7c9\" data-element_type=\"widget\" data-e-type=\"widget\" data-widget_type=\"text-editor.default\">\n\t\t\t\t<div class=\"elementor-widget-container\">\n\t\t\t\t\t\t\t\t\t<p><span style=\"text-decoration: underline;\">G\u00c6STEHUSET<strong> ER HELT BOOKET:<\/strong><\/span><\/p><ul><li>Strikkefestival 2025<\/li><li>Vesterland 2025\u00a0<\/li><\/ul><p><span style=\"text-decoration: underline;\"><strong>Betaling:<\/strong><\/span><\/p><p>Du betaler for dit ophold senest 8 dage F\u00d8R ankomst.\u00a0<\/p><p><strong>Vestjysk bank:<\/strong><\/p><p><strong>Reg. nr. 7606<\/strong><\/p><p><strong>Kontonummer: 0001543195<\/strong><\/p><p><strong>IBAN nr. DK4876060001543682<\/strong><\/p><p><strong>Mobilpay: 551355 Det bl\u00e5 g\u00e6stehus<\/strong><\/p><p>Bliver du forhindret indenfor 8 dage <span style=\"text-decoration: underline;\"><strong>f\u00f8r<\/strong><\/span> din ankomstdato &#8211; skal du sende os en mail p\u00e5 kontakt@detblaagaestehus.dk<\/p><p>Du vil herefter med opgivelse af navn og bank oplysninger f\u00e5 tilbagebetalt 50 % af det indbetalte bel\u00f8b.<\/p><p><span style=\"text-decoration-line: underline; color: var( --e-global-color-text ); font-weight: var( --e-global-typography-text-font-weight ); font-size: 1rem;\">Hvis dit ophold ikke er betalt indenfor 8 dage inden dit ophold &#8211; forbeholder vi os retten til at udleje til anden side.<\/span><\/p><p>Det er derfor vigtigt, at hvis du vil annullere dit ophold, at du s\u00e5 laver en skriftlig henvendelse til os inden der er 8 dage til din ankomst.<\/p><p>Mailadressen til os er: <strong>kontakt@detblaagaestehus.dk<\/strong><\/p><p><b><u>F\u00e6rgeoverfarten:<\/u><\/b><\/p><p>Overfarten tager 12 minutter. I juli og august sejles der med 3 f\u00e6rger, s\u00e5 en evt. k\u00f8 vil forsvinde hurtigt.<\/p><p>Det anbefales altid at lade bilen st\u00e5 i Esbjerg og tage sin cykel med.<\/p><p>Overfarten er prism\u00e6ssigt altid tur\/retur.<\/p><p><u><b>Rutevejledning til Det bl\u00e5 g\u00e6stehus:<\/b><\/u><\/p><p>Du k\u00f8rer langs vandet til HAVNEVEJ. Drejer ind gennem diget og drejer til venstre til adressen: &#8220;Ved V\u00e6rftet&#8221;<\/p><p>Her skal du parkere. Man m\u00e5 ikke parkere i Hovedgaden.<\/p><p>Hovedgaden er i h\u00f8js\u00e6sonen ( 1. juli til 31. august) lukket, s\u00e5 man kan ikke k\u00f8re bil i Hovedgaden. N\u00e5r du har fundet en parkeringsplads kan du spotte et stort lysebl\u00e5t hus. Det er det bl\u00e5 g\u00e6stehus.<\/p><p>Indgangen til det bl\u00e5 g\u00e6stehus er imellem NYBOLIG og os. Der er en mindre tange og der st\u00e5r et sort skilt p\u00e5 muren. Det er p\u00e5 nordsiden af vores g\u00e6stehus.<\/p><p>Inde i den tange er indgangen til g\u00e6stehuset og der sidder en n\u00f8gleboks, hvor du vil modtage koden til.<\/p><p>Har du lejet &#8220;Det private v\u00e6relse&#8221; p\u00e5 1. salen &#8211; skal du g\u00e5 til den sydvendte side af huset og op p\u00e5 altanen. Det er indgangen til v\u00e6relset.<\/p><p>Adressen til v\u00e6relset p\u00e5 1. sal:<\/p><p>\u00d8stervej 3 \/Hovedgade 56<\/p><p><u><b>Du kan leje cykel herovre.<\/b><\/u><\/p><p>Her er lidt af hvert, men det er altid billigere at medbringe sin egen.<\/p>\t\t\t\t\t\t\t\t<\/div>\n\t\t\t\t<\/div>\n\t\t\t\t\t<\/div>\n\t\t<\/div>\n\t\t\t\t<div class=\"elementor-column elementor-col-50 elementor-top-column elementor-element elementor-element-2aa83ac elementor-invisible\" data-id=\"2aa83ac\" data-element_type=\"column\" data-e-type=\"column\" data-settings=\"{&quot;background_background&quot;:&quot;slideshow&quot;,&quot;animation&quot;:&quot;fadeInUp&quot;,&quot;background_slideshow_gallery&quot;:[{&quot;id&quot;:30545,&quot;url&quot;:&quot;https:\\\/\\\/detblaagaestehus.dk\\\/wp-content\\\/uploads\\\/2022\\\/07\\\/20220625_215648.jpg&quot;},{&quot;id&quot;:30548,&quot;url&quot;:&quot;https:\\\/\\\/detblaagaestehus.dk\\\/wp-content\\\/uploads\\\/2022\\\/07\\\/20220625_220114.jpg&quot;},{&quot;id&quot;:30549,&quot;url&quot;:&quot;https:\\\/\\\/detblaagaestehus.dk\\\/wp-content\\\/uploads\\\/2022\\\/07\\\/20220625_220707.jpg&quot;},{&quot;id&quot;:30551,&quot;url&quot;:&quot;https:\\\/\\\/detblaagaestehus.dk\\\/wp-content\\\/uploads\\\/2022\\\/07\\\/20220625_221033.jpg&quot;},{&quot;id&quot;:30924,&quot;url&quot;:&quot;https:\\\/\\\/detblaagaestehus.dk\\\/wp-content\\\/uploads\\\/2022\\\/07\\\/DSC_0238.jpg&quot;},{&quot;id&quot;:30801,&quot;url&quot;:&quot;https:\\\/\\\/detblaagaestehus.dk\\\/wp-content\\\/uploads\\\/2022\\\/07\\\/IMG_1603.jpg&quot;}],&quot;background_slideshow_transition_duration&quot;:90,&quot;background_slideshow_slide_duration&quot;:2000,&quot;background_slideshow_ken_burns&quot;:&quot;yes&quot;,&quot;background_slideshow_loop&quot;:&quot;yes&quot;,&quot;background_slideshow_slide_transition&quot;:&quot;fade&quot;,&quot;background_slideshow_ken_burns_zoom_direction&quot;:&quot;in&quot;}\">\n\t\t\t<div class=\"elementor-widget-wrap elementor-element-populated\">\n\t\t\t\t\t\t<div class=\"elementor-element elementor-element-1788001 elementor-widget elementor-widget-spacer\" data-id=\"1788001\" data-element_type=\"widget\" data-e-type=\"widget\" data-widget_type=\"spacer.default\">\n\t\t\t\t<div class=\"elementor-widget-container\">\n\t\t\t\t\t\t\t<div class=\"elementor-spacer\">\n\t\t\t<div class=\"elementor-spacer-inner\"><\/div>\n\t\t<\/div>\n\t\t\t\t\t\t<\/div>\n\t\t\t\t<\/div>\n\t\t\t\t\t<\/div>\n\t\t<\/div>\n\t\t\t\t\t<\/div>\n\t\t<\/section>\n\t\t\t\t<section class=\"elementor-section elementor-top-section elementor-element elementor-element-949e031 elementor-reverse-mobile elementor-reverse-tablet elementor-section-boxed elementor-section-height-default elementor-section-height-default\" data-id=\"949e031\" data-element_type=\"section\" data-e-type=\"section\" data-settings=\"{&quot;background_background&quot;:&quot;classic&quot;}\">\n\t\t\t\t\t\t<div class=\"elementor-container elementor-column-gap-default\">\n\t\t\t\t\t<div class=\"elementor-column elementor-col-50 elementor-top-column elementor-element elementor-element-0768a11 elementor-invisible\" data-id=\"0768a11\" data-element_type=\"column\" data-e-type=\"column\" data-settings=\"{&quot;background_background&quot;:&quot;slideshow&quot;,&quot;animation&quot;:&quot;fadeInUp&quot;,&quot;background_slideshow_gallery&quot;:[{&quot;id&quot;:30935,&quot;url&quot;:&quot;https:\\\/\\\/detblaagaestehus.dk\\\\\\\/wp-content\\\/uploads\\\/2022\\\/07\\\/DSC_0318.jpg&quot;},{&quot;id&quot;:30743,&quot;url&quot;:&quot;https:\\\/\\\/detblaagaestehus.dk\\\\\\\/wp-content\\\/uploads\\\/2022\\\/07\\\/IMG_20210327_100751_653.jpg&quot;},{&quot;id&quot;:30586,&quot;url&quot;:&quot;https:\\\/\\\/detblaagaestehus.dk\\\\\\\/wp-content\\\/uploads\\\/2022\\\/07\\\/19.jpg&quot;},{&quot;id&quot;:30591,&quot;url&quot;:&quot;https:\\\/\\\/detblaagaestehus.dk\\\\\\\/wp-content\\\/uploads\\\/2022\\\/07\\\/20210722_102856.jpg&quot;},{&quot;id&quot;:30945,&quot;url&quot;:&quot;https:\\\/\\\/detblaagaestehus.dk\\\\\\\/wp-content\\\/uploads\\\/2022\\\/07\\\/DSC_0362.jpg&quot;}],&quot;background_slideshow_transition_duration&quot;:100,&quot;background_slideshow_loop&quot;:&quot;yes&quot;,&quot;background_slideshow_slide_duration&quot;:5000,&quot;background_slideshow_slide_transition&quot;:&quot;fade&quot;}\">\n\t\t\t<div class=\"elementor-widget-wrap elementor-element-populated\">\n\t\t\t\t\t\t<div class=\"elementor-element elementor-element-1de9ad1 elementor-widget elementor-widget-spacer\" data-id=\"1de9ad1\" data-element_type=\"widget\" data-e-type=\"widget\" data-widget_type=\"spacer.default\">\n\t\t\t\t<div class=\"elementor-widget-container\">\n\t\t\t\t\t\t\t<div class=\"elementor-spacer\">\n\t\t\t<div class=\"elementor-spacer-inner\"><\/div>\n\t\t<\/div>\n\t\t\t\t\t\t<\/div>\n\t\t\t\t<\/div>\n\t\t\t\t\t<\/div>\n\t\t<\/div>\n\t\t\t\t<div class=\"elementor-column elementor-col-50 elementor-top-column elementor-element elementor-element-38b6d04 elementor-invisible\" data-id=\"38b6d04\" data-element_type=\"column\" data-e-type=\"column\" data-settings=\"{&quot;background_background&quot;:&quot;classic&quot;,&quot;animation&quot;:&quot;fadeInRight&quot;}\">\n\t\t\t<div class=\"elementor-widget-wrap elementor-element-populated\">\n\t\t\t\t\t\t<div class=\"elementor-element elementor-element-10b89c6 elementor-widget elementor-widget-text-editor\" data-id=\"10b89c6\" data-element_type=\"widget\" data-e-type=\"widget\" data-widget_type=\"text-editor.default\">\n\t\t\t\t<div class=\"elementor-widget-container\">\n\t\t\t\t\t\t\t\t\t<p><b><u>Ankomst og afrejse:<\/u><\/b><\/p>\n<p><b>Ankomst<\/b> er efter klokken 16. Men vi sender altid en sms til vores g\u00e6ster med oplysninger n\u00e5r v\u00e6relset er klar til jer. Her vil du f\u00e5 oplyst koden til n\u00f8gleboksen, hvorefter du kan komme ind.<\/p>\n<p><b>Afrejse<\/b> er inden klokken 10 p\u00e5 afrejsedagen.<\/p>\n<p>Ved afrejse skal du bare efterlade din n\u00f8gle i v\u00e6relsesd\u00f8ren og l\u00e5se yderd\u00f8ren med n\u00f8glen i n\u00f8gleboksen.<\/p>\n<p>Du skal ikke g\u00f8re rent eller noget &#8211; det eneste vi vil bede om er, at hvis du har gjort brug af opvaskemaskinen, s\u00e5 er den t\u00f8mt inden du rejser.<\/p>\n<p><u><b>Hunde:<\/b><\/u><\/p>\n<p>Din hund kan medbringes gratis i selve g\u00e6stehuset.&nbsp; DOG IKKE P\u00c5 V\u00c6RELSET P\u00c5 1. SALEN I TILBYGNINGEN.<\/p>\n<p>&#8211; din hund m\u00e5 ikke v\u00e6re i m\u00f8blerne og eller sengene<\/p>\n<p>&#8211; din hund m\u00e5 ikke v\u00e6re alene hjemme<\/p>\n<p>&#8211; Bes\u00f8rger din hund i g\u00e5rdhaverne bedes du fjerne det.<\/p>\n<p><u><b>Bad\/toilet:<\/b><\/u><\/p>\n<p>Bad og toilet er f\u00e6lles mellem de to v\u00e6relser i g\u00e6stehuset.&nbsp;<\/p>\n<p>V\u00e6relset p\u00e5 1. salen har f\u00e6lles toilet\/bad med 3 personer.<\/p>\n<p>Der er h\u00e5ndkl\u00e6de til vores g\u00e6ster, dog m\u00e5 h\u00e5ndkl\u00e6det ikke medbringes p\u00e5 stranden og vi anbefaler, at du selv medbringer et h\u00e5ndkl\u00e6de til strandbes\u00f8g.<\/p>\n<p>Vi er ikke et bed &amp; breakfast, men et g\u00e6stehus Derfor serveres der ikke morgenmad. Men der er rig mulighed i det komplette k\u00f8kken, at lave alle slags m\u00e5ltider. Vi har mange g\u00e6ster som selv laver deres m\u00e5ltider. Det er ikke alle som \u00f8nsker at g\u00e5 p\u00e5 restaurant.<\/p>\n<p><u><b>Meget vigtigt:<\/b><\/u> Kommer du i h\u00f8js\u00e6sonen, s\u00e5 beslut dig inden ankomst om du vil spise p\u00e5 restaurant og f\u00e5 bestilt bord. Der er mange turister p\u00e5 Fan\u00f8 i h\u00f8js\u00e6son.<\/p>\t\t\t\t\t\t\t\t<\/div>\n\t\t\t\t<\/div>\n\t\t\t\t\t<\/div>\n\t\t<\/div>\n\t\t\t\t\t<\/div>\n\t\t<\/section>\n\t\t\t\t<\/div>\n\t\t","protected":false},"excerpt":{"rendered":"<p>V\u00e6rd at vide: G\u00c6STEHUSET ER HELT BOOKET: Strikkefestival 2025 Vesterland 2025\u00a0 Betaling: Du betaler for dit ophold senest 8 dage F\u00d8R ankomst.\u00a0 Vestjysk bank: Reg. nr. 7606 Kontonummer: 0001543195 IBAN nr. DK4876060001543682 Mobilpay: 551355 Det bl\u00e5 g\u00e6stehus Bliver du forhindret indenfor 8 dage f\u00f8r din ankomstdato &#8211; skal du sende os en mail p\u00e5 kontakt@detblaagaestehus.dk [&hellip;]<\/p>\n","protected":false},"author":1,"featured_media":30803,"parent":0,"menu_order":0,"comment_status":"closed","ping_status":"closed","template":"","meta":{"footnotes":""},"class_list":["post-30521","page","type-page","status-publish","has-post-thumbnail","hentry"],"_links":{"self":[{"href":"https:\/\/detblaagaestehus.dk\/en\/wp-json\/wp\/v2\/pages\/30521","targetHints":{"allow":["GET"]}}],"collection":[{"href":"https:\/\/detblaagaestehus.dk\/en\/wp-json\/wp\/v2\/pages"}],"about":[{"href":"https:\/\/detblaagaestehus.dk\/en\/wp-json\/wp\/v2\/types\/page"}],"author":[{"embeddable":true,"href":"https:\/\/detblaagaestehus.dk\/en\/wp-json\/wp\/v2\/users\/1"}],"replies":[{"embeddable":true,"href":"https:\/\/detblaagaestehus.dk\/en\/wp-json\/wp\/v2\/comments?post=30521"}],"version-history":[{"count":115,"href":"https:\/\/detblaagaestehus.dk\/en\/wp-json\/wp\/v2\/pages\/30521\/revisions"}],"predecessor-version":[{"id":32226,"href":"https:\/\/detblaagaestehus.dk\/en\/wp-json\/wp\/v2\/pages\/30521\/revisions\/32226"}],"wp:featuredmedia":[{"embeddable":true,"href":"https:\/\/detblaagaestehus.dk\/en\/wp-json\/wp\/v2\/media\/30803"}],"wp:attachment":[{"href":"https:\/\/detblaagaestehus.dk\/en\/wp-json\/wp\/v2\/media?parent=30521"}],"curies":[{"name":"wp","href":"https:\/\/api.w.org\/{rel}","templated":true}]}}