{"id":30252,"date":"2022-06-15T14:03:11","date_gmt":"2022-06-15T12:03:11","guid":{"rendered":"https:\/\/udkast.net\/bla\/?page_id=30252"},"modified":"2024-12-30T05:26:27","modified_gmt":"2024-12-30T04:26:27","slug":"persondatapolitik","status":"publish","type":"page","link":"https:\/\/detblaagaestehus.dk\/en\/persondatapolitik\/","title":{"rendered":"Personal Data Policy"},"content":{"rendered":"<div data-elementor-type=\"wp-page\" data-elementor-id=\"30252\" class=\"elementor elementor-30252\" data-elementor-post-type=\"page\">\n\t\t\t\t\t\t<section class=\"elementor-section elementor-top-section elementor-element elementor-element-19e544c3 elementor-section-boxed elementor-section-height-default elementor-section-height-default\" data-id=\"19e544c3\" data-element_type=\"section\" data-e-type=\"section\">\n\t\t\t\t\t\t<div class=\"elementor-container elementor-column-gap-default\">\n\t\t\t\t\t<div class=\"elementor-column elementor-col-100 elementor-top-column elementor-element elementor-element-48175a32\" data-id=\"48175a32\" data-element_type=\"column\" data-e-type=\"column\">\n\t\t\t<div class=\"elementor-widget-wrap elementor-element-populated\">\n\t\t\t\t\t\t<div class=\"elementor-element elementor-element-7da0829c elementor-widget elementor-widget-text-editor\" data-id=\"7da0829c\" data-element_type=\"widget\" data-e-type=\"widget\" data-widget_type=\"text-editor.default\">\n\t\t\t\t<div class=\"elementor-widget-container\">\n\t\t\t\t\t\t\t\t\t<p><\/p>\n<p><b>Personal data policy at Det Bl\u00e5 G\u00e6stehus<\/b><\/p>\n<p><\/p>\n<p><\/p>\n<p>We only collect personal data in cases where this should be relevant to us, and we will only collect personal data if it is relevant to your activity at Det Bl\u00e5 G\u00e6stehus.<\/p>\n<p><\/p>\n<p><\/p>\n<p>When collecting, processing and using your personal data, we always comply with all relevant legal provisions.<\/p>\n<p><\/p>\n<p><\/p>\n<p>We will only store your personal data as long as we are either subject to a legal obligation to do so, or as long as it is relevant to the purpose for which it was collected.<\/p>\n<p><\/p>\n<p><\/p>\n<p><b>Information we collect<\/b><\/p>\n<p><\/p>\n<p><\/p>\n<p>If you want to buy accommodation \/ s from us, we need to collect certain personal data in order to complete the transaction and to be able to offer you our services. We may use cookies to keep track of the contents of your shopping cart while you use our webshop.<\/p>\n<p><\/p>\n<p><\/p>\n<p>We can obtain information such as name, email address, postal address, telephone number and payment information.<\/p>\n<p><\/p>\n<p><\/p>\n<p>\u201cDet Bl\u00e5 G\u00e6stehus\u201d collects and processes your personal data when you do the following:<\/p>\n<p><\/p>\n<p><\/p>\n<ul class=\"wp-block-list\">\n<li>Visit our website.<\/li>\n<li>Sends us questions, complaints or feedback.<\/li>\n<\/ul>\n<p><\/p>\n<p><\/p>\n<p><b><br>The data controller<\/b><\/p>\n<p><\/p>\n<p><\/p>\n<p>The data responsible for the collection, processing and use of your personal information on www.detblaagaestehus.dk is Det Bl\u00e5 G\u00e6stehus, Hovedgaden 56, 6720 Fan\u00f8, cvr no. 26444101<\/p>\n<p><\/p>\n<p><\/p>\n<p><span style=\"text-decoration: underline;\"><strong>Basis of treatment and purpose<\/strong><\/span><\/p>\n<p><\/p>\n<p><\/p>\n<p>Basis of treatment and purpose\nWe collect your general contact information such as name and address to provide the service that you have purchased from us. We will collect your e-mail address to send you an order confirmation and a confirmation of your booking.<\/p>\n<p><\/p>\n<p><\/p>\n<p>Your information (except your e-mail address, if you have consented to its processing for the purpose of receiving offers) will be deleted 1 month after you have had a stay with us.<\/p>\n<p><\/p>\n<p><\/p>\n<p><b><br>Other recipients of personal information<\/b><\/p>\n<p><\/p>\n<p><\/p>\n<p>We do not sell your personal data to third parties and we do not transfer your personal data to third countries.<\/p>\n<p><\/p>\n<p><\/p>\n<p>We have our website at Booking.com, which acts as our data processor. All personal data that you provide on our website will be stored in Booking.com's data centers.<\/p>\n<p><\/p>\n<p><\/p>\n<p>We use external companies as suppliers to deliver our services in the best possible way. These external suppliers are data processors and, in some cases, process personal data in connection with their provision of services to us. Our data processors only process personal data in accordance with our instructions and in accordance with the legal requirements for data processors.<\/p>\n<p><\/p>\n<p><\/p>\n<p>We have entered into data processor agreements with our data processors, which is our guarantee that they comply with applicable rules on the protection of your personal data.<\/p>\n<p><\/p>\n<p><\/p>\n<p><b><br>Your rights<\/b><\/p>\n<p><\/p>\n<p><\/p>\n<p>As the registered person, you have a number of rights, which we must ensure fulfillment at all times. You have the right to request us the following:<br>\u2022 To access and have your personal data corrected \/ changed<br>\u2022 To have personal data deleted<\/p>\n<p><\/p>\n<p><\/p>\n<p>In addition, you have the right to object to the processing of your personal data and you have the right to lodge a complaint with a data protection authority.<\/p>\n<p><\/p>\n<p><\/p>\n<p>\u00d8nsker du ikke l\u00e6ngere, at vi skal behandle dine personoplysninger, eller at vi skal begr\u00e6nse behandlingen af dine personoplysninger, kan du ogs\u00e5 sende os en anmodning herom til vores e-mailadresse kontakt@detblaagaestehus.dk<\/p><p><br><\/p>\n<p><\/p>\t\t\t\t\t\t\t\t<\/div>\n\t\t\t\t<\/div>\n\t\t\t\t\t<\/div>\n\t\t<\/div>\n\t\t\t\t\t<\/div>\n\t\t<\/section>\n\t\t\t\t<\/div>","protected":false},"excerpt":{"rendered":"<p>Persondatapolitik hos Det Bl\u00e5 G\u00e6stehus Vi indhenter kun persondata i de tilf\u00e6lde, hvor dette skulle v\u00e6re relevant for os, og vi vil kun indhente persondata, hvis det er relevant for din aktivitet hos Det Bl\u00e5 G\u00e6stehus. Ved indsamling, behandling og anvendelse af dine persondata overholder vi altid alle relevante lovbestemmelser. Vi vil kun opbevare dine [&hellip;]<\/p>\n","protected":false},"author":1,"featured_media":0,"parent":0,"menu_order":0,"comment_status":"closed","ping_status":"closed","template":"","meta":{"footnotes":""},"class_list":["post-30252","page","type-page","status-publish","hentry"],"_links":{"self":[{"href":"https:\/\/detblaagaestehus.dk\/en\/wp-json\/wp\/v2\/pages\/30252","targetHints":{"allow":["GET"]}}],"collection":[{"href":"https:\/\/detblaagaestehus.dk\/en\/wp-json\/wp\/v2\/pages"}],"about":[{"href":"https:\/\/detblaagaestehus.dk\/en\/wp-json\/wp\/v2\/types\/page"}],"author":[{"embeddable":true,"href":"https:\/\/detblaagaestehus.dk\/en\/wp-json\/wp\/v2\/users\/1"}],"replies":[{"embeddable":true,"href":"https:\/\/detblaagaestehus.dk\/en\/wp-json\/wp\/v2\/comments?post=30252"}],"version-history":[{"count":16,"href":"https:\/\/detblaagaestehus.dk\/en\/wp-json\/wp\/v2\/pages\/30252\/revisions"}],"predecessor-version":[{"id":32115,"href":"https:\/\/detblaagaestehus.dk\/en\/wp-json\/wp\/v2\/pages\/30252\/revisions\/32115"}],"wp:attachment":[{"href":"https:\/\/detblaagaestehus.dk\/en\/wp-json\/wp\/v2\/media?parent=30252"}],"curies":[{"name":"wp","href":"https:\/\/api.w.org\/{rel}","templated":true}]}}