{"id":30228,"date":"2022-06-14T22:33:21","date_gmt":"2022-06-14T20:33:21","guid":{"rendered":"https:\/\/udkast.net\/bla\/?page_id=30228"},"modified":"2022-07-03T18:08:35","modified_gmt":"2022-07-03T16:08:35","slug":"handelsbetingelser","status":"publish","type":"page","link":"https:\/\/detblaagaestehus.dk\/en\/handelsbetingelser\/","title":{"rendered":"Terms"},"content":{"rendered":"<div data-elementor-type=\"wp-page\" data-elementor-id=\"30228\" class=\"elementor elementor-30228\" data-elementor-post-type=\"page\">\n\t\t\t\t\t\t<section class=\"elementor-section elementor-top-section elementor-element elementor-element-7ca98679 elementor-section-boxed elementor-section-height-default elementor-section-height-default\" data-id=\"7ca98679\" data-element_type=\"section\" data-e-type=\"section\">\n\t\t\t\t\t\t<div class=\"elementor-container elementor-column-gap-default\">\n\t\t\t\t\t<div class=\"elementor-column elementor-col-100 elementor-top-column elementor-element elementor-element-676c97aa\" data-id=\"676c97aa\" data-element_type=\"column\" data-e-type=\"column\">\n\t\t\t<div class=\"elementor-widget-wrap elementor-element-populated\">\n\t\t\t\t\t\t<div class=\"elementor-element elementor-element-1f795f8e elementor-widget elementor-widget-text-editor\" data-id=\"1f795f8e\" data-element_type=\"widget\" data-e-type=\"widget\" data-widget_type=\"text-editor.default\">\n\t\t\t\t<div class=\"elementor-widget-container\">\n\t\t\t\t\t\t\t\t\t<p><\/p>\n<p><b>Terms and Conditions:<\/b><\/p>\n<p><\/p>\n<p><\/p>\n<p>Our guests and us agree on the terms of the room rental. The name of the rental property is \"Det Bl\u00e5 G\u00e6stehus\" CVR. No. 26444101 with whom you enter into an agreement. This will be stated in your booking confirmation.<\/p>\n<p><\/p>\n<p><\/p>\n<p><b><br \/>Booking Conditions:<\/b><\/p>\n<p><\/p>\n<p><\/p>\n<p>Once you have booked accommodation in The Blue Guest House, your booking is binding the moment you have received a booking reference.<\/p>\n<p><\/p>\n<p><\/p>\n<p>When making a booking, you must provide your name, mobile number, address, email address, when you arrive and when you depart and finally your payment method.<\/p>\n<p><\/p>\n<p><\/p>\n<p>Different prices apply in relation to what you want for an overnight stay and how many people you come.<\/p>\n<p><\/p>\n<p><\/p>\n<p>Only people over the age of 18 can make reservations and children\/young people under the age of 18 cannot stay overnight unless they are according to an adult.<\/p>\n<p><\/p>\n<p><\/p>\n<p><b><br \/>Arrival and departure:<\/b><\/p>\n<p><\/p>\n<p><\/p>\n<p>Arrival can be made between 4-9 pm. we can agree among themselves on a time of arrival if it is later than 21 o'clock.<\/p>\n<p><\/p>\n<p><\/p>\n<p>The departure time is individual but must be before 12 o'clock on the day of departure.<\/p>\n<p><\/p>\n<p><\/p>\n<p><b><br \/>Cancellation and no-show:<\/b><\/p>\n<p><\/p>\n<p><\/p>\n<p>You are free to cancel your booking until 8 days before arrival free of charge.<\/p>\n<p><\/p>\n<p><\/p>\n<p>If you fail to appear without prior arrangement or if you cancel your stay within 8 days before arrival \u2013 you will be charged full for your booking.<\/p>\n<p><\/p>\n<p><\/p>\n<p><b><br \/>Payment terms<\/b><\/p>\n<p><\/p>\n<p><\/p>\n<p>There is an online credit card payment for booking in The Blue Guest House. Your stay will be paid upon the upcoming online booking. However, the amount will not be charged to your account until 8 days before arrival.<\/p>\n<p><\/p>\n<p><\/p>\n<p>Processing of personal data.<\/p>\n<p><\/p>\n<p><\/p>\n<p>The blue guesthouse processes personal data provided by guests who use our accommodation.<\/p>\n<p><\/p>\n<p><\/p>\n<p>The Blue Guest House is responsible for personal data relating to your booking and protects your personal data in the best possible way. By agreeing to our terms, you agree to our use of your personal information.<\/p>\n<p><\/p>\n<p><\/p>\n<p>Personal information is not shared with others and the collection and processing of personal information is protected in the best possible way.<\/p>\n<p><\/p>\n<p><\/p>\n<p>The Blue Guest House respects personal data in accordance with the applicable national legislation in Denmark.<\/p>\n<p><span style=\"text-decoration: underline;\"><strong>Terms:<\/strong><\/span><\/p>\n<p><\/p>\n<p><\/p>\n<p><\/p>\n<p><\/p>\n<p><\/p>\n<p><\/p>\n<p>Terms and conditions at Det Bl\u00e5 G\u00e6stehus<br \/>General information<\/p>\n<p><\/p>\n<p><\/p>\n<p>Det bl\u00e5 G\u00e6stehus<br \/>Road: Hovedgaden 56<br \/>6720 Fan\u00f8<br \/>CVR nr.: 26444101<br \/>Phone: +45 26110696<br \/>E-mail: familienfrank@bbsyd.dk<\/p>\n<p><\/p>\n<p><\/p>\n<p><b><br \/>Prices<\/b><\/p>\n<p><\/p>\n<p><\/p>\n<p>At Det Bl\u00e5 G\u00e6stehus all prices are in Danish kroner and stated incl. VAT and taxes. We reserve the right to change prices from day to day without prior consent. Reservations are made for sold out rooms.<\/p>\n<p><\/p>\n<p><\/p>\n<p><b><br \/>Payment<\/b><\/p>\n<p><\/p>\n<p><\/p>\n<p>Det Bl\u00e5 G\u00e6stehus accepts payment by VISA-Dankort, VISA, VISA Electron, Mastercard, PayPal, MobilePay, Bank Transfer. If you make use of a payment card, the payment will only be deducted from your account 8 days before your arrival. All amounts are in Danish kroner and incl. VAT. Reservations are made for pricing errors and sold-out rooms.<\/p>\n<p><\/p>\n<p><\/p>\n<p><\/p>\n<p><\/p>\n<p><\/p>\n<p><\/p>\n<p><b>Refund<\/b><\/p>\n<p><\/p>\n<p><\/p>\n<p>In the case of a refund, please include in your written enquiry the bank information in the form of reg. no. and account number so that the agreed amount can be transferred. This information can be provided without risk by mail or other electronic form, as it is not sensitive information and will only be used for our fulfillment of the refund.<\/p>\n<p><\/p>\n<p><\/p>\n<p><b><br \/>Right of withdrawal and refund:<\/b><\/p>\n<p><\/p>\n<p><\/p>\n<p>You have the right of withdrawal until 8 days before your arrival.<\/p>\n<p>Your booking will be fully refunded if you cancel before the 8th day before your arrival.\u00a0<\/p>\n<p>If you cancel your stay where there is less than 8 days before you are due to arrive for your stay, the full amount will be charged to your credit card.  This means that if you have less than 8 days to arrive and wish to cancel your stay, you will not be able to get a refund of your booking.<\/p>\n<p><\/p>\n<p><\/p>\n<p><\/p>\n<p><\/p>\n<p><\/p>\n<p><\/p>\n<p><\/p>\n<p><\/p>\n<p><\/p>\n<p><\/p>\n<p><\/p>\n<p><\/p>\n<p><\/p>\n<p><\/p>\n<p><\/p>\n<p><\/p>\n<p><\/p>\n<p><\/p>\n<p><\/p>\n<p><\/p>\n<p><\/p>\n<p><\/p>\n<p><\/p>\n<p><\/p>\n<p>\u00a0<b>Personal Data Policy<\/b><\/p>\n<p><\/p>\n<p><\/p>\n<p>For you to enter into an agreement with us and act on our website, we need the following information about you:<\/p>\n<p><\/p>\n<p><\/p>\n<p>Name<br \/>Address<br \/>Telephone number<br \/>Email address<br \/>Information about what you have booked<\/p>\n<p><\/p>\n<p><\/p>\n<p>We process your personal data for the purpose of being able to offer you accommodation to you and to be able to process inquiries from you. The processing takes place in accordance with the rules in our personal data policy for Det Bl\u00e5 G\u00e6stehus. Here you can read more about how your information is processed, when it is deleted and what rights you have as a data subject.<\/p>\n<p><\/p>\n<p><\/p>\n<p><b>Best regards,<br \/><br \/><\/b><\/p>\n<p>Lone<\/p>\n<p>The Blue Guest House<\/p>\n<p><\/p>\n<p><\/p>\n<p><\/p>\n<p><\/p>\n<p><\/p>\t\t\t\t\t\t\t\t<\/div>\n\t\t\t\t<\/div>\n\t\t\t\t\t<\/div>\n\t\t<\/div>\n\t\t\t\t\t<\/div>\n\t\t<\/section>\n\t\t\t\t<\/div>","protected":false},"excerpt":{"rendered":"<p>Vilk\u00e5r og betingelser: Vores g\u00e6ster og os aftaler vilk\u00e5rene for v\u00e6relsesudlejningen. Navnet p\u00e5 udlejningsstedet er \u201dDet Bl\u00e5 G\u00e6stehus\u201d CVR. Nr. 26444101 med hvem du indg\u00e5r aftale med. Dette vil fremg\u00e5 af din bookingsbekr\u00e6ftelse. Betingelser for booking: N\u00e5r du har booket overnatning i Det bl\u00e5 g\u00e6stehus er din booking bindende i det \u00f8jeblik du har modtaget [&hellip;]<\/p>\n","protected":false},"author":1,"featured_media":0,"parent":0,"menu_order":0,"comment_status":"closed","ping_status":"closed","template":"","meta":{"footnotes":""},"class_list":["post-30228","page","type-page","status-publish","hentry"],"_links":{"self":[{"href":"https:\/\/detblaagaestehus.dk\/en\/wp-json\/wp\/v2\/pages\/30228","targetHints":{"allow":["GET"]}}],"collection":[{"href":"https:\/\/detblaagaestehus.dk\/en\/wp-json\/wp\/v2\/pages"}],"about":[{"href":"https:\/\/detblaagaestehus.dk\/en\/wp-json\/wp\/v2\/types\/page"}],"author":[{"embeddable":true,"href":"https:\/\/detblaagaestehus.dk\/en\/wp-json\/wp\/v2\/users\/1"}],"replies":[{"embeddable":true,"href":"https:\/\/detblaagaestehus.dk\/en\/wp-json\/wp\/v2\/comments?post=30228"}],"version-history":[{"count":14,"href":"https:\/\/detblaagaestehus.dk\/en\/wp-json\/wp\/v2\/pages\/30228\/revisions"}],"predecessor-version":[{"id":30688,"href":"https:\/\/detblaagaestehus.dk\/en\/wp-json\/wp\/v2\/pages\/30228\/revisions\/30688"}],"wp:attachment":[{"href":"https:\/\/detblaagaestehus.dk\/en\/wp-json\/wp\/v2\/media?parent=30228"}],"curies":[{"name":"wp","href":"https:\/\/api.w.org\/{rel}","templated":true}]}}