{"id":30157,"date":"2022-06-13T14:22:31","date_gmt":"2022-06-13T12:22:31","guid":{"rendered":"https:\/\/udkast.net\/bla\/gaardhaverne-2\/"},"modified":"2023-09-12T12:55:18","modified_gmt":"2023-09-12T10:55:18","slug":"gaestehuset-faellesarealer","status":"publish","type":"page","link":"https:\/\/detblaagaestehus.dk\/en\/gaestehuset-faellesarealer\/","title":{"rendered":"The guesthouse \u2013 Common areas"},"content":{"rendered":"\t\t<div data-elementor-type=\"wp-page\" data-elementor-id=\"30157\" class=\"elementor elementor-30157\" data-elementor-post-type=\"page\">\n\t\t\t\t\t\t<section class=\"elementor-section elementor-top-section elementor-element elementor-element-e6dff7f elementor-section-boxed elementor-section-height-default elementor-section-height-default\" data-id=\"e6dff7f\" data-element_type=\"section\" data-e-type=\"section\" data-settings=\"{&quot;background_background&quot;:&quot;classic&quot;}\">\n\t\t\t\t\t\t<div class=\"elementor-container elementor-column-gap-default\">\n\t\t\t\t\t<div class=\"elementor-column elementor-col-50 elementor-top-column elementor-element elementor-element-05dc67a elementor-invisible\" data-id=\"05dc67a\" data-element_type=\"column\" data-e-type=\"column\" data-settings=\"{&quot;background_background&quot;:&quot;classic&quot;,&quot;animation&quot;:&quot;fadeInLeft&quot;}\">\n\t\t\t<div class=\"elementor-widget-wrap elementor-element-populated\">\n\t\t\t\t\t\t<div class=\"elementor-element elementor-element-325e7c9 elementor-widget elementor-widget-text-editor\" data-id=\"325e7c9\" data-element_type=\"widget\" data-e-type=\"widget\" data-widget_type=\"text-editor.default\">\n\t\t\t\t<div class=\"elementor-widget-container\">\n\t\t\t\t\t\t\t\t\t<p>NYT TOILET OG BAD FACILITETER &#8211; FEBRUAR 2023.<\/p><p>Toilet og bad er f\u00e6lles mellem de 2 v\u00e6relser.<\/p><p>Der er et stort spisek\u00f8kken med alt tilbeh\u00f8r. Der er en spisekrog hvor der kan sidde 6 personer og spise.<\/p><p>Der er tillige et mindre spisebord i hvert af de to dobbeltv\u00e6relser.<\/p><p>Der er opvaskemaskine, k\u00f8leskab, kogeplader, ovn, emh\u00e6tte, br\u00f8drister, kaffemaskine, elkoger, gryder, pander, mikro b\u00f8lgeovn.<\/p><p>F\u00e6llesstuen er stor. Der er br\u00e6ndeovn, sofagruppe, fladsk\u00e6rms tv. Der er ogs\u00e5 fladsk\u00e6rm p\u00e5 begge v\u00e6relser.<\/p>\t\t\t\t\t\t\t\t<\/div>\n\t\t\t\t<\/div>\n\t\t\t\t\t<\/div>\n\t\t<\/div>\n\t\t\t\t<div class=\"elementor-column elementor-col-50 elementor-top-column elementor-element elementor-element-2aa83ac elementor-invisible\" data-id=\"2aa83ac\" data-element_type=\"column\" data-e-type=\"column\" data-settings=\"{&quot;background_background&quot;:&quot;slideshow&quot;,&quot;animation&quot;:&quot;fadeInUp&quot;,&quot;background_slideshow_gallery&quot;:[{&quot;id&quot;:31745,&quot;url&quot;:&quot;https:\\\/\\\/detblaagaestehus.dk\\\/wp-content\\\/uploads\\\/2023\\\/02\\\/20230208_191059-rotated.jpg&quot;},{&quot;id&quot;:31746,&quot;url&quot;:&quot;https:\\\/\\\/detblaagaestehus.dk\\\/wp-content\\\/uploads\\\/2023\\\/02\\\/20230208_191112-rotated.jpg&quot;},{&quot;id&quot;:31747,&quot;url&quot;:&quot;https:\\\/\\\/detblaagaestehus.dk\\\/wp-content\\\/uploads\\\/2023\\\/02\\\/20230208_191131-rotated.jpg&quot;},{&quot;id&quot;:30489,&quot;url&quot;:&quot;https:\\\/\\\/detblaagaestehus.dk\\\/wp-content\\\/uploads\\\/2022\\\/06\\\/20220310_181329-2-scaled.jpg&quot;},{&quot;id&quot;:31754,&quot;url&quot;:&quot;https:\\\/\\\/detblaagaestehus.dk\\\/wp-content\\\/uploads\\\/2023\\\/02\\\/20230210_123344-rotated.jpg&quot;},{&quot;id&quot;:31755,&quot;url&quot;:&quot;https:\\\/\\\/detblaagaestehus.dk\\\/wp-content\\\/uploads\\\/2023\\\/02\\\/20230210_123401-rotated.jpg&quot;},{&quot;id&quot;:31749,&quot;url&quot;:&quot;https:\\\/\\\/detblaagaestehus.dk\\\/wp-content\\\/uploads\\\/2023\\\/02\\\/20230208_191145-1-rotated.jpg&quot;},{&quot;id&quot;:31756,&quot;url&quot;:&quot;https:\\\/\\\/detblaagaestehus.dk\\\/wp-content\\\/uploads\\\/2023\\\/02\\\/20230210_123418-rotated.jpg&quot;},{&quot;id&quot;:31757,&quot;url&quot;:&quot;https:\\\/\\\/detblaagaestehus.dk\\\/wp-content\\\/uploads\\\/2023\\\/02\\\/20230210_123549-rotated.jpg&quot;},{&quot;id&quot;:31758,&quot;url&quot;:&quot;https:\\\/\\\/detblaagaestehus.dk\\\/wp-content\\\/uploads\\\/2023\\\/02\\\/xx-rotated.jpg&quot;},{&quot;id&quot;:30048,&quot;url&quot;:&quot;https:\\\/\\\/detblaagaestehus.dk\\\/wp-content\\\/uploads\\\/2022\\\/06\\\/emhoette.jpeg&quot;},{&quot;id&quot;:30639,&quot;url&quot;:&quot;https:\\\/\\\/detblaagaestehus.dk\\\/wp-content\\\/uploads\\\/2022\\\/07\\\/koekkenvask.jpg&quot;},{&quot;id&quot;:30477,&quot;url&quot;:&quot;https:\\\/\\\/detblaagaestehus.dk\\\/wp-content\\\/uploads\\\/2022\\\/06\\\/20220310_181310-scaled.jpg&quot;},{&quot;id&quot;:30481,&quot;url&quot;:&quot;https:\\\/\\\/detblaagaestehus.dk\\\/wp-content\\\/uploads\\\/2022\\\/06\\\/20220401_132527-002.jpg&quot;},{&quot;id&quot;:30486,&quot;url&quot;:&quot;https:\\\/\\\/detblaagaestehus.dk\\\/wp-content\\\/uploads\\\/2022\\\/06\\\/20210321_150319-scaled.jpg&quot;},{&quot;id&quot;:29999,&quot;url&quot;:&quot;https:\\\/\\\/detblaagaestehus.dk\\\/wp-content\\\/uploads\\\/2022\\\/06\\\/20220310_180658.jpeg&quot;},{&quot;id&quot;:30480,&quot;url&quot;:&quot;https:\\\/\\\/detblaagaestehus.dk\\\/wp-content\\\/uploads\\\/2022\\\/06\\\/20220310_180648-scaled.jpg&quot;},{&quot;id&quot;:30482,&quot;url&quot;:&quot;https:\\\/\\\/detblaagaestehus.dk\\\/wp-content\\\/uploads\\\/2022\\\/06\\\/20220401_132255-002-rotated.jpg&quot;},{&quot;id&quot;:30483,&quot;url&quot;:&quot;https:\\\/\\\/detblaagaestehus.dk\\\/wp-content\\\/uploads\\\/2022\\\/06\\\/20220405_165951-rotated.jpg&quot;},{&quot;id&quot;:30485,&quot;url&quot;:&quot;https:\\\/\\\/detblaagaestehus.dk\\\/wp-content\\\/uploads\\\/2022\\\/06\\\/20220405_170030-rotated.jpg&quot;}],&quot;background_slideshow_slide_duration&quot;:3000,&quot;background_slideshow_slide_transition&quot;:&quot;slide_left&quot;,&quot;background_slideshow_transition_duration&quot;:400,&quot;background_slideshow_ken_burns&quot;:&quot;yes&quot;,&quot;background_slideshow_loop&quot;:&quot;yes&quot;,&quot;background_slideshow_ken_burns_zoom_direction&quot;:&quot;in&quot;}\">\n\t\t\t<div class=\"elementor-widget-wrap elementor-element-populated\">\n\t\t\t\t\t\t<div class=\"elementor-element elementor-element-1788001 elementor-widget elementor-widget-spacer\" data-id=\"1788001\" data-element_type=\"widget\" data-e-type=\"widget\" data-widget_type=\"spacer.default\">\n\t\t\t\t<div class=\"elementor-widget-container\">\n\t\t\t\t\t\t\t<div class=\"elementor-spacer\">\n\t\t\t<div class=\"elementor-spacer-inner\"><\/div>\n\t\t<\/div>\n\t\t\t\t\t\t<\/div>\n\t\t\t\t<\/div>\n\t\t\t\t\t<\/div>\n\t\t<\/div>\n\t\t\t\t\t<\/div>\n\t\t<\/section>\n\t\t\t\t<section class=\"elementor-section elementor-top-section elementor-element elementor-element-d500469 elementor-reverse-mobile elementor-reverse-tablet elementor-section-boxed elementor-section-height-default elementor-section-height-default\" data-id=\"d500469\" data-element_type=\"section\" data-e-type=\"section\" data-settings=\"{&quot;background_background&quot;:&quot;classic&quot;}\">\n\t\t\t\t\t\t<div class=\"elementor-container elementor-column-gap-default\">\n\t\t\t\t\t<div class=\"elementor-column elementor-col-50 elementor-top-column elementor-element elementor-element-0d3dd4b elementor-invisible\" data-id=\"0d3dd4b\" data-element_type=\"column\" data-e-type=\"column\" data-settings=\"{&quot;background_background&quot;:&quot;slideshow&quot;,&quot;animation&quot;:&quot;fadeInUp&quot;,&quot;background_slideshow_gallery&quot;:[{&quot;id&quot;:30091,&quot;url&quot;:&quot;https:\\\/\\\/detblaagaestehus.dk\\\/wp-content\\\/uploads\\\/2022\\\/06\\\/287476666.jpeg&quot;},{&quot;id&quot;:30054,&quot;url&quot;:&quot;https:\\\/\\\/detblaagaestehus.dk\\\/wp-content\\\/uploads\\\/2022\\\/06\\\/18c-1.jpeg&quot;},{&quot;id&quot;:30586,&quot;url&quot;:&quot;https:\\\/\\\/detblaagaestehus.dk\\\/wp-content\\\/uploads\\\/2022\\\/07\\\/19.jpg&quot;}],&quot;background_slideshow_transition_duration&quot;:100,&quot;background_slideshow_loop&quot;:&quot;yes&quot;,&quot;background_slideshow_slide_duration&quot;:5000,&quot;background_slideshow_slide_transition&quot;:&quot;fade&quot;}\">\n\t\t\t<div class=\"elementor-widget-wrap elementor-element-populated\">\n\t\t\t\t\t\t<div class=\"elementor-element elementor-element-0e0b2da elementor-widget elementor-widget-spacer\" data-id=\"0e0b2da\" data-element_type=\"widget\" data-e-type=\"widget\" data-widget_type=\"spacer.default\">\n\t\t\t\t<div class=\"elementor-widget-container\">\n\t\t\t\t\t\t\t<div class=\"elementor-spacer\">\n\t\t\t<div class=\"elementor-spacer-inner\"><\/div>\n\t\t<\/div>\n\t\t\t\t\t\t<\/div>\n\t\t\t\t<\/div>\n\t\t\t\t\t<\/div>\n\t\t<\/div>\n\t\t\t\t<div class=\"elementor-column elementor-col-50 elementor-top-column elementor-element elementor-element-0a91301 elementor-invisible\" data-id=\"0a91301\" data-element_type=\"column\" data-e-type=\"column\" data-settings=\"{&quot;background_background&quot;:&quot;classic&quot;,&quot;animation&quot;:&quot;fadeInRight&quot;}\">\n\t\t\t<div class=\"elementor-widget-wrap elementor-element-populated\">\n\t\t\t\t\t\t<div class=\"elementor-element elementor-element-6a219ed elementor-widget elementor-widget-text-editor\" data-id=\"6a219ed\" data-element_type=\"widget\" data-e-type=\"widget\" data-widget_type=\"text-editor.default\">\n\t\t\t\t<div class=\"elementor-widget-container\">\n\t\t\t\t\t\t\t\t\t<p>G\u00e6stehuset har 2 g\u00e5rdhaver. Den ene er ved indgangen til g\u00e6stehuset. Dejligt sted, hvor man kan nyde sin aftensmad eller en kop kaffe. Denne g\u00e5rdhave ligger p\u00e5 nordsiden af g\u00e6stehuset. Der er sol indtil klokken 11. Men p\u00e5 sydsiden af g\u00e6stehuset ligger den store g\u00e5rdhave med masser af blomster.<\/p>\t\t\t\t\t\t\t\t<\/div>\n\t\t\t\t<\/div>\n\t\t\t\t\t<\/div>\n\t\t<\/div>\n\t\t\t\t\t<\/div>\n\t\t<\/section>\n\t\t\t\t<\/div>\n\t\t","protected":false},"excerpt":{"rendered":"<p>NYT TOILET OG BAD FACILITETER &#8211; FEBRUAR 2023. Toilet og bad er f\u00e6lles mellem de 2 v\u00e6relser. Der er et stort spisek\u00f8kken med alt tilbeh\u00f8r. Der er en spisekrog hvor der kan sidde 6 personer og spise. Der er tillige et mindre spisebord i hvert af de to dobbeltv\u00e6relser. Der er opvaskemaskine, k\u00f8leskab, kogeplader, ovn, [&hellip;]<\/p>\n","protected":false},"author":1,"featured_media":30845,"parent":0,"menu_order":0,"comment_status":"closed","ping_status":"closed","template":"","meta":{"footnotes":""},"class_list":["post-30157","page","type-page","status-publish","has-post-thumbnail","hentry"],"_links":{"self":[{"href":"https:\/\/detblaagaestehus.dk\/en\/wp-json\/wp\/v2\/pages\/30157","targetHints":{"allow":["GET"]}}],"collection":[{"href":"https:\/\/detblaagaestehus.dk\/en\/wp-json\/wp\/v2\/pages"}],"about":[{"href":"https:\/\/detblaagaestehus.dk\/en\/wp-json\/wp\/v2\/types\/page"}],"author":[{"embeddable":true,"href":"https:\/\/detblaagaestehus.dk\/en\/wp-json\/wp\/v2\/users\/1"}],"replies":[{"embeddable":true,"href":"https:\/\/detblaagaestehus.dk\/en\/wp-json\/wp\/v2\/comments?post=30157"}],"version-history":[{"count":79,"href":"https:\/\/detblaagaestehus.dk\/en\/wp-json\/wp\/v2\/pages\/30157\/revisions"}],"predecessor-version":[{"id":32010,"href":"https:\/\/detblaagaestehus.dk\/en\/wp-json\/wp\/v2\/pages\/30157\/revisions\/32010"}],"wp:featuredmedia":[{"embeddable":true,"href":"https:\/\/detblaagaestehus.dk\/en\/wp-json\/wp\/v2\/media\/30845"}],"wp:attachment":[{"href":"https:\/\/detblaagaestehus.dk\/en\/wp-json\/wp\/v2\/media?parent=30157"}],"curies":[{"name":"wp","href":"https:\/\/api.w.org\/{rel}","templated":true}]}}