{"id":30155,"date":"2022-06-13T14:22:12","date_gmt":"2022-06-13T12:22:12","guid":{"rendered":"https:\/\/udkast.net\/bla\/gaardhaverne-2\/"},"modified":"2024-12-30T05:37:00","modified_gmt":"2024-12-30T04:37:00","slug":"vaerd-at-se","status":"publish","type":"page","link":"https:\/\/detblaagaestehus.dk\/en\/vaerd-at-se\/","title":{"rendered":"Worth A Look"},"content":{"rendered":"\t\t<div data-elementor-type=\"wp-page\" data-elementor-id=\"30155\" class=\"elementor elementor-30155\" data-elementor-post-type=\"page\">\n\t\t\t\t\t\t<section class=\"elementor-section elementor-top-section elementor-element elementor-element-4598a4b elementor-section-boxed elementor-section-height-default elementor-section-height-default\" data-id=\"4598a4b\" data-element_type=\"section\" data-e-type=\"section\" data-settings=\"{&quot;background_background&quot;:&quot;classic&quot;}\">\n\t\t\t\t\t\t<div class=\"elementor-container elementor-column-gap-default\">\n\t\t\t\t\t<div class=\"elementor-column elementor-col-50 elementor-top-column elementor-element elementor-element-a281796 elementor-invisible\" data-id=\"a281796\" data-element_type=\"column\" data-e-type=\"column\" data-settings=\"{&quot;background_background&quot;:&quot;classic&quot;,&quot;animation&quot;:&quot;fadeInLeft&quot;}\">\n\t\t\t<div class=\"elementor-widget-wrap elementor-element-populated\">\n\t\t\t\t\t\t<div class=\"elementor-element elementor-element-bafcf8b elementor-widget elementor-widget-heading\" data-id=\"bafcf8b\" data-element_type=\"widget\" data-e-type=\"widget\" data-widget_type=\"heading.default\">\n\t\t\t\t<div class=\"elementor-widget-container\">\n\t\t\t\t\t<h2 class=\"elementor-heading-title elementor-size-default\">Fan\u00f8 - en naturperle\ni Nationalpark Vadehavet<\/h2>\t\t\t\t<\/div>\n\t\t\t\t<\/div>\n\t\t\t\t<div class=\"elementor-element elementor-element-2d33f26 elementor-widget elementor-widget-text-editor\" data-id=\"2d33f26\" data-element_type=\"widget\" data-e-type=\"widget\" data-widget_type=\"text-editor.default\">\n\t\t\t\t<div class=\"elementor-widget-container\">\n\t\t\t\t\t\t\t\t\t<p>Fan\u00f8 er bare helt unik &#8211; her har du mulighed for at f\u00e5 store naturoplevelser.<br \/>Fan\u00f8 er 13 km lang og blot 56 km2 stor. Der bor ca. 3500 borgere p\u00e5 \u00f8en &#8211; \u00e5ret rundt.<\/p><p>Fan\u00f8 er rav, strand, drager, s\u00e6l- og \u00f8sters safari, krabbejagt, kite-buggy, surf, kajak, s\u00f8fartshistorier, specialiteter, lokale r\u00e5varer, naturoplevelser, kultur, kunst, fodboldsgolf, minigolf, golf, fisketure, late-night og meget mere.\u00a0<\/p><p>Vores strand er fantastisk. Der er plads til udfoldelser af enhver art. Boldspil, drageflyvning, kite-buggy &#8211; listen er lang. Du kan cykle eller k\u00f8re langs stranden fra Fan\u00f8 Bad og til S\u00f8nderho som er Fan\u00f8`s sydligste by &#8211; en str\u00e6kning p\u00e5 ca. 8-9 km p\u00e5 en kridhvid sandstrand.<\/p>\t\t\t\t\t\t\t\t<\/div>\n\t\t\t\t<\/div>\n\t\t\t\t\t<\/div>\n\t\t<\/div>\n\t\t\t\t<div class=\"elementor-column elementor-col-50 elementor-top-column elementor-element elementor-element-2ce0d97 elementor-invisible\" data-id=\"2ce0d97\" data-element_type=\"column\" data-e-type=\"column\" data-settings=\"{&quot;background_background&quot;:&quot;slideshow&quot;,&quot;animation&quot;:&quot;fadeInUp&quot;,&quot;background_slideshow_gallery&quot;:[{&quot;id&quot;:30410,&quot;url&quot;:&quot;https:\\\/\\\/detblaagaestehus.dk\\\\\\\/wp-content\\\/uploads\\\/2022\\\/06\\\/berlin-og-allans-bryllup-007-scaled.jpg&quot;},{&quot;id&quot;:30420,&quot;url&quot;:&quot;https:\\\/\\\/detblaagaestehus.dk\\\\\\\/wp-content\\\/uploads\\\/2022\\\/06\\\/IMG_1603-00000002-scaled.jpg&quot;},{&quot;id&quot;:30412,&quot;url&quot;:&quot;https:\\\/\\\/detblaagaestehus.dk\\\\\\\/wp-content\\\/uploads\\\/2022\\\/06\\\/DSC_0036-scaled.jpg&quot;},{&quot;id&quot;:30419,&quot;url&quot;:&quot;https:\\\/\\\/detblaagaestehus.dk\\\\\\\/wp-content\\\/uploads\\\/2022\\\/06\\\/DSC_0178-scaled.jpg&quot;},{&quot;id&quot;:30405,&quot;url&quot;:&quot;https:\\\/\\\/detblaagaestehus.dk\\\\\\\/wp-content\\\/uploads\\\/2022\\\/06\\\/20210628_084046-scaled.jpg&quot;},{&quot;id&quot;:30399,&quot;url&quot;:&quot;https:\\\/\\\/detblaagaestehus.dk\\\\\\\/wp-content\\\/uploads\\\/2022\\\/06\\\/Fanikkerdage-2-scaled.jpg&quot;},{&quot;id&quot;:30408,&quot;url&quot;:&quot;https:\\\/\\\/detblaagaestehus.dk\\\\\\\/wp-content\\\/uploads\\\/2022\\\/06\\\/110720111460-scaled.jpg&quot;},{&quot;id&quot;:30398,&quot;url&quot;:&quot;https:\\\/\\\/detblaagaestehus.dk\\\\\\\/wp-content\\\/uploads\\\/2022\\\/06\\\/Dragefestival.jpg&quot;},{&quot;id&quot;:30390,&quot;url&quot;:&quot;https:\\\/\\\/detblaagaestehus.dk\\\\\\\/wp-content\\\/uploads\\\/2022\\\/06\\\/20210417_152545-scaled.jpg&quot;},{&quot;id&quot;:30403,&quot;url&quot;:&quot;https:\\\/\\\/detblaagaestehus.dk\\\\\\\/wp-content\\\/uploads\\\/2022\\\/06\\\/20210116_120638-scaled.jpg&quot;},{&quot;id&quot;:30407,&quot;url&quot;:&quot;https:\\\/\\\/detblaagaestehus.dk\\\\\\\/wp-content\\\/uploads\\\/2022\\\/06\\\/20210903_065111-scaled.jpg&quot;},{&quot;id&quot;:30402,&quot;url&quot;:&quot;https:\\\/\\\/detblaagaestehus.dk\\\\\\\/wp-content\\\/uploads\\\/2022\\\/06\\\/1079154_10200992226121630_354582562_n.jpg&quot;},{&quot;id&quot;:30395,&quot;url&quot;:&quot;https:\\\/\\\/detblaagaestehus.dk\\\\\\\/wp-content\\\/uploads\\\/2022\\\/06\\\/FB_IMG_1625731935892.jpg&quot;}],&quot;background_slideshow_loop&quot;:&quot;yes&quot;,&quot;background_slideshow_slide_duration&quot;:5000,&quot;background_slideshow_slide_transition&quot;:&quot;fade&quot;,&quot;background_slideshow_transition_duration&quot;:500}\">\n\t\t\t<div class=\"elementor-widget-wrap elementor-element-populated\">\n\t\t\t\t\t\t<div class=\"elementor-element elementor-element-54f628a elementor-widget elementor-widget-spacer\" data-id=\"54f628a\" data-element_type=\"widget\" data-e-type=\"widget\" data-widget_type=\"spacer.default\">\n\t\t\t\t<div class=\"elementor-widget-container\">\n\t\t\t\t\t\t\t<div class=\"elementor-spacer\">\n\t\t\t<div class=\"elementor-spacer-inner\"><\/div>\n\t\t<\/div>\n\t\t\t\t\t\t<\/div>\n\t\t\t\t<\/div>\n\t\t\t\t\t<\/div>\n\t\t<\/div>\n\t\t\t\t\t<\/div>\n\t\t<\/section>\n\t\t\t\t<section class=\"elementor-section elementor-top-section elementor-element elementor-element-fd35418 elementor-reverse-mobile elementor-reverse-tablet elementor-section-boxed elementor-section-height-default elementor-section-height-default\" data-id=\"fd35418\" data-element_type=\"section\" data-e-type=\"section\" data-settings=\"{&quot;background_background&quot;:&quot;classic&quot;}\">\n\t\t\t\t\t\t<div class=\"elementor-container elementor-column-gap-default\">\n\t\t\t\t\t<div class=\"elementor-column elementor-col-50 elementor-top-column elementor-element elementor-element-a106c1b elementor-invisible\" data-id=\"a106c1b\" data-element_type=\"column\" data-e-type=\"column\" data-settings=\"{&quot;background_background&quot;:&quot;slideshow&quot;,&quot;animation&quot;:&quot;fadeInUp&quot;,&quot;background_slideshow_gallery&quot;:[{&quot;id&quot;:30389,&quot;url&quot;:&quot;https:\\\/\\\/detblaagaestehus.dk\\\\\\\/wp-content\\\/uploads\\\/2022\\\/06\\\/DSC_0023-scaled.jpg&quot;},{&quot;id&quot;:30392,&quot;url&quot;:&quot;https:\\\/\\\/detblaagaestehus.dk\\\\\\\/wp-content\\\/uploads\\\/2022\\\/06\\\/20210715_150738-scaled.jpg&quot;},{&quot;id&quot;:30393,&quot;url&quot;:&quot;https:\\\/\\\/detblaagaestehus.dk\\\\\\\/wp-content\\\/uploads\\\/2022\\\/06\\\/20210727_165112-scaled.jpg&quot;},{&quot;id&quot;:30398,&quot;url&quot;:&quot;https:\\\/\\\/detblaagaestehus.dk\\\\\\\/wp-content\\\/uploads\\\/2022\\\/06\\\/Dragefestival.jpg&quot;},{&quot;id&quot;:30406,&quot;url&quot;:&quot;https:\\\/\\\/detblaagaestehus.dk\\\\\\\/wp-content\\\/uploads\\\/2022\\\/06\\\/20210727_171228-scaled.jpg&quot;},{&quot;id&quot;:30407,&quot;url&quot;:&quot;https:\\\/\\\/detblaagaestehus.dk\\\\\\\/wp-content\\\/uploads\\\/2022\\\/06\\\/20210903_065111-scaled.jpg&quot;},{&quot;id&quot;:30408,&quot;url&quot;:&quot;https:\\\/\\\/detblaagaestehus.dk\\\\\\\/wp-content\\\/uploads\\\/2022\\\/06\\\/110720111460-scaled.jpg&quot;},{&quot;id&quot;:30410,&quot;url&quot;:&quot;https:\\\/\\\/detblaagaestehus.dk\\\\\\\/wp-content\\\/uploads\\\/2022\\\/06\\\/berlin-og-allans-bryllup-007-scaled.jpg&quot;},{&quot;id&quot;:30411,&quot;url&quot;:&quot;https:\\\/\\\/detblaagaestehus.dk\\\\\\\/wp-content\\\/uploads\\\/2022\\\/06\\\/DSC_0022-1-scaled.jpg&quot;},{&quot;id&quot;:30412,&quot;url&quot;:&quot;https:\\\/\\\/detblaagaestehus.dk\\\\\\\/wp-content\\\/uploads\\\/2022\\\/06\\\/DSC_0036-scaled.jpg&quot;},{&quot;id&quot;:30416,&quot;url&quot;:&quot;https:\\\/\\\/detblaagaestehus.dk\\\\\\\/wp-content\\\/uploads\\\/2022\\\/06\\\/Haven-4-scaled.jpg&quot;},{&quot;id&quot;:30417,&quot;url&quot;:&quot;https:\\\/\\\/detblaagaestehus.dk\\\\\\\/wp-content\\\/uploads\\\/2022\\\/06\\\/IMG_1606.jpg&quot;},{&quot;id&quot;:30418,&quot;url&quot;:&quot;https:\\\/\\\/detblaagaestehus.dk\\\\\\\/wp-content\\\/uploads\\\/2022\\\/06\\\/foto-1-scaled.jpg&quot;},{&quot;id&quot;:30419,&quot;url&quot;:&quot;https:\\\/\\\/detblaagaestehus.dk\\\\\\\/wp-content\\\/uploads\\\/2022\\\/06\\\/DSC_0178-scaled.jpg&quot;},{&quot;id&quot;:30420,&quot;url&quot;:&quot;https:\\\/\\\/detblaagaestehus.dk\\\\\\\/wp-content\\\/uploads\\\/2022\\\/06\\\/IMG_1603-00000002-scaled.jpg&quot;},{&quot;id&quot;:30422,&quot;url&quot;:&quot;https:\\\/\\\/detblaagaestehus.dk\\\\\\\/wp-content\\\/uploads\\\/2022\\\/06\\\/IMG_20210417_172513_495-scaled.jpg&quot;},{&quot;id&quot;:30425,&quot;url&quot;:&quot;https:\\\/\\\/detblaagaestehus.dk\\\\\\\/wp-content\\\/uploads\\\/2022\\\/06\\\/Morgenstund-fanoe-faergen-scaled.jpg&quot;}],&quot;background_slideshow_loop&quot;:&quot;yes&quot;,&quot;background_slideshow_slide_duration&quot;:5000,&quot;background_slideshow_slide_transition&quot;:&quot;fade&quot;,&quot;background_slideshow_transition_duration&quot;:500}\">\n\t\t\t<div class=\"elementor-widget-wrap elementor-element-populated\">\n\t\t\t\t\t\t<div class=\"elementor-element elementor-element-552ed01 elementor-widget elementor-widget-spacer\" data-id=\"552ed01\" data-element_type=\"widget\" data-e-type=\"widget\" data-widget_type=\"spacer.default\">\n\t\t\t\t<div class=\"elementor-widget-container\">\n\t\t\t\t\t\t\t<div class=\"elementor-spacer\">\n\t\t\t<div class=\"elementor-spacer-inner\"><\/div>\n\t\t<\/div>\n\t\t\t\t\t\t<\/div>\n\t\t\t\t<\/div>\n\t\t\t\t\t<\/div>\n\t\t<\/div>\n\t\t\t\t<div class=\"elementor-column elementor-col-50 elementor-top-column elementor-element elementor-element-116813c elementor-invisible\" data-id=\"116813c\" data-element_type=\"column\" data-e-type=\"column\" data-settings=\"{&quot;background_background&quot;:&quot;classic&quot;,&quot;animation&quot;:&quot;fadeInRight&quot;}\">\n\t\t\t<div class=\"elementor-widget-wrap elementor-element-populated\">\n\t\t\t\t\t\t<div class=\"elementor-element elementor-element-4c075a1 elementor-widget elementor-widget-text-editor\" data-id=\"4c075a1\" data-element_type=\"widget\" data-e-type=\"widget\" data-widget_type=\"text-editor.default\">\n\t\t\t\t<div class=\"elementor-widget-container\">\n\t\t\t\t\t\t\t\t\t<p>Midt p\u00e5 \u00f8en findes Fan\u00f8 Klitplantage og skov. Mange tager til Fan\u00f8 for at vandre og cykle rundt.<\/p><p>Her er der den mest fantastiske skovlegeplads. Masser af plads at boltre sig p\u00e5. Her er det muligt at t\u00e6nde op i grillen og sidde hyggeligt under tag.<\/p><p>P\u00e5 \u00f8en er der indhegnede hundeskove.<\/p><p>Der er ogs\u00e5 mulighed for at sove i shelters.<\/p><p>Fan\u00f8 har mange r\u00e5dyr og vilde kaniner. Det er ikke us\u00e6dvanligt, at du tidligt om morgenen kan se r\u00e5dyr i Nordby\u00b4s haver.\u00a0<\/p><p>PAS P\u00c5!!! Der kan pludselig dukke d\u00e5rdyr op p\u00e5 vejene. For at undg\u00e5 p\u00e5k\u00f8rsel &#8211; s\u00e6t gerne farten ned.<\/p><p>Du kan tage p\u00e5 en fantastisk vandring til s\u00e6lbanken i S\u00f8nderho, hvor rigtig mange s\u00e6ler holder til.<\/p><p>Der er bare 50 meter fra Det Bl\u00e5 G\u00e6stehus til diget, hvorfra du kan se s\u00e6ler ligge og hygge sig ved lavvande &#8211; p\u00e5 en lille revle ved havnen.<\/p><p>Nordby er den st\u00f8rste og nordligste by p\u00e5 \u00f8en, hvor f\u00e6rgen fra Esbjerg l\u00e6gger til. Overfarten tager blot 12 minutter.<\/p><p>S\u00f8nderho er \u00f8en\u00b4s sydligste \u00f8. En smuk lille by, som er et bes\u00f8g v\u00e6rd. Her findes der specialforretninger, som Silken og Uldsnedkeren.<\/p><p>I S\u00f8nderho finder du ogs\u00e5 S\u00f8nderho Kro &#8211; et godt og delikat spisested. Men der er masser af andre spisesteder. Vi anbefaler at der bestilles bord forud for ankomst s\u00e5fremt det er h\u00f8js\u00e6son.<\/p><p>Stranden er jo fantastisk. Den er lang og bred og man kan godt k\u00f8re p\u00e5 cykel derude. V\u00e6lger man at k\u00f8re i bil, s\u00e5 anbefales det at k\u00f8re i sporerne. Man kan hurtig sidde fast.<\/p><p>Der er mange naturoplevelser p\u00e5 Fan\u00f8.\u00a0<\/p><p>Fan\u00f8 turistbureau p\u00e5 havnen i Nordby er s\u00e5 s\u00f8de til at hj\u00e6lpe.<\/p>\t\t\t\t\t\t\t\t<\/div>\n\t\t\t\t<\/div>\n\t\t\t\t\t<\/div>\n\t\t<\/div>\n\t\t\t\t\t<\/div>\n\t\t<\/section>\n\t\t\t\t<section class=\"elementor-section elementor-top-section elementor-element elementor-element-e6dff7f elementor-section-boxed elementor-section-height-default elementor-section-height-default\" data-id=\"e6dff7f\" data-element_type=\"section\" data-e-type=\"section\" data-settings=\"{&quot;background_background&quot;:&quot;classic&quot;}\">\n\t\t\t\t\t\t<div class=\"elementor-container elementor-column-gap-default\">\n\t\t\t\t\t<div class=\"elementor-column elementor-col-50 elementor-top-column elementor-element elementor-element-05dc67a elementor-invisible\" data-id=\"05dc67a\" data-element_type=\"column\" data-e-type=\"column\" data-settings=\"{&quot;background_background&quot;:&quot;classic&quot;,&quot;animation&quot;:&quot;fadeInLeft&quot;}\">\n\t\t\t<div class=\"elementor-widget-wrap elementor-element-populated\">\n\t\t\t\t\t\t<div class=\"elementor-element elementor-element-325e7c9 elementor-widget elementor-widget-text-editor\" data-id=\"325e7c9\" data-element_type=\"widget\" data-e-type=\"widget\" data-widget_type=\"text-editor.default\">\n\t\t\t\t<div class=\"elementor-widget-container\">\n\t\t\t\t\t\t\t\t\t<p>Medio Juni hvert \u00e5r &#8211; afholdes der Dragefestival p\u00e5 stranden. I mange dage er himlen fyldt med de mest specielle og smukke drager fra mange forskellige lande. Det er et meget smukt syn.<\/p>\n<p>Primo juli m\u00e5ned er der altid Fannikker-dage. Her fremvises Fan\u00f8\u00b4s nationaldragt &#8211; i alle afskygninger &#8211; med folkemusik og dans som tilbeh\u00f8r.<\/p>\t\t\t\t\t\t\t\t<\/div>\n\t\t\t\t<\/div>\n\t\t\t\t\t<\/div>\n\t\t<\/div>\n\t\t\t\t<div class=\"elementor-column elementor-col-50 elementor-top-column elementor-element elementor-element-2aa83ac elementor-invisible\" data-id=\"2aa83ac\" data-element_type=\"column\" data-e-type=\"column\" data-settings=\"{&quot;background_background&quot;:&quot;classic&quot;,&quot;animation&quot;:&quot;fadeInUp&quot;}\">\n\t\t\t<div class=\"elementor-widget-wrap elementor-element-populated\">\n\t\t\t\t\t\t<div class=\"elementor-element elementor-element-1788001 elementor-widget elementor-widget-spacer\" data-id=\"1788001\" data-element_type=\"widget\" data-e-type=\"widget\" data-widget_type=\"spacer.default\">\n\t\t\t\t<div class=\"elementor-widget-container\">\n\t\t\t\t\t\t\t<div class=\"elementor-spacer\">\n\t\t\t<div class=\"elementor-spacer-inner\"><\/div>\n\t\t<\/div>\n\t\t\t\t\t\t<\/div>\n\t\t\t\t<\/div>\n\t\t\t\t\t<\/div>\n\t\t<\/div>\n\t\t\t\t\t<\/div>\n\t\t<\/section>\n\t\t\t\t<section class=\"elementor-section elementor-top-section elementor-element elementor-element-93d6129 elementor-section-boxed elementor-section-height-default elementor-section-height-default\" data-id=\"93d6129\" data-element_type=\"section\" data-e-type=\"section\">\n\t\t\t\t\t\t<div class=\"elementor-container elementor-column-gap-default\">\n\t\t\t\t\t<div class=\"elementor-column elementor-col-100 elementor-top-column elementor-element elementor-element-7e6fd53\" data-id=\"7e6fd53\" data-element_type=\"column\" data-e-type=\"column\">\n\t\t\t<div class=\"elementor-widget-wrap elementor-element-populated\">\n\t\t\t\t\t\t<div class=\"elementor-element elementor-element-5cc8e08 ee-grid-masonry-layout--mixed ee-grid-columns-3 ee-grid-columns-tablet-2 ee-grid-columns-mobile-1 ee-gallery-overflow-tablet--yes ee-gallery-overflow-mobile--yes ee-media-align--bottom ee-media-align--justify elementor-widget elementor-widget-gallery-extra\" data-id=\"5cc8e08\" data-element_type=\"widget\" data-e-type=\"widget\" data-settings=\"{&quot;masonry_enable&quot;:&quot;yes&quot;,&quot;columns&quot;:&quot;3&quot;,&quot;columns_tablet&quot;:&quot;2&quot;,&quot;columns_mobile&quot;:&quot;1&quot;}\" data-widget_type=\"gallery-extra.default\">\n\t\t\t\t<div class=\"elementor-widget-container\">\n\t\t\t\t\t<div class=\"ee-gallery-wrapper\">\n\t\t\t<div class=\"ee-gallery ee-grid ee-grid--gallery ee-gallery__gallery\"><div class=\"ee-grid__item ee-grid__item--sizer\"><\/div><div class=\"ee-gallery__item ee-gallery__item--1 ee-grid__item\">\n\t\t\t\t<a class=\"ee-media ee-gallery__media\" data-elementor-open-lightbox=\"yes\" data-elementor-lightbox-slideshow=\"5cc8e08_30155\" data-elementor-lightbox-title=\"jipHost-3-10-86\" data-e-action-hash=\"#elementor-action%3Aaction%3Dlightbox%26settings%3DeyJpZCI6MzAwODAsInVybCI6Imh0dHBzOlwvXC9kZXRibGFhZ2Flc3RlaHVzLmRrXC93cC1jb250ZW50XC91cGxvYWRzXC8yMDIyXC8wNlwvamlwSG9zdC0zLTEwLTg2LmpwZWciLCJzbGlkZXNob3ciOiI1Y2M4ZTA4XzMwMTU1In0%3D\" href=\"https:\/\/detblaagaestehus.dk\/wp-content\/uploads\/2022\/06\/jipHost-3-10-86.jpeg\">\n\t\t\t\t\t<div class=\"ee-media__wrapper ee-gallery__media-wrapper\"><div class=\"ee-media__thumbnail ee-gallery__media__thumbnail\">\n\t\t\t<img decoding=\"async\" src=\"https:\/\/detblaagaestehus.dk\/wp-content\/uploads\/2022\/06\/jipHost-3-10-86.jpeg\" title=\"jipHost-3-10-86\" \/>\n\t\t<\/div><div class=\"ee-media__overlay ee-gallery__media__overlay\"><\/div><figcaption class=\"ee-media__content ee-gallery__media__content\">\n\t\t\t<div class=\"wp-caption-text ee-media__content__caption ee-gallery__media__caption ee-caption ee-caption--wordpress\">\n\t\t\t\tHavnen mod esbjerg\t\t\t<\/div>\n\t\t<\/figcaption><\/div>\n\t\t\t\t<\/a>\n\t\t\t<\/div><div class=\"ee-gallery__item ee-gallery__item--2 ee-grid__item\">\n\t\t\t\t<a class=\"ee-media ee-gallery__media\" data-elementor-open-lightbox=\"yes\" data-elementor-lightbox-slideshow=\"5cc8e08_30155\" data-elementor-lightbox-title=\"dsc_0098\" data-e-action-hash=\"#elementor-action%3Aaction%3Dlightbox%26settings%3DeyJpZCI6MzAwNzksInVybCI6Imh0dHBzOlwvXC9kZXRibGFhZ2Flc3RlaHVzLmRrXC93cC1jb250ZW50XC91cGxvYWRzXC8yMDIyXC8wNlwvZHNjXzAwOTguanBlZyIsInNsaWRlc2hvdyI6IjVjYzhlMDhfMzAxNTUifQ%3D%3D\" href=\"https:\/\/detblaagaestehus.dk\/wp-content\/uploads\/2022\/06\/dsc_0098.jpeg\">\n\t\t\t\t\t<div class=\"ee-media__wrapper ee-gallery__media-wrapper\"><div class=\"ee-media__thumbnail ee-gallery__media__thumbnail\">\n\t\t\t<img decoding=\"async\" src=\"https:\/\/detblaagaestehus.dk\/wp-content\/uploads\/2022\/06\/dsc_0098.jpeg\" title=\"dsc_0098\" \/>\n\t\t<\/div><div class=\"ee-media__overlay ee-gallery__media__overlay\"><\/div><figcaption class=\"ee-media__content ee-gallery__media__content\">\n\t\t\t<div class=\"wp-caption-text ee-media__content__caption ee-gallery__media__caption ee-caption ee-caption--wordpress\">\n\t\t\t\tHovedgaden - Tingtorvet\t\t\t<\/div>\n\t\t<\/figcaption><\/div>\n\t\t\t\t<\/a>\n\t\t\t<\/div><div class=\"ee-gallery__item ee-gallery__item--3 ee-grid__item\">\n\t\t\t\t<a class=\"ee-media ee-gallery__media\" data-elementor-open-lightbox=\"yes\" data-elementor-lightbox-slideshow=\"5cc8e08_30155\" data-elementor-lightbox-title=\"dsc_0091\" data-e-action-hash=\"#elementor-action%3Aaction%3Dlightbox%26settings%3DeyJpZCI6MzAwNTIsInVybCI6Imh0dHBzOlwvXC9kZXRibGFhZ2Flc3RlaHVzLmRrXC93cC1jb250ZW50XC91cGxvYWRzXC8yMDIyXC8wNlwvZHNjXzAwOTEuanBlZyIsInNsaWRlc2hvdyI6IjVjYzhlMDhfMzAxNTUifQ%3D%3D\" href=\"https:\/\/detblaagaestehus.dk\/wp-content\/uploads\/2022\/06\/dsc_0091.jpeg\">\n\t\t\t\t\t<div class=\"ee-media__wrapper ee-gallery__media-wrapper\"><div class=\"ee-media__thumbnail ee-gallery__media__thumbnail\">\n\t\t\t<img decoding=\"async\" src=\"https:\/\/detblaagaestehus.dk\/wp-content\/uploads\/2022\/06\/dsc_0091.jpeg\" title=\"dsc_0091\" \/>\n\t\t<\/div><div class=\"ee-media__overlay ee-gallery__media__overlay\"><\/div><figcaption class=\"ee-media__content ee-gallery__media__content\">\n\t\t\t<div class=\"wp-caption-text ee-media__content__caption ee-gallery__media__caption ee-caption ee-caption--wordpress\">\n\t\t\t\tG\u00e5rdhave til syd\t\t\t<\/div>\n\t\t<\/figcaption><\/div>\n\t\t\t\t<\/a>\n\t\t\t<\/div><div class=\"ee-gallery__item ee-gallery__item--4 ee-grid__item\">\n\t\t\t\t<a class=\"ee-media ee-gallery__media\" data-elementor-open-lightbox=\"yes\" data-elementor-lightbox-slideshow=\"5cc8e08_30155\" data-elementor-lightbox-title=\"dsc_0090\" data-e-action-hash=\"#elementor-action%3Aaction%3Dlightbox%26settings%3DeyJpZCI6MzAwNTMsInVybCI6Imh0dHBzOlwvXC9kZXRibGFhZ2Flc3RlaHVzLmRrXC93cC1jb250ZW50XC91cGxvYWRzXC8yMDIyXC8wNlwvZHNjXzAwOTAuanBlZyIsInNsaWRlc2hvdyI6IjVjYzhlMDhfMzAxNTUifQ%3D%3D\" href=\"https:\/\/detblaagaestehus.dk\/wp-content\/uploads\/2022\/06\/dsc_0090.jpeg\">\n\t\t\t\t\t<div class=\"ee-media__wrapper ee-gallery__media-wrapper\"><div class=\"ee-media__thumbnail ee-gallery__media__thumbnail\">\n\t\t\t<img decoding=\"async\" src=\"https:\/\/detblaagaestehus.dk\/wp-content\/uploads\/2022\/06\/dsc_0090.jpeg\" title=\"dsc_0090\" \/>\n\t\t<\/div><div class=\"ee-media__overlay ee-gallery__media__overlay\"><\/div><figcaption class=\"ee-media__content ee-gallery__media__content\">\n\t\t\t<div class=\"wp-caption-text ee-media__content__caption ee-gallery__media__caption ee-caption ee-caption--wordpress\">\n\t\t\t\tG\u00e5rdhave til syd\t\t\t<\/div>\n\t\t<\/figcaption><\/div>\n\t\t\t\t<\/a>\n\t\t\t<\/div><div class=\"ee-gallery__item ee-gallery__item--5 ee-grid__item\">\n\t\t\t\t<a class=\"ee-media ee-gallery__media\" data-elementor-open-lightbox=\"yes\" data-elementor-lightbox-slideshow=\"5cc8e08_30155\" data-elementor-lightbox-title=\"18c\" data-e-action-hash=\"#elementor-action%3Aaction%3Dlightbox%26settings%3DeyJpZCI6MzAwNTQsInVybCI6Imh0dHBzOlwvXC9kZXRibGFhZ2Flc3RlaHVzLmRrXC93cC1jb250ZW50XC91cGxvYWRzXC8yMDIyXC8wNlwvMThjLTEuanBlZyIsInNsaWRlc2hvdyI6IjVjYzhlMDhfMzAxNTUifQ%3D%3D\" href=\"https:\/\/detblaagaestehus.dk\/wp-content\/uploads\/2022\/06\/18c-1.jpeg\">\n\t\t\t\t\t<div class=\"ee-media__wrapper ee-gallery__media-wrapper\"><div class=\"ee-media__thumbnail ee-gallery__media__thumbnail\">\n\t\t\t<img decoding=\"async\" src=\"https:\/\/detblaagaestehus.dk\/wp-content\/uploads\/2022\/06\/18c-1.jpeg\" title=\"18c\" \/>\n\t\t<\/div><div class=\"ee-media__overlay ee-gallery__media__overlay\"><\/div><figcaption class=\"ee-media__content ee-gallery__media__content\">\n\t\t\t<div class=\"wp-caption-text ee-media__content__caption ee-gallery__media__caption ee-caption ee-caption--wordpress\">\n\t\t\t\tIndgang til g\u00e6stehus til nord\t\t\t<\/div>\n\t\t<\/figcaption><\/div>\n\t\t\t\t<\/a>\n\t\t\t<\/div><div class=\"ee-gallery__item ee-gallery__item--6 ee-grid__item\">\n\t\t\t\t<a class=\"ee-media ee-gallery__media\" data-elementor-open-lightbox=\"yes\" data-elementor-lightbox-slideshow=\"5cc8e08_30155\" data-elementor-lightbox-title=\"dsc_0048\" data-e-action-hash=\"#elementor-action%3Aaction%3Dlightbox%26settings%3DeyJpZCI6MzAwNTUsInVybCI6Imh0dHBzOlwvXC9kZXRibGFhZ2Flc3RlaHVzLmRrXC93cC1jb250ZW50XC91cGxvYWRzXC8yMDIyXC8wNlwvZHNjXzAwNDguanBlZyIsInNsaWRlc2hvdyI6IjVjYzhlMDhfMzAxNTUifQ%3D%3D\" href=\"https:\/\/detblaagaestehus.dk\/wp-content\/uploads\/2022\/06\/dsc_0048.jpeg\">\n\t\t\t\t\t<div class=\"ee-media__wrapper ee-gallery__media-wrapper\"><div class=\"ee-media__thumbnail ee-gallery__media__thumbnail\">\n\t\t\t<img decoding=\"async\" src=\"https:\/\/detblaagaestehus.dk\/wp-content\/uploads\/2022\/06\/dsc_0048.jpeg\" title=\"dsc_0048\" \/>\n\t\t<\/div><div class=\"ee-media__overlay ee-gallery__media__overlay\"><\/div><figcaption class=\"ee-media__content ee-gallery__media__content\">\n\t\t\t<div class=\"wp-caption-text ee-media__content__caption ee-gallery__media__caption ee-caption ee-caption--wordpress\">\n\t\t\t\tG\u00e5rdhave til syd\t\t\t<\/div>\n\t\t<\/figcaption><\/div>\n\t\t\t\t<\/a>\n\t\t\t<\/div><div class=\"ee-gallery__item ee-gallery__item--7 ee-grid__item\">\n\t\t\t\t<a class=\"ee-media ee-gallery__media\" data-elementor-open-lightbox=\"yes\" data-elementor-lightbox-slideshow=\"5cc8e08_30155\" data-elementor-lightbox-title=\"164525220\" data-e-action-hash=\"#elementor-action%3Aaction%3Dlightbox%26settings%3DeyJpZCI6MzAwOTQsInVybCI6Imh0dHBzOlwvXC9kZXRibGFhZ2Flc3RlaHVzLmRrXC93cC1jb250ZW50XC91cGxvYWRzXC8yMDIyXC8wNlwvMTY0NTI1MjIwLmpwZWciLCJzbGlkZXNob3ciOiI1Y2M4ZTA4XzMwMTU1In0%3D\" href=\"https:\/\/detblaagaestehus.dk\/wp-content\/uploads\/2022\/06\/164525220.jpeg\">\n\t\t\t\t\t<div class=\"ee-media__wrapper ee-gallery__media-wrapper\"><div class=\"ee-media__thumbnail ee-gallery__media__thumbnail\">\n\t\t\t<img decoding=\"async\" src=\"https:\/\/detblaagaestehus.dk\/wp-content\/uploads\/2022\/06\/164525220.jpeg\" title=\"164525220\" \/>\n\t\t<\/div><div class=\"ee-media__overlay ee-gallery__media__overlay\"><\/div><\/div>\n\t\t\t\t<\/a>\n\t\t\t<\/div><\/div>\n\t\t<\/div>\t\t\t\t<\/div>\n\t\t\t\t<\/div>\n\t\t\t\t\t<\/div>\n\t\t<\/div>\n\t\t\t\t\t<\/div>\n\t\t<\/section>\n\t\t\t\t<\/div>\n\t\t","protected":false},"excerpt":{"rendered":"<p>Fan\u00f8 &#8211; en naturperle i Nationalpark Vadehavet Fan\u00f8 er bare helt unik &#8211; her har du mulighed for at f\u00e5 store naturoplevelser.Fan\u00f8 er 13 km lang og blot 56 km2 stor. Der bor ca. 3500 borgere p\u00e5 \u00f8en &#8211; \u00e5ret rundt. Fan\u00f8 er rav, strand, drager, s\u00e6l- og \u00f8sters safari, krabbejagt, kite-buggy, surf, kajak, s\u00f8fartshistorier, [&hellip;]<\/p>\n","protected":false},"author":1,"featured_media":30656,"parent":0,"menu_order":0,"comment_status":"closed","ping_status":"closed","template":"","meta":{"footnotes":""},"class_list":["post-30155","page","type-page","status-publish","has-post-thumbnail","hentry"],"_links":{"self":[{"href":"https:\/\/detblaagaestehus.dk\/en\/wp-json\/wp\/v2\/pages\/30155","targetHints":{"allow":["GET"]}}],"collection":[{"href":"https:\/\/detblaagaestehus.dk\/en\/wp-json\/wp\/v2\/pages"}],"about":[{"href":"https:\/\/detblaagaestehus.dk\/en\/wp-json\/wp\/v2\/types\/page"}],"author":[{"embeddable":true,"href":"https:\/\/detblaagaestehus.dk\/en\/wp-json\/wp\/v2\/users\/1"}],"replies":[{"embeddable":true,"href":"https:\/\/detblaagaestehus.dk\/en\/wp-json\/wp\/v2\/comments?post=30155"}],"version-history":[{"count":73,"href":"https:\/\/detblaagaestehus.dk\/en\/wp-json\/wp\/v2\/pages\/30155\/revisions"}],"predecessor-version":[{"id":32127,"href":"https:\/\/detblaagaestehus.dk\/en\/wp-json\/wp\/v2\/pages\/30155\/revisions\/32127"}],"wp:featuredmedia":[{"embeddable":true,"href":"https:\/\/detblaagaestehus.dk\/en\/wp-json\/wp\/v2\/media\/30656"}],"wp:attachment":[{"href":"https:\/\/detblaagaestehus.dk\/en\/wp-json\/wp\/v2\/media?parent=30155"}],"curies":[{"name":"wp","href":"https:\/\/api.w.org\/{rel}","templated":true}]}}