{"id":30153,"date":"2022-06-13T14:21:57","date_gmt":"2022-06-13T12:21:57","guid":{"rendered":"https:\/\/udkast.net\/bla\/gaardhaverne-2\/"},"modified":"2024-12-30T03:50:59","modified_gmt":"2024-12-30T02:50:59","slug":"priser","status":"publish","type":"page","link":"https:\/\/detblaagaestehus.dk\/en\/priser\/","title":{"rendered":"Prices"},"content":{"rendered":"\t\t<div data-elementor-type=\"wp-page\" data-elementor-id=\"30153\" class=\"elementor elementor-30153\" data-elementor-post-type=\"page\">\n\t\t\t\t\t\t<section class=\"elementor-section elementor-top-section elementor-element elementor-element-e6dff7f elementor-section-boxed elementor-section-height-default elementor-section-height-default\" data-id=\"e6dff7f\" data-element_type=\"section\" data-e-type=\"section\" data-settings=\"{&quot;background_background&quot;:&quot;classic&quot;}\">\n\t\t\t\t\t\t<div class=\"elementor-container elementor-column-gap-default\">\n\t\t\t\t\t<div class=\"elementor-column elementor-col-50 elementor-top-column elementor-element elementor-element-05dc67a elementor-invisible\" data-id=\"05dc67a\" data-element_type=\"column\" data-e-type=\"column\" data-settings=\"{&quot;background_background&quot;:&quot;classic&quot;,&quot;animation&quot;:&quot;fadeInLeft&quot;}\">\n\t\t\t<div class=\"elementor-widget-wrap elementor-element-populated\">\n\t\t\t\t\t\t<div class=\"elementor-element elementor-element-e20b362 elementor-widget elementor-widget-heading\" data-id=\"e20b362\" data-element_type=\"widget\" data-e-type=\"widget\" data-widget_type=\"heading.default\">\n\t\t\t\t<div class=\"elementor-widget-container\">\n\t\t\t\t\t<h2 class=\"elementor-heading-title elementor-size-default\">Leje af dobbeltv\u00e6relserne eller privat budgetv\u00e6relse<\/h2>\t\t\t\t<\/div>\n\t\t\t\t<\/div>\n\t\t\t\t<div class=\"elementor-element elementor-element-325e7c9 elementor-widget elementor-widget-text-editor\" data-id=\"325e7c9\" data-element_type=\"widget\" data-e-type=\"widget\" data-widget_type=\"text-editor.default\">\n\t\t\t\t<div class=\"elementor-widget-container\">\n\t\t\t\t\t\t\t\t\t<p><b style=\"color: var( --e-global-color-text ); font-size: 1rem;\">Dobbeltv\u00e6relse no. 1 &#8211; bl\u00e5stribet &#8211; 2 personer:<\/b><\/p><p>650 DKK \/ 89 \u20ac<\/p><p>Opredning til 3. person kr. 200 pr. nat\/27 Euro<\/p><p><b>Dobbeltv\u00e6relse no. 2 &#8211; vissengr\u00f8nt &#8211; 2 personer:<\/b><\/p><p>650 DKK \/ 89 \u20ac<\/p><p>Opredning til 3. person kr. 200 pr. nat\/27 Euro\u00a0<\/p><p>Budgetv\u00e6relse p\u00e5 1. sal:<\/p><p>kr. 475\/ 66 euro<\/p><p>Det gr\u00f8nne dobbeltv\u00e6relse er to sm\u00e5 sammenh\u00f8rende v\u00e6relser med en d\u00f8r imellem.\u00a0<\/p><p>Prisen inkluderer linned og h\u00e5ndkl\u00e6de og slutreng\u00f8ring.<\/p><p>H\u00e5ndkl\u00e6det m\u00e5 ikke medbringes p\u00e5 stranden, s\u00e5 er det strand vejr, s\u00e5 medbring venligst et ekstra h\u00e5ndkl\u00e6de.<\/p><p>Du kan gratis medbringe din hund i g\u00e6stehuset. Dette g\u00e6lder ikke ved overnatning i budgetv\u00e6relset p\u00e5 1. sal.<\/p>\t\t\t\t\t\t\t\t<\/div>\n\t\t\t\t<\/div>\n\t\t\t\t\t<\/div>\n\t\t<\/div>\n\t\t\t\t<div class=\"elementor-column elementor-col-50 elementor-top-column elementor-element elementor-element-2aa83ac elementor-invisible\" data-id=\"2aa83ac\" data-element_type=\"column\" data-e-type=\"column\" data-settings=\"{&quot;background_background&quot;:&quot;slideshow&quot;,&quot;animation&quot;:&quot;fadeInUp&quot;,&quot;background_slideshow_gallery&quot;:[{&quot;id&quot;:30376,&quot;url&quot;:&quot;https:\\\/\\\/detblaagaestehus.dk\\\/wp-content\\\/uploads\\\/2022\\\/06\\\/20220310_173623-scaled.jpg&quot;},{&quot;id&quot;:29832,&quot;url&quot;:&quot;https:\\\/\\\/detblaagaestehus.dk\\\/wp-content\\\/uploads\\\/2022\\\/06\\\/20220308_180250_1.jpeg&quot;},{&quot;id&quot;:29998,&quot;url&quot;:&quot;https:\\\/\\\/detblaagaestehus.dk\\\/wp-content\\\/uploads\\\/2022\\\/06\\\/20220310_140719_1.jpeg&quot;},{&quot;id&quot;:30373,&quot;url&quot;:&quot;https:\\\/\\\/detblaagaestehus.dk\\\/wp-content\\\/uploads\\\/2022\\\/06\\\/20220310_140730-1-scaled.jpg&quot;},{&quot;id&quot;:29997,&quot;url&quot;:&quot;https:\\\/\\\/detblaagaestehus.dk\\\/wp-content\\\/uploads\\\/2022\\\/06\\\/20220401_132642.jpeg&quot;},{&quot;id&quot;:30343,&quot;url&quot;:&quot;https:\\\/\\\/detblaagaestehus.dk\\\/wp-content\\\/uploads\\\/2022\\\/06\\\/20220401_132544-002.jpg&quot;},{&quot;id&quot;:31819,&quot;url&quot;:&quot;https:\\\/\\\/detblaagaestehus.dk\\\/wp-content\\\/uploads\\\/2023\\\/02\\\/20230210_141732-rotated.jpg&quot;}],&quot;background_slideshow_loop&quot;:&quot;yes&quot;,&quot;background_slideshow_slide_duration&quot;:5000,&quot;background_slideshow_slide_transition&quot;:&quot;fade&quot;,&quot;background_slideshow_transition_duration&quot;:500}\">\n\t\t\t<div class=\"elementor-widget-wrap elementor-element-populated\">\n\t\t\t\t\t\t<div class=\"elementor-element elementor-element-1788001 elementor-widget elementor-widget-spacer\" data-id=\"1788001\" data-element_type=\"widget\" data-e-type=\"widget\" data-widget_type=\"spacer.default\">\n\t\t\t\t<div class=\"elementor-widget-container\">\n\t\t\t\t\t\t\t<div class=\"elementor-spacer\">\n\t\t\t<div class=\"elementor-spacer-inner\"><\/div>\n\t\t<\/div>\n\t\t\t\t\t\t<\/div>\n\t\t\t\t<\/div>\n\t\t\t\t\t<\/div>\n\t\t<\/div>\n\t\t\t\t\t<\/div>\n\t\t<\/section>\n\t\t\t\t<section class=\"elementor-section elementor-top-section elementor-element elementor-element-894e916 elementor-reverse-mobile elementor-reverse-tablet elementor-section-boxed elementor-section-height-default elementor-section-height-default\" data-id=\"894e916\" data-element_type=\"section\" data-e-type=\"section\" data-settings=\"{&quot;background_background&quot;:&quot;classic&quot;}\">\n\t\t\t\t\t\t<div class=\"elementor-container elementor-column-gap-default\">\n\t\t\t\t\t<div class=\"elementor-column elementor-col-50 elementor-top-column elementor-element elementor-element-873e2fe elementor-invisible\" data-id=\"873e2fe\" data-element_type=\"column\" data-e-type=\"column\" data-settings=\"{&quot;background_background&quot;:&quot;slideshow&quot;,&quot;animation&quot;:&quot;fadeInUp&quot;,&quot;background_slideshow_gallery&quot;:[{&quot;id&quot;:30186,&quot;url&quot;:&quot;https:\\\/\\\/detblaagaestehus.dk\\\\\\\/wp-content\\\/uploads\\\/2022\\\/06\\\/20210820_184810-scaled.jpg&quot;},{&quot;id&quot;:30183,&quot;url&quot;:&quot;https:\\\/\\\/detblaagaestehus.dk\\\\\\\/wp-content\\\/uploads\\\/2022\\\/06\\\/20210626_152132-scaled.jpg&quot;},{&quot;id&quot;:30185,&quot;url&quot;:&quot;https:\\\/\\\/detblaagaestehus.dk\\\\\\\/wp-content\\\/uploads\\\/2022\\\/06\\\/20200808_145302-scaled.jpg&quot;},{&quot;id&quot;:30023,&quot;url&quot;:&quot;https:\\\/\\\/detblaagaestehus.dk\\\\\\\/wp-content\\\/uploads\\\/2022\\\/06\\\/4.jpeg&quot;},{&quot;id&quot;:30022,&quot;url&quot;:&quot;https:\\\/\\\/detblaagaestehus.dk\\\\\\\/wp-content\\\/uploads\\\/2022\\\/06\\\/5.jpeg&quot;},{&quot;id&quot;:30021,&quot;url&quot;:&quot;https:\\\/\\\/detblaagaestehus.dk\\\\\\\/wp-content\\\/uploads\\\/2022\\\/06\\\/6.jpeg&quot;},{&quot;id&quot;:30364,&quot;url&quot;:&quot;https:\\\/\\\/detblaagaestehus.dk\\\\\\\/wp-content\\\/uploads\\\/2022\\\/06\\\/20210820_185017-scaled.jpg&quot;},{&quot;id&quot;:30362,&quot;url&quot;:&quot;https:\\\/\\\/detblaagaestehus.dk\\\\\\\/wp-content\\\/uploads\\\/2022\\\/06\\\/20210709_105953-1-scaled.jpg&quot;}],&quot;background_slideshow_loop&quot;:&quot;yes&quot;,&quot;background_slideshow_slide_duration&quot;:5000,&quot;background_slideshow_slide_transition&quot;:&quot;fade&quot;,&quot;background_slideshow_transition_duration&quot;:500}\">\n\t\t\t<div class=\"elementor-widget-wrap elementor-element-populated\">\n\t\t\t\t\t\t<div class=\"elementor-element elementor-element-b95aab6 elementor-widget elementor-widget-spacer\" data-id=\"b95aab6\" data-element_type=\"widget\" data-e-type=\"widget\" data-widget_type=\"spacer.default\">\n\t\t\t\t<div class=\"elementor-widget-container\">\n\t\t\t\t\t\t\t<div class=\"elementor-spacer\">\n\t\t\t<div class=\"elementor-spacer-inner\"><\/div>\n\t\t<\/div>\n\t\t\t\t\t\t<\/div>\n\t\t\t\t<\/div>\n\t\t\t\t\t<\/div>\n\t\t<\/div>\n\t\t\t\t<div class=\"elementor-column elementor-col-50 elementor-top-column elementor-element elementor-element-0414927 elementor-invisible\" data-id=\"0414927\" data-element_type=\"column\" data-e-type=\"column\" data-settings=\"{&quot;background_background&quot;:&quot;classic&quot;,&quot;animation&quot;:&quot;fadeInRight&quot;}\">\n\t\t\t<div class=\"elementor-widget-wrap elementor-element-populated\">\n\t\t\t\t\t\t<div class=\"elementor-element elementor-element-5a5541c elementor-widget elementor-widget-text-editor\" data-id=\"5a5541c\" data-element_type=\"widget\" data-e-type=\"widget\" data-widget_type=\"text-editor.default\">\n\t\t\t\t<div class=\"elementor-widget-container\">\n\t\t\t\t\t\t\t\t\t<p><span style=\"text-decoration: underline;\"><strong>Budget v\u00e6relse p\u00e5 1. salen af g\u00e6stehuset<\/strong><\/span><\/p><p>Vi udlejer ogs\u00e5 et privat v\u00e6relse p\u00e5 1. salen af g\u00e6stehuset.<\/p><p>V\u00e6relset best\u00e5r af 2 enkeltsenge.\u00a0<\/p><p>Der er tv, elkedel og k\u00f8leskab p\u00e5 v\u00e6relset.\u00a0<\/p><p>Der er udgang til altan og f\u00e6lles toilet\/bad.\u00a0<\/p><p>Prisen er 475,- kroner pr. nat for 2 personer og inkluderer linned og h\u00e5ndkl\u00e6der.<\/p><p>Fri benyttelse af altan og g\u00e5rdhave til syd.<\/p><p>Hunde er ikke tilladt i dette v\u00e6relse.<\/p>\t\t\t\t\t\t\t\t<\/div>\n\t\t\t\t<\/div>\n\t\t\t\t\t<\/div>\n\t\t<\/div>\n\t\t\t\t\t<\/div>\n\t\t<\/section>\n\t\t\t\t<section class=\"elementor-section elementor-top-section elementor-element elementor-element-e7a8cc3 elementor-reverse-mobile elementor-reverse-tablet elementor-section-boxed elementor-section-height-default elementor-section-height-default\" data-id=\"e7a8cc3\" data-element_type=\"section\" data-e-type=\"section\" data-settings=\"{&quot;background_background&quot;:&quot;classic&quot;}\">\n\t\t\t\t\t\t<div class=\"elementor-container elementor-column-gap-default\">\n\t\t\t\t\t<div class=\"elementor-column elementor-col-100 elementor-top-column elementor-element elementor-element-4775aa8 elementor-invisible\" data-id=\"4775aa8\" data-element_type=\"column\" data-e-type=\"column\" data-settings=\"{&quot;background_background&quot;:&quot;classic&quot;,&quot;animation&quot;:&quot;fadeInRight&quot;}\">\n\t\t\t<div class=\"elementor-widget-wrap elementor-element-populated\">\n\t\t\t\t\t\t<div class=\"elementor-element elementor-element-4b6540d elementor-widget elementor-widget-text-editor\" data-id=\"4b6540d\" data-element_type=\"widget\" data-e-type=\"widget\" data-widget_type=\"text-editor.default\">\n\t\t\t\t<div class=\"elementor-widget-container\">\n\t\t\t\t\t\t\t\t\t<p>Det privat udlejede v\u00e6relse p\u00e5 1. salen ligger til h\u00f8jre i umiddelbar indgang fra den store sydvendte altan. F\u00e6lles toilet\/bad ligger ved siden af v\u00e6relset.<\/p><p>Ankomst efter klokken 16 og afrejse inden klokken 10.00<\/p><p>Man skal ikke igennem vores privat for at komme til v\u00e6relset.\u00a0<\/p>\t\t\t\t\t\t\t\t<\/div>\n\t\t\t\t<\/div>\n\t\t\t\t\t<\/div>\n\t\t<\/div>\n\t\t\t\t\t<\/div>\n\t\t<\/section>\n\t\t\t\t<\/div>\n\t\t","protected":false},"excerpt":{"rendered":"<p>Leje af dobbeltv\u00e6relserne eller privat budgetv\u00e6relse Dobbeltv\u00e6relse no. 1 &#8211; bl\u00e5stribet &#8211; 2 personer: 650 DKK \/ 89 \u20ac Opredning til 3. person kr. 200 pr. nat\/27 Euro Dobbeltv\u00e6relse no. 2 &#8211; vissengr\u00f8nt &#8211; 2 personer: 650 DKK \/ 89 \u20ac Opredning til 3. person kr. 200 pr. nat\/27 Euro\u00a0 Budgetv\u00e6relse p\u00e5 1. sal: kr. [&hellip;]<\/p>\n","protected":false},"author":1,"featured_media":30929,"parent":0,"menu_order":0,"comment_status":"closed","ping_status":"closed","template":"","meta":{"footnotes":""},"class_list":["post-30153","page","type-page","status-publish","has-post-thumbnail","hentry"],"_links":{"self":[{"href":"https:\/\/detblaagaestehus.dk\/en\/wp-json\/wp\/v2\/pages\/30153","targetHints":{"allow":["GET"]}}],"collection":[{"href":"https:\/\/detblaagaestehus.dk\/en\/wp-json\/wp\/v2\/pages"}],"about":[{"href":"https:\/\/detblaagaestehus.dk\/en\/wp-json\/wp\/v2\/types\/page"}],"author":[{"embeddable":true,"href":"https:\/\/detblaagaestehus.dk\/en\/wp-json\/wp\/v2\/users\/1"}],"replies":[{"embeddable":true,"href":"https:\/\/detblaagaestehus.dk\/en\/wp-json\/wp\/v2\/comments?post=30153"}],"version-history":[{"count":82,"href":"https:\/\/detblaagaestehus.dk\/en\/wp-json\/wp\/v2\/pages\/30153\/revisions"}],"predecessor-version":[{"id":32042,"href":"https:\/\/detblaagaestehus.dk\/en\/wp-json\/wp\/v2\/pages\/30153\/revisions\/32042"}],"wp:featuredmedia":[{"embeddable":true,"href":"https:\/\/detblaagaestehus.dk\/en\/wp-json\/wp\/v2\/media\/30929"}],"wp:attachment":[{"href":"https:\/\/detblaagaestehus.dk\/en\/wp-json\/wp\/v2\/media?parent=30153"}],"curies":[{"name":"wp","href":"https:\/\/api.w.org\/{rel}","templated":true}]}}