{"id":30151,"date":"2022-06-13T14:21:38","date_gmt":"2022-06-13T12:21:38","guid":{"rendered":"https:\/\/udkast.net\/bla\/gaardhaverne-2\/"},"modified":"2024-12-30T04:54:14","modified_gmt":"2024-12-30T03:54:14","slug":"det-blaa-gaestehus","status":"publish","type":"page","link":"https:\/\/detblaagaestehus.dk\/en\/det-blaa-gaestehus\/","title":{"rendered":"Det bl\u00e5 G\u00e6stehus"},"content":{"rendered":"\t\t<div data-elementor-type=\"wp-page\" data-elementor-id=\"30151\" class=\"elementor elementor-30151\" data-elementor-post-type=\"page\">\n\t\t\t\t\t\t<section class=\"elementor-section elementor-top-section elementor-element elementor-element-e6dff7f elementor-section-boxed elementor-section-height-default elementor-section-height-default\" data-id=\"e6dff7f\" data-element_type=\"section\" data-e-type=\"section\" data-settings=\"{&quot;background_background&quot;:&quot;classic&quot;}\">\n\t\t\t\t\t\t<div class=\"elementor-container elementor-column-gap-default\">\n\t\t\t\t\t<div class=\"elementor-column elementor-col-50 elementor-top-column elementor-element elementor-element-05dc67a elementor-invisible\" data-id=\"05dc67a\" data-element_type=\"column\" data-e-type=\"column\" data-settings=\"{&quot;background_background&quot;:&quot;classic&quot;,&quot;animation&quot;:&quot;fadeInLeft&quot;}\">\n\t\t\t<div class=\"elementor-widget-wrap elementor-element-populated\">\n\t\t\t\t\t\t<div class=\"elementor-element elementor-element-e20b362 elementor-widget elementor-widget-heading\" data-id=\"e20b362\" data-element_type=\"widget\" data-e-type=\"widget\" data-widget_type=\"heading.default\">\n\t\t\t\t<div class=\"elementor-widget-container\">\n\t\t\t\t\t<h2 class=\"elementor-heading-title elementor-size-default\">K\u00e6re dig...<\/h2>\t\t\t\t<\/div>\n\t\t\t\t<\/div>\n\t\t\t\t<div class=\"elementor-element elementor-element-325e7c9 elementor-widget elementor-widget-text-editor\" data-id=\"325e7c9\" data-element_type=\"widget\" data-e-type=\"widget\" data-widget_type=\"text-editor.default\">\n\t\t\t\t<div class=\"elementor-widget-container\">\n\t\t\t\t\t\t\t\t\t<p>Velkommen til vores Bl\u00e5 G\u00e6stehus p\u00e5 Fan\u00f8.<\/p><p>Vi hedder Martin &amp; Lone og er v\u00e6rter her i g\u00e6stehuset.<\/p><p>Huset er fra 1886 og har v\u00e6ret i Kromanns sl\u00e6gtens eje i over 100 \u00e5r indtil vi k\u00f8bte huset i 2002.<\/p><p>Huset har v\u00e6ret igennem en gennemgribende renovering gennem \u00e5rerne og vi renoverer stadig. Det slutter aldrig \ud83d\ude01<\/p><p>Vi startede vores g\u00e6stehus op i 2008 og har lige siden budt mange fantastiske og glade g\u00e6ster velkommen.<\/p><p>Vi udlejer 2 v\u00e6relser ud i g\u00e6stehuset som ligger i stueetagen og med adgang til f\u00e6lles stue, k\u00f8kken, bad og toilet.<\/p><p>Herudover er der et privat udlejet v\u00e6relse p\u00e5 1. salen af g\u00e6stehuset. Dette henh\u00f8rer ikke under\u00a0 g\u00e6stehuset. Og hund kan ikke medbringes her.<\/p><p>Samlet set er g\u00e6stehuset p\u00e5 120 kvm.<\/p><p>Hunde er velkommen i selve g\u00e6stehuset og de er gratis.<\/p>\t\t\t\t\t\t\t\t<\/div>\n\t\t\t\t<\/div>\n\t\t\t\t\t<\/div>\n\t\t<\/div>\n\t\t\t\t<div class=\"elementor-column elementor-col-50 elementor-top-column elementor-element elementor-element-2aa83ac elementor-invisible\" data-id=\"2aa83ac\" data-element_type=\"column\" data-e-type=\"column\" data-settings=\"{&quot;background_background&quot;:&quot;slideshow&quot;,&quot;animation&quot;:&quot;fadeInUp&quot;,&quot;background_slideshow_gallery&quot;:[{&quot;id&quot;:30601,&quot;url&quot;:&quot;https:\\\/\\\/detblaagaestehus.dk\\\\\\\/wp-content\\\/uploads\\\/2022\\\/07\\\/20220310_140804.jpg&quot;},{&quot;id&quot;:30627,&quot;url&quot;:&quot;https:\\\/\\\/detblaagaestehus.dk\\\\\\\/wp-content\\\/uploads\\\/2022\\\/07\\\/Dobbbeltvaerelse.jpg&quot;},{&quot;id&quot;:30634,&quot;url&quot;:&quot;https:\\\/\\\/detblaagaestehus.dk\\\\\\\/wp-content\\\/uploads\\\/2022\\\/07\\\/20220310_141156.jpg&quot;},{&quot;id&quot;:30630,&quot;url&quot;:&quot;https:\\\/\\\/detblaagaestehus.dk\\\\\\\/wp-content\\\/uploads\\\/2022\\\/07\\\/20220308_180241.jpg&quot;},{&quot;id&quot;:30614,&quot;url&quot;:&quot;https:\\\/\\\/detblaagaestehus.dk\\\\\\\/wp-content\\\/uploads\\\/2022\\\/07\\\/20220310_140719.jpg&quot;},{&quot;id&quot;:30370,&quot;url&quot;:&quot;https:\\\/\\\/detblaagaestehus.dk\\\\\\\/wp-content\\\/uploads\\\/2022\\\/06\\\/20220308_180030-scaled.jpg&quot;},{&quot;id&quot;:30368,&quot;url&quot;:&quot;https:\\\/\\\/detblaagaestehus.dk\\\\\\\/wp-content\\\/uploads\\\/2022\\\/06\\\/20220308_180119-scaled.jpg&quot;},{&quot;id&quot;:30101,&quot;url&quot;:&quot;https:\\\/\\\/detblaagaestehus.dk\\\\\\\/wp-content\\\/uploads\\\/2022\\\/06\\\/346876905.jpeg&quot;}],&quot;background_slideshow_transition_duration&quot;:100,&quot;background_slideshow_loop&quot;:&quot;yes&quot;,&quot;background_slideshow_slide_duration&quot;:5000,&quot;background_slideshow_slide_transition&quot;:&quot;fade&quot;}\">\n\t\t\t<div class=\"elementor-widget-wrap elementor-element-populated\">\n\t\t\t\t\t\t<div class=\"elementor-element elementor-element-1788001 elementor-widget elementor-widget-spacer\" data-id=\"1788001\" data-element_type=\"widget\" data-e-type=\"widget\" data-widget_type=\"spacer.default\">\n\t\t\t\t<div class=\"elementor-widget-container\">\n\t\t\t\t\t\t\t<div class=\"elementor-spacer\">\n\t\t\t<div class=\"elementor-spacer-inner\"><\/div>\n\t\t<\/div>\n\t\t\t\t\t\t<\/div>\n\t\t\t\t<\/div>\n\t\t\t\t\t<\/div>\n\t\t<\/div>\n\t\t\t\t\t<\/div>\n\t\t<\/section>\n\t\t\t\t<section class=\"elementor-section elementor-top-section elementor-element elementor-element-949e031 elementor-reverse-mobile elementor-reverse-tablet elementor-section-boxed elementor-section-height-default elementor-section-height-default\" data-id=\"949e031\" data-element_type=\"section\" data-e-type=\"section\" data-settings=\"{&quot;background_background&quot;:&quot;classic&quot;}\">\n\t\t\t\t\t\t<div class=\"elementor-container elementor-column-gap-default\">\n\t\t\t\t\t<div class=\"elementor-column elementor-col-50 elementor-top-column elementor-element elementor-element-0768a11 elementor-invisible\" data-id=\"0768a11\" data-element_type=\"column\" data-e-type=\"column\" data-settings=\"{&quot;background_background&quot;:&quot;slideshow&quot;,&quot;animation&quot;:&quot;fadeInUp&quot;,&quot;background_slideshow_gallery&quot;:[{&quot;id&quot;:31416,&quot;url&quot;:&quot;https:\\\/\\\/detblaagaestehus.dk\\\/wp-content\\\/uploads\\\/2022\\\/12\\\/20221023_114723-1-rotated.jpg&quot;},{&quot;id&quot;:31421,&quot;url&quot;:&quot;https:\\\/\\\/detblaagaestehus.dk\\\/wp-content\\\/uploads\\\/2022\\\/12\\\/20221023_114821-1.jpg&quot;},{&quot;id&quot;:31422,&quot;url&quot;:&quot;https:\\\/\\\/detblaagaestehus.dk\\\/wp-content\\\/uploads\\\/2022\\\/12\\\/20221023_114836-1.jpg&quot;},{&quot;id&quot;:31418,&quot;url&quot;:&quot;https:\\\/\\\/detblaagaestehus.dk\\\/wp-content\\\/uploads\\\/2022\\\/12\\\/20221023_114739-1.jpg&quot;},{&quot;id&quot;:31675,&quot;url&quot;:&quot;https:\\\/\\\/detblaagaestehus.dk\\\/wp-content\\\/uploads\\\/2023\\\/01\\\/20220401_132631-scaled.jpg&quot;},{&quot;id&quot;:31676,&quot;url&quot;:&quot;https:\\\/\\\/detblaagaestehus.dk\\\/wp-content\\\/uploads\\\/2023\\\/01\\\/20220717_125518-006.jpg&quot;},{&quot;id&quot;:31677,&quot;url&quot;:&quot;https:\\\/\\\/detblaagaestehus.dk\\\/wp-content\\\/uploads\\\/2023\\\/01\\\/20221023_135715-002-rotated.jpg&quot;}],&quot;background_slideshow_transition_duration&quot;:90,&quot;background_slideshow_slide_duration&quot;:2000,&quot;background_slideshow_ken_burns&quot;:&quot;yes&quot;,&quot;background_slideshow_loop&quot;:&quot;yes&quot;,&quot;background_slideshow_slide_transition&quot;:&quot;fade&quot;,&quot;background_slideshow_ken_burns_zoom_direction&quot;:&quot;in&quot;}\">\n\t\t\t<div class=\"elementor-widget-wrap elementor-element-populated\">\n\t\t\t\t\t\t<div class=\"elementor-element elementor-element-1de9ad1 elementor-widget elementor-widget-spacer\" data-id=\"1de9ad1\" data-element_type=\"widget\" data-e-type=\"widget\" data-widget_type=\"spacer.default\">\n\t\t\t\t<div class=\"elementor-widget-container\">\n\t\t\t\t\t\t\t<div class=\"elementor-spacer\">\n\t\t\t<div class=\"elementor-spacer-inner\"><\/div>\n\t\t<\/div>\n\t\t\t\t\t\t<\/div>\n\t\t\t\t<\/div>\n\t\t\t\t\t<\/div>\n\t\t<\/div>\n\t\t\t\t<div class=\"elementor-column elementor-col-50 elementor-top-column elementor-element elementor-element-38b6d04 elementor-invisible\" data-id=\"38b6d04\" data-element_type=\"column\" data-e-type=\"column\" data-settings=\"{&quot;background_background&quot;:&quot;classic&quot;,&quot;animation&quot;:&quot;fadeInRight&quot;}\">\n\t\t\t<div class=\"elementor-widget-wrap elementor-element-populated\">\n\t\t\t\t\t\t<div class=\"elementor-element elementor-element-10b89c6 elementor-widget elementor-widget-text-editor\" data-id=\"10b89c6\" data-element_type=\"widget\" data-e-type=\"widget\" data-widget_type=\"text-editor.default\">\n\t\t\t\t<div class=\"elementor-widget-container\">\n\t\t\t\t\t\t\t\t\t<p><span style=\"text-decoration: underline;\">Vi serverer desv\u00e6rre ikke morgenmad, men der er rig mulighed for selv at lave alle slags m\u00e5ltider i g\u00e6stehuset.<\/span><\/p><p>Stort f\u00e6lles k\u00f8kken med spiseplads til max 6 personer. K\u00f8kkenet er udstyret med alt. Mikrob\u00f8lgeovn, k\u00f8leskab, kogeplader, emh\u00e6tte, indbygningsovn, elkedel, br\u00f8drister, kaffemaskine og opvaskemaskine. Herudover bestik, karklude, viskestykker, tallerkner, gryder og pande, h\u00f8jstol til barn m.m.<\/p><p>Der er tillige en weekendseng til barn under 3 \u00e5r. B\u00f8rn under 3 \u00e5r overnatter gratis &#8211; dog skal man selv medbringe babydyne m.m. men der st\u00e5r en weekendseng til r\u00e5dighed.<\/p><p>Toilet og bad faciliteter er f\u00e6lles mellem g\u00e6sterne i de to v\u00e6relser.\u00a0<\/p><p>Toilet\/bad faciliteter er nyrenoveret &#8211; Februar 2023.<\/p><p>Gratis WiFi i hele huset. Alle TV kanaler og fjernsyn p\u00e5 v\u00e6relserne og i f\u00e6llesrum.<\/p>\t\t\t\t\t\t\t\t<\/div>\n\t\t\t\t<\/div>\n\t\t\t\t\t<\/div>\n\t\t<\/div>\n\t\t\t\t\t<\/div>\n\t\t<\/section>\n\t\t\t\t<\/div>\n\t\t","protected":false},"excerpt":{"rendered":"<p>K\u00e6re dig&#8230; Velkommen til vores Bl\u00e5 G\u00e6stehus p\u00e5 Fan\u00f8. Vi hedder Martin &amp; Lone og er v\u00e6rter her i g\u00e6stehuset. Huset er fra 1886 og har v\u00e6ret i Kromanns sl\u00e6gtens eje i over 100 \u00e5r indtil vi k\u00f8bte huset i 2002. Huset har v\u00e6ret igennem en gennemgribende renovering gennem \u00e5rerne og vi renoverer stadig. Det [&hellip;]<\/p>\n","protected":false},"author":1,"featured_media":30710,"parent":0,"menu_order":0,"comment_status":"closed","ping_status":"closed","template":"","meta":{"footnotes":""},"class_list":["post-30151","page","type-page","status-publish","has-post-thumbnail","hentry"],"_links":{"self":[{"href":"https:\/\/detblaagaestehus.dk\/en\/wp-json\/wp\/v2\/pages\/30151","targetHints":{"allow":["GET"]}}],"collection":[{"href":"https:\/\/detblaagaestehus.dk\/en\/wp-json\/wp\/v2\/pages"}],"about":[{"href":"https:\/\/detblaagaestehus.dk\/en\/wp-json\/wp\/v2\/types\/page"}],"author":[{"embeddable":true,"href":"https:\/\/detblaagaestehus.dk\/en\/wp-json\/wp\/v2\/users\/1"}],"replies":[{"embeddable":true,"href":"https:\/\/detblaagaestehus.dk\/en\/wp-json\/wp\/v2\/comments?post=30151"}],"version-history":[{"count":95,"href":"https:\/\/detblaagaestehus.dk\/en\/wp-json\/wp\/v2\/pages\/30151\/revisions"}],"predecessor-version":[{"id":32084,"href":"https:\/\/detblaagaestehus.dk\/en\/wp-json\/wp\/v2\/pages\/30151\/revisions\/32084"}],"wp:featuredmedia":[{"embeddable":true,"href":"https:\/\/detblaagaestehus.dk\/en\/wp-json\/wp\/v2\/media\/30710"}],"wp:attachment":[{"href":"https:\/\/detblaagaestehus.dk\/en\/wp-json\/wp\/v2\/media?parent=30151"}],"curies":[{"name":"wp","href":"https:\/\/api.w.org\/{rel}","templated":true}]}}