{"id":3,"date":"2020-05-15T16:29:18","date_gmt":"2020-05-15T14:29:18","guid":{"rendered":"http:\/\/udkast.net\/bla\/?page_id=3"},"modified":"2024-12-30T04:04:31","modified_gmt":"2024-12-30T03:04:31","slug":"privatlivspolitik","status":"publish","type":"page","link":"https:\/\/detblaagaestehus.dk\/en\/privatlivspolitik\/","title":{"rendered":"Afbestilling og privatlivspolitik"},"content":{"rendered":"<div data-elementor-type=\"wp-page\" data-elementor-id=\"3\" class=\"elementor elementor-3\" data-elementor-post-type=\"page\">\n\t\t\t\t\t\t<section class=\"elementor-section elementor-top-section elementor-element elementor-element-5e9a921d elementor-section-boxed elementor-section-height-default elementor-section-height-default\" data-id=\"5e9a921d\" data-element_type=\"section\" data-e-type=\"section\">\n\t\t\t\t\t\t<div class=\"elementor-container elementor-column-gap-default\">\n\t\t\t\t\t<div class=\"elementor-column elementor-col-100 elementor-top-column elementor-element elementor-element-3dc93660\" data-id=\"3dc93660\" data-element_type=\"column\" data-e-type=\"column\">\n\t\t\t<div class=\"elementor-widget-wrap elementor-element-populated\">\n\t\t\t\t\t\t<div class=\"elementor-element elementor-element-5652702e elementor-widget elementor-widget-text-editor\" data-id=\"5652702e\" data-element_type=\"widget\" data-e-type=\"widget\" data-widget_type=\"text-editor.default\">\n\t\t\t\t<div class=\"elementor-widget-container\">\n\t\t\t\t\t\t\t\t\t<p>K\u00e6re g\u00e6ster,<\/p>\n<p>Opholdet bedes indbetales senest 8 dage f\u00f8r ankomstdagen. \u00d8nskes opholdet annulleret indenfor 8 dage f\u00f8r ankomst &#8211; vil dit \u00f8nske om annullering af opholdet blive tilbagebetalt med 50 %. Der skal sendes en mail til kontakt@detblaagaestehus.dk med \u00f8nske om annullation og angives navn, dato for opholdet, bank og konto oplysninger i mailen og pengene vil blive tilbagef\u00f8rt inden for 2 hverdage.<\/p>\n<p>\u00a0<\/p>\n<p>\u00a0<\/p>\t\t\t\t\t\t\t\t<\/div>\n\t\t\t\t<\/div>\n\t\t\t\t\t<\/div>\n\t\t<\/div>\n\t\t\t\t\t<\/div>\n\t\t<\/section>\n\t\t\t\t<\/div>","protected":false},"excerpt":{"rendered":"<p>K\u00e6re g\u00e6ster, Opholdet bedes indbetales senest 8 dage f\u00f8r ankomstdagen. \u00d8nskes opholdet annulleret indenfor 8 dage f\u00f8r ankomst &#8211; vil dit \u00f8nske om annullering af opholdet blive tilbagebetalt med 50 %. Der skal sendes en mail til kontakt@detblaagaestehus.dk med \u00f8nske om annullation og angives navn, dato for opholdet, bank og konto oplysninger i mailen og [&hellip;]<\/p>\n","protected":false},"author":1,"featured_media":30041,"parent":0,"menu_order":0,"comment_status":"closed","ping_status":"open","template":"","meta":{"footnotes":""},"class_list":["post-3","page","type-page","status-publish","has-post-thumbnail","hentry"],"_links":{"self":[{"href":"https:\/\/detblaagaestehus.dk\/en\/wp-json\/wp\/v2\/pages\/3","targetHints":{"allow":["GET"]}}],"collection":[{"href":"https:\/\/detblaagaestehus.dk\/en\/wp-json\/wp\/v2\/pages"}],"about":[{"href":"https:\/\/detblaagaestehus.dk\/en\/wp-json\/wp\/v2\/types\/page"}],"author":[{"embeddable":true,"href":"https:\/\/detblaagaestehus.dk\/en\/wp-json\/wp\/v2\/users\/1"}],"replies":[{"embeddable":true,"href":"https:\/\/detblaagaestehus.dk\/en\/wp-json\/wp\/v2\/comments?post=3"}],"version-history":[{"count":15,"href":"https:\/\/detblaagaestehus.dk\/en\/wp-json\/wp\/v2\/pages\/3\/revisions"}],"predecessor-version":[{"id":32054,"href":"https:\/\/detblaagaestehus.dk\/en\/wp-json\/wp\/v2\/pages\/3\/revisions\/32054"}],"wp:featuredmedia":[{"embeddable":true,"href":"https:\/\/detblaagaestehus.dk\/en\/wp-json\/wp\/v2\/media\/30041"}],"wp:attachment":[{"href":"https:\/\/detblaagaestehus.dk\/en\/wp-json\/wp\/v2\/media?parent=3"}],"curies":[{"name":"wp","href":"https:\/\/api.w.org\/{rel}","templated":true}]}}