{"id":29963,"date":"2022-06-08T13:29:30","date_gmt":"2022-06-08T11:29:30","guid":{"rendered":"http:\/\/udkast.net\/bla\/det-blaa-gaestehus-2\/"},"modified":"2024-12-30T05:32:51","modified_gmt":"2024-12-30T04:32:51","slug":"privat-vaerelse-i-tilbygning","status":"publish","type":"page","link":"https:\/\/detblaagaestehus.dk\/en\/privat-vaerelse-i-tilbygning\/","title":{"rendered":"Private room in the guesthouse"},"content":{"rendered":"<div data-elementor-type=\"wp-page\" data-elementor-id=\"29963\" class=\"elementor elementor-29963\" data-elementor-post-type=\"page\">\n\t\t\t\t\t\t<section class=\"elementor-section elementor-top-section elementor-element elementor-element-ac538bc elementor-section-boxed elementor-section-height-default elementor-section-height-default\" data-id=\"ac538bc\" data-element_type=\"section\" data-e-type=\"section\" data-settings=\"{&quot;background_background&quot;:&quot;classic&quot;}\">\n\t\t\t\t\t\t<div class=\"elementor-container elementor-column-gap-default\">\n\t\t\t\t\t<div class=\"elementor-column elementor-col-50 elementor-top-column elementor-element elementor-element-01779f6 elementor-invisible\" data-id=\"01779f6\" data-element_type=\"column\" data-e-type=\"column\" data-settings=\"{&quot;background_background&quot;:&quot;classic&quot;,&quot;animation&quot;:&quot;fadeInLeft&quot;}\">\n\t\t\t<div class=\"elementor-widget-wrap elementor-element-populated\">\n\t\t\t\t\t\t<div class=\"elementor-element elementor-element-409e63d elementor-widget elementor-widget-heading\" data-id=\"409e63d\" data-element_type=\"widget\" data-e-type=\"widget\" data-widget_type=\"heading.default\">\n\t\t\t\t<div class=\"elementor-widget-container\">\n\t\t\t\t\t<h2 class=\"elementor-heading-title elementor-size-default\">Private room on thr 1st floor af the guesthouse<\/h2>\t\t\t\t<\/div>\n\t\t\t\t<\/div>\n\t\t\t\t<div class=\"elementor-element elementor-element-b7e57be elementor-widget elementor-widget-text-editor\" data-id=\"b7e57be\" data-element_type=\"widget\" data-e-type=\"widget\" data-widget_type=\"text-editor.default\">\n\t\t\t\t<div class=\"elementor-widget-container\">\n\t\t\t\t\t\t\t\t\t<p>Our room on the 1st floor of the guest house is independent of our guest house which is located on the ground floor.<\/p><p><strong>Der serveres ikke morgenmad.<\/strong><\/p><p><strong>Dogs are not allowed in this room.<\/strong><\/p><p>Ankomst efter klokken 16 og afrejse inden klokken 10.<\/p><p>For at komme til v\u00e6relset skal man op p\u00e5 den store sydvendte altan. Adressen er: \u00d8stervej 3 ved den store altan.<\/p><p>Prisen er 475 kroner for 2 personer pr. nat.<\/p><p>The price includes linen and towel.<\/p><p>There is a shared shower \/ toilet with the household which consists of 3 people.<\/p><p>There are 2 single beds, fridge, kettle, cutlery, cups and plates and TV in the room.<\/p>\t\t\t\t\t\t\t\t<\/div>\n\t\t\t\t<\/div>\n\t\t\t\t\t<\/div>\n\t\t<\/div>\n\t\t\t\t<div class=\"elementor-column elementor-col-50 elementor-top-column elementor-element elementor-element-5089234 elementor-invisible\" data-id=\"5089234\" data-element_type=\"column\" data-e-type=\"column\" data-settings=\"{&quot;background_background&quot;:&quot;classic&quot;,&quot;animation&quot;:&quot;fadeInUp&quot;}\">\n\t\t\t<div class=\"elementor-widget-wrap elementor-element-populated\">\n\t\t\t\t\t\t<div class=\"elementor-element elementor-element-a9e8451 elementor-widget elementor-widget-image\" data-id=\"a9e8451\" data-element_type=\"widget\" data-e-type=\"widget\" data-widget_type=\"image.default\">\n\t\t\t\t<div class=\"elementor-widget-container\">\n\t\t\t\t\t\t\t\t\t\t\t\t\t\t\t<img fetchpriority=\"high\" decoding=\"async\" width=\"1512\" height=\"2016\" src=\"https:\/\/detblaagaestehus.dk\/wp-content\/uploads\/2022\/06\/Sidste-nye-rotated.jpg\" class=\"attachment-large size-large wp-image-31500\" alt=\"\" srcset=\"https:\/\/detblaagaestehus.dk\/wp-content\/uploads\/2022\/06\/Sidste-nye-rotated.jpg 1512w, https:\/\/detblaagaestehus.dk\/wp-content\/uploads\/2022\/06\/Sidste-nye-768x1024.jpg 768w, https:\/\/detblaagaestehus.dk\/wp-content\/uploads\/2022\/06\/Sidste-nye-1152x1536.jpg 1152w, https:\/\/detblaagaestehus.dk\/wp-content\/uploads\/2022\/06\/Sidste-nye-9x12.jpg 9w, https:\/\/detblaagaestehus.dk\/wp-content\/uploads\/2022\/06\/Sidste-nye-600x800.jpg 600w\" sizes=\"(max-width: 1512px) 100vw, 1512px\" \/>\t\t\t\t\t\t\t\t\t\t\t\t\t\t\t<\/div>\n\t\t\t\t<\/div>\n\t\t\t\t<div class=\"elementor-element elementor-element-19de046 elementor-widget elementor-widget-image\" data-id=\"19de046\" data-element_type=\"widget\" data-e-type=\"widget\" data-widget_type=\"image.default\">\n\t\t\t\t<div class=\"elementor-widget-container\">\n\t\t\t\t\t\t\t\t\t\t\t\t\t\t\t<img decoding=\"async\" width=\"1920\" height=\"2560\" src=\"https:\/\/detblaagaestehus.dk\/wp-content\/uploads\/2022\/12\/20200808_145302-scaled.jpg\" class=\"attachment-large size-large wp-image-31514\" alt=\"\" srcset=\"https:\/\/detblaagaestehus.dk\/wp-content\/uploads\/2022\/12\/20200808_145302-scaled.jpg 1920w, https:\/\/detblaagaestehus.dk\/wp-content\/uploads\/2022\/12\/20200808_145302-768x1024.jpg 768w, https:\/\/detblaagaestehus.dk\/wp-content\/uploads\/2022\/12\/20200808_145302-1152x1536.jpg 1152w, https:\/\/detblaagaestehus.dk\/wp-content\/uploads\/2022\/12\/20200808_145302-1536x2048.jpg 1536w, https:\/\/detblaagaestehus.dk\/wp-content\/uploads\/2022\/12\/20200808_145302-9x12.jpg 9w, https:\/\/detblaagaestehus.dk\/wp-content\/uploads\/2022\/12\/20200808_145302-600x800.jpg 600w\" sizes=\"(max-width: 1920px) 100vw, 1920px\" \/>\t\t\t\t\t\t\t\t\t\t\t\t\t\t\t<\/div>\n\t\t\t\t<\/div>\n\t\t\t\t\t<\/div>\n\t\t<\/div>\n\t\t\t\t\t<\/div>\n\t\t<\/section>\n\t\t\t\t<section class=\"elementor-section elementor-top-section elementor-element elementor-element-4a251e4 elementor-reverse-mobile elementor-reverse-tablet elementor-section-boxed elementor-section-height-default elementor-section-height-default\" data-id=\"4a251e4\" data-element_type=\"section\" data-e-type=\"section\" data-settings=\"{&quot;background_background&quot;:&quot;classic&quot;}\">\n\t\t\t\t\t\t<div class=\"elementor-container elementor-column-gap-default\">\n\t\t\t\t\t<div class=\"elementor-column elementor-col-50 elementor-top-column elementor-element elementor-element-96ec774 elementor-invisible\" data-id=\"96ec774\" data-element_type=\"column\" data-e-type=\"column\" data-settings=\"{&quot;background_background&quot;:&quot;classic&quot;,&quot;animation&quot;:&quot;fadeInUp&quot;}\">\n\t\t\t<div class=\"elementor-widget-wrap elementor-element-populated\">\n\t\t\t\t\t\t<div class=\"elementor-element elementor-element-b53a952 elementor-widget elementor-widget-image\" data-id=\"b53a952\" data-element_type=\"widget\" data-e-type=\"widget\" data-widget_type=\"image.default\">\n\t\t\t\t<div class=\"elementor-widget-container\">\n\t\t\t\t\t\t\t\t\t\t\t\t\t\t\t<img decoding=\"async\" width=\"1920\" height=\"2560\" src=\"https:\/\/detblaagaestehus.dk\/wp-content\/uploads\/2022\/06\/20210820_185017-scaled.jpg\" class=\"attachment-large size-large wp-image-30364\" alt=\"\" srcset=\"https:\/\/detblaagaestehus.dk\/wp-content\/uploads\/2022\/06\/20210820_185017-scaled.jpg 1920w, https:\/\/detblaagaestehus.dk\/wp-content\/uploads\/2022\/06\/20210820_185017-768x1024.jpg 768w, https:\/\/detblaagaestehus.dk\/wp-content\/uploads\/2022\/06\/20210820_185017-1152x1536.jpg 1152w, https:\/\/detblaagaestehus.dk\/wp-content\/uploads\/2022\/06\/20210820_185017-1536x2048.jpg 1536w, https:\/\/detblaagaestehus.dk\/wp-content\/uploads\/2022\/06\/20210820_185017-600x800.jpg 600w\" sizes=\"(max-width: 1920px) 100vw, 1920px\" \/>\t\t\t\t\t\t\t\t\t\t\t\t\t\t\t<\/div>\n\t\t\t\t<\/div>\n\t\t\t\t\t<\/div>\n\t\t<\/div>\n\t\t\t\t<div class=\"elementor-column elementor-col-50 elementor-top-column elementor-element elementor-element-8e836d5 elementor-invisible\" data-id=\"8e836d5\" data-element_type=\"column\" data-e-type=\"column\" data-settings=\"{&quot;background_background&quot;:&quot;classic&quot;,&quot;animation&quot;:&quot;fadeInRight&quot;}\">\n\t\t\t<div class=\"elementor-widget-wrap elementor-element-populated\">\n\t\t\t\t\t\t<div class=\"elementor-element elementor-element-cb413fe elementor-widget elementor-widget-text-editor\" data-id=\"cb413fe\" data-element_type=\"widget\" data-e-type=\"widget\" data-widget_type=\"text-editor.default\">\n\t\t\t\t<div class=\"elementor-widget-container\">\n\t\t\t\t\t\t\t\t\t<p>The room is located so you do not have to go through our private area.<\/p>\n<p>When you get up on our lovely south-facing balcony you go directly to the right where the room is located.<\/p>\n<p>We live on the left, where there is a smaller staircase up to.<\/p>\n<p>V\u00e6relset ligger lige ved siden af et stort toilet\/bad som deles med hustanden (2 personer).<\/p>\n<p>Der er ikke adgang til k\u00f8kken &#8211; men der er k\u00f8leskab p\u00e5 v\u00e6relset, elkedel, kopper, tallerkner, bestik.<\/p>\n<p>The rental should be seen as an alternative to a quick overnight stay or two. You do not have the opportunity to cook hot food or any other form of cooking.<\/p>\n<p>But there is a fantastic patio and free use of our large south-facing balcony, where you can sit undisturbed and read, drink coffee, or eat.<\/p>\n<p><span style=\"text-decoration: underline;\">Du kan desv\u00e6rre ikke have hund med, hvis du \u00f8nsker dette v\u00e6relse2<\/span><\/p>\n<p><\/p>\t\t\t\t\t\t\t\t<\/div>\n\t\t\t\t<\/div>\n\t\t\t\t\t<\/div>\n\t\t<\/div>\n\t\t\t\t\t<\/div>\n\t\t<\/section>\n\t\t\t\t<section class=\"elementor-section elementor-top-section elementor-element elementor-element-e6dff7f elementor-section-boxed elementor-section-height-default elementor-section-height-default\" data-id=\"e6dff7f\" data-element_type=\"section\" data-e-type=\"section\" data-settings=\"{&quot;background_background&quot;:&quot;classic&quot;}\">\n\t\t\t\t\t\t<div class=\"elementor-container elementor-column-gap-default\">\n\t\t\t\t\t<div class=\"elementor-column elementor-col-50 elementor-top-column elementor-element elementor-element-05dc67a elementor-invisible\" data-id=\"05dc67a\" data-element_type=\"column\" data-e-type=\"column\" data-settings=\"{&quot;background_background&quot;:&quot;classic&quot;,&quot;animation&quot;:&quot;fadeInLeft&quot;}\">\n\t\t\t<div class=\"elementor-widget-wrap elementor-element-populated\">\n\t\t\t\t\t\t<div class=\"elementor-element elementor-element-7f0b2b3 elementor-widget elementor-widget-heading\" data-id=\"7f0b2b3\" data-element_type=\"widget\" data-e-type=\"widget\" data-widget_type=\"heading.default\">\n\t\t\t\t<div class=\"elementor-widget-container\">\n\t\t\t\t\t<h2 class=\"elementor-heading-title elementor-size-default\">Reviews of the room:<\/h2>\t\t\t\t<\/div>\n\t\t\t\t<\/div>\n\t\t\t\t<div class=\"elementor-element elementor-element-f40d139 elementor-widget elementor-widget-text-editor\" data-id=\"f40d139\" data-element_type=\"widget\" data-e-type=\"widget\" data-widget_type=\"text-editor.default\">\n\t\t\t\t<div class=\"elementor-widget-container\">\n\t\t\t\t\t\t\t\t\t<p><span style=\"color: var( --e-global-color-text ); font-weight: var( --e-global-typography-text-font-weight ); font-size: 1rem;\">- If you just need a bed, it is super ideal for the purpose.<\/span><\/p><p>&#8211;\u00a0 Nu er jeg ofte p\u00e5 Fan\u00f8. Jeg har boet i &#8220;Kromanns kammer&#8221; p\u00e5 1. sal flere gange. Prisen er S\u00c5 fin. Man f\u00e5r ikke noget mere ordentligt for 475 kr. pr. nat for 2 personer.<\/p><p>&#8211; Dejligt v\u00e6relse med adgang til super altan og k\u00e6mpe badev\u00e6relse som er nydeligt.<\/p><p>&#8211; Ingen problemer med at dele toilet\/bad med Martin og Lone. De er alligevel ikke s\u00e5 meget hjemme.<\/p><p>- Informal and cozy tone with Martin and Lone - and the cleaning is in order<\/p><p>&#8211; Selvom det er et privat v\u00e6relse i husets tilbygning- er man sig selv.<\/p><p>&#8211; Super fed altan, hvor vi fik et glas vin og nyd aften med t\u00e6ppe omkring benene.<\/p><p>&#8211; Fint ordentligt v\u00e6relse til billige penge. Kanon terrasse.<\/p><p>-Man kommer vel ikke til Fan\u00f8 for at sidde p\u00e5 et v\u00e6relse og glo tv. Man er ude og nyde Fan\u00f8, s\u00e5 super sted at overnatte.<\/p>\t\t\t\t\t\t\t\t<\/div>\n\t\t\t\t<\/div>\n\t\t\t\t\t<\/div>\n\t\t<\/div>\n\t\t\t\t<div class=\"elementor-column elementor-col-50 elementor-top-column elementor-element elementor-element-2aa83ac elementor-invisible\" data-id=\"2aa83ac\" data-element_type=\"column\" data-e-type=\"column\" data-settings=\"{&quot;background_background&quot;:&quot;classic&quot;,&quot;animation&quot;:&quot;fadeInUp&quot;}\">\n\t\t\t<div class=\"elementor-widget-wrap elementor-element-populated\">\n\t\t\t\t\t\t<div class=\"elementor-element elementor-element-ec27df8 elementor-widget elementor-widget-image\" data-id=\"ec27df8\" data-element_type=\"widget\" data-e-type=\"widget\" data-widget_type=\"image.default\">\n\t\t\t\t<div class=\"elementor-widget-container\">\n\t\t\t\t\t\t\t\t\t\t\t\t\t\t\t<img loading=\"lazy\" decoding=\"async\" width=\"450\" height=\"600\" src=\"https:\/\/detblaagaestehus.dk\/wp-content\/uploads\/2022\/06\/6.jpeg\" class=\"attachment-large size-large wp-image-30021\" alt=\"\" \/>\t\t\t\t\t\t\t\t\t\t\t\t\t\t\t<\/div>\n\t\t\t\t<\/div>\n\t\t\t\t\t<\/div>\n\t\t<\/div>\n\t\t\t\t\t<\/div>\n\t\t<\/section>\n\t\t\t\t<\/div>","protected":false},"excerpt":{"rendered":"<p>Udlejning af privat v\u00e6relse p\u00e5 1. salen af g\u00e6stehuset Vores v\u00e6relse p\u00e5 1. salen af g\u00e6stehuset er uafh\u00e6ngig af vores g\u00e6stehus som ligger i stueplan. Der serveres ikke morgenmad. Hunde er ikke tilladt. Ankomst efter klokken 16 og afrejse inden klokken 10. For at komme til v\u00e6relset skal man op p\u00e5 den store sydvendte altan. [&hellip;]<\/p>\n","protected":false},"author":1,"featured_media":30066,"parent":0,"menu_order":0,"comment_status":"closed","ping_status":"closed","template":"","meta":{"footnotes":""},"class_list":["post-29963","page","type-page","status-publish","has-post-thumbnail","hentry"],"_links":{"self":[{"href":"https:\/\/detblaagaestehus.dk\/en\/wp-json\/wp\/v2\/pages\/29963","targetHints":{"allow":["GET"]}}],"collection":[{"href":"https:\/\/detblaagaestehus.dk\/en\/wp-json\/wp\/v2\/pages"}],"about":[{"href":"https:\/\/detblaagaestehus.dk\/en\/wp-json\/wp\/v2\/types\/page"}],"author":[{"embeddable":true,"href":"https:\/\/detblaagaestehus.dk\/en\/wp-json\/wp\/v2\/users\/1"}],"replies":[{"embeddable":true,"href":"https:\/\/detblaagaestehus.dk\/en\/wp-json\/wp\/v2\/comments?post=29963"}],"version-history":[{"count":50,"href":"https:\/\/detblaagaestehus.dk\/en\/wp-json\/wp\/v2\/pages\/29963\/revisions"}],"predecessor-version":[{"id":32118,"href":"https:\/\/detblaagaestehus.dk\/en\/wp-json\/wp\/v2\/pages\/29963\/revisions\/32118"}],"wp:featuredmedia":[{"embeddable":true,"href":"https:\/\/detblaagaestehus.dk\/en\/wp-json\/wp\/v2\/media\/30066"}],"wp:attachment":[{"href":"https:\/\/detblaagaestehus.dk\/en\/wp-json\/wp\/v2\/media?parent=29963"}],"curies":[{"name":"wp","href":"https:\/\/api.w.org\/{rel}","templated":true}]}}