{"id":29961,"date":"2022-06-08T13:28:53","date_gmt":"2022-06-08T11:28:53","guid":{"rendered":"http:\/\/udkast.net\/bla\/det-blaa-gaestehus-2\/"},"modified":"2023-09-12T12:57:02","modified_gmt":"2023-09-12T10:57:02","slug":"gaardhaverne","status":"publish","type":"page","link":"https:\/\/detblaagaestehus.dk\/en\/gaardhaverne\/","title":{"rendered":"Courtyards"},"content":{"rendered":"\t\t<div data-elementor-type=\"wp-page\" data-elementor-id=\"29961\" class=\"elementor elementor-29961\" data-elementor-post-type=\"page\">\n\t\t\t\t\t\t<section class=\"elementor-section elementor-top-section elementor-element elementor-element-e6dff7f elementor-section-boxed elementor-section-height-default elementor-section-height-default\" data-id=\"e6dff7f\" data-element_type=\"section\" data-e-type=\"section\" data-settings=\"{&quot;background_background&quot;:&quot;classic&quot;}\">\n\t\t\t\t\t\t<div class=\"elementor-container elementor-column-gap-default\">\n\t\t\t\t\t<div class=\"elementor-column elementor-col-50 elementor-top-column elementor-element elementor-element-05dc67a elementor-invisible\" data-id=\"05dc67a\" data-element_type=\"column\" data-e-type=\"column\" data-settings=\"{&quot;background_background&quot;:&quot;classic&quot;,&quot;animation&quot;:&quot;fadeInLeft&quot;}\">\n\t\t\t<div class=\"elementor-widget-wrap elementor-element-populated\">\n\t\t\t\t\t\t<div class=\"elementor-element elementor-element-e20b362 elementor-widget elementor-widget-heading\" data-id=\"e20b362\" data-element_type=\"widget\" data-e-type=\"widget\" data-widget_type=\"heading.default\">\n\t\t\t\t<div class=\"elementor-widget-container\">\n\t\t\t\t\t<h2 class=\"elementor-heading-title elementor-size-default\">De smukke g\u00e5rdhaver<\/h2>\t\t\t\t<\/div>\n\t\t\t\t<\/div>\n\t\t\t\t<div class=\"elementor-element elementor-element-325e7c9 elementor-widget elementor-widget-text-editor\" data-id=\"325e7c9\" data-element_type=\"widget\" data-e-type=\"widget\" data-widget_type=\"text-editor.default\">\n\t\t\t\t<div class=\"elementor-widget-container\">\n\t\t\t\t\t\t\t\t\t<p>Der er 2 g\u00e5rdhaver til g\u00e6stehuset. Den ene &#8211; som er til nord er samtidig indgangen til g\u00e6stehuset. Der er for det meste skygge, men der er morgensol.<\/p><p>Den anden er den store sydvendte g\u00e5rdhave.\u00a0<\/p><p>Begge g\u00e5rdhaver er til fri afbenyttelse for vores g\u00e6ster.<\/p><p>Man skal dog g\u00e5 udenom huset og ind af havel\u00e5gen, hvis I \u00f8nsker at sidde p\u00e5 sydsiden af g\u00e6stehuset.<\/p><p>I begge g\u00e5rdhaver er der hyndebokse til fri afbenyttelse<\/p>\t\t\t\t\t\t\t\t<\/div>\n\t\t\t\t<\/div>\n\t\t\t\t\t<\/div>\n\t\t<\/div>\n\t\t\t\t<div class=\"elementor-column elementor-col-50 elementor-top-column elementor-element elementor-element-2aa83ac elementor-invisible\" data-id=\"2aa83ac\" data-element_type=\"column\" data-e-type=\"column\" data-settings=\"{&quot;background_background&quot;:&quot;slideshow&quot;,&quot;animation&quot;:&quot;fadeInUp&quot;,&quot;background_slideshow_gallery&quot;:[{&quot;id&quot;:31457,&quot;url&quot;:&quot;https:\\\/\\\/detblaagaestehus.dk\\\/wp-content\\\/uploads\\\/2022\\\/12\\\/IMG_1532.jpg&quot;},{&quot;id&quot;:30939,&quot;url&quot;:&quot;https:\\\/\\\/detblaagaestehus.dk\\\/wp-content\\\/uploads\\\/2022\\\/07\\\/DSC_0303-1.jpg&quot;},{&quot;id&quot;:30935,&quot;url&quot;:&quot;https:\\\/\\\/detblaagaestehus.dk\\\/wp-content\\\/uploads\\\/2022\\\/07\\\/DSC_0318.jpg&quot;},{&quot;id&quot;:30937,&quot;url&quot;:&quot;https:\\\/\\\/detblaagaestehus.dk\\\/wp-content\\\/uploads\\\/2022\\\/07\\\/DSC_0306.jpg&quot;},{&quot;id&quot;:30054,&quot;url&quot;:&quot;https:\\\/\\\/detblaagaestehus.dk\\\/wp-content\\\/uploads\\\/2022\\\/06\\\/18c-1.jpeg&quot;},{&quot;id&quot;:31462,&quot;url&quot;:&quot;https:\\\/\\\/detblaagaestehus.dk\\\/wp-content\\\/uploads\\\/2022\\\/12\\\/20220717_125356-004.jpg&quot;},{&quot;id&quot;:31460,&quot;url&quot;:&quot;https:\\\/\\\/detblaagaestehus.dk\\\/wp-content\\\/uploads\\\/2022\\\/12\\\/20220717_125257-004-rotated.jpg&quot;},{&quot;id&quot;:31465,&quot;url&quot;:&quot;https:\\\/\\\/detblaagaestehus.dk\\\/wp-content\\\/uploads\\\/2022\\\/12\\\/Undenfor-2.jpg&quot;},{&quot;id&quot;:31461,&quot;url&quot;:&quot;https:\\\/\\\/detblaagaestehus.dk\\\/wp-content\\\/uploads\\\/2022\\\/12\\\/20220717_125317-004.jpg&quot;},{&quot;id&quot;:31463,&quot;url&quot;:&quot;https:\\\/\\\/detblaagaestehus.dk\\\/wp-content\\\/uploads\\\/2022\\\/12\\\/DSC_0152-scaled.jpg&quot;},{&quot;id&quot;:31466,&quot;url&quot;:&quot;https:\\\/\\\/detblaagaestehus.dk\\\/wp-content\\\/uploads\\\/2022\\\/12\\\/20210722_102856-scaled.jpg&quot;},{&quot;id&quot;:31464,&quot;url&quot;:&quot;https:\\\/\\\/detblaagaestehus.dk\\\/wp-content\\\/uploads\\\/2022\\\/12\\\/Haven-SV-07-scaled.jpg&quot;},{&quot;id&quot;:30052,&quot;url&quot;:&quot;https:\\\/\\\/detblaagaestehus.dk\\\/wp-content\\\/uploads\\\/2022\\\/06\\\/dsc_0091.jpeg&quot;},{&quot;id&quot;:30053,&quot;url&quot;:&quot;https:\\\/\\\/detblaagaestehus.dk\\\/wp-content\\\/uploads\\\/2022\\\/06\\\/dsc_0090.jpeg&quot;},{&quot;id&quot;:30055,&quot;url&quot;:&quot;https:\\\/\\\/detblaagaestehus.dk\\\/wp-content\\\/uploads\\\/2022\\\/06\\\/dsc_0048.jpeg&quot;},{&quot;id&quot;:30739,&quot;url&quot;:&quot;https:\\\/\\\/detblaagaestehus.dk\\\/wp-content\\\/uploads\\\/2022\\\/07\\\/DSC_0106.jpg&quot;}],&quot;background_slideshow_transition_duration&quot;:90,&quot;background_slideshow_slide_duration&quot;:2000,&quot;background_slideshow_ken_burns&quot;:&quot;yes&quot;,&quot;background_slideshow_loop&quot;:&quot;yes&quot;,&quot;background_slideshow_slide_transition&quot;:&quot;fade&quot;,&quot;background_slideshow_ken_burns_zoom_direction&quot;:&quot;in&quot;}\">\n\t\t\t<div class=\"elementor-widget-wrap elementor-element-populated\">\n\t\t\t\t\t\t<div class=\"elementor-element elementor-element-1788001 elementor-widget elementor-widget-spacer\" data-id=\"1788001\" data-element_type=\"widget\" data-e-type=\"widget\" data-widget_type=\"spacer.default\">\n\t\t\t\t<div class=\"elementor-widget-container\">\n\t\t\t\t\t\t\t<div class=\"elementor-spacer\">\n\t\t\t<div class=\"elementor-spacer-inner\"><\/div>\n\t\t<\/div>\n\t\t\t\t\t\t<\/div>\n\t\t\t\t<\/div>\n\t\t\t\t\t<\/div>\n\t\t<\/div>\n\t\t\t\t\t<\/div>\n\t\t<\/section>\n\t\t\t\t<\/div>\n\t\t","protected":false},"excerpt":{"rendered":"<p>De smukke g\u00e5rdhaver Der er 2 g\u00e5rdhaver til g\u00e6stehuset. Den ene &#8211; som er til nord er samtidig indgangen til g\u00e6stehuset. Der er for det meste skygge, men der er morgensol. Den anden er den store sydvendte g\u00e5rdhave.\u00a0 Begge g\u00e5rdhaver er til fri afbenyttelse for vores g\u00e6ster. Man skal dog g\u00e5 udenom huset og ind [&hellip;]<\/p>\n","protected":false},"author":1,"featured_media":30742,"parent":0,"menu_order":0,"comment_status":"closed","ping_status":"closed","template":"","meta":{"footnotes":""},"class_list":["post-29961","page","type-page","status-publish","has-post-thumbnail","hentry"],"_links":{"self":[{"href":"https:\/\/detblaagaestehus.dk\/en\/wp-json\/wp\/v2\/pages\/29961","targetHints":{"allow":["GET"]}}],"collection":[{"href":"https:\/\/detblaagaestehus.dk\/en\/wp-json\/wp\/v2\/pages"}],"about":[{"href":"https:\/\/detblaagaestehus.dk\/en\/wp-json\/wp\/v2\/types\/page"}],"author":[{"embeddable":true,"href":"https:\/\/detblaagaestehus.dk\/en\/wp-json\/wp\/v2\/users\/1"}],"replies":[{"embeddable":true,"href":"https:\/\/detblaagaestehus.dk\/en\/wp-json\/wp\/v2\/comments?post=29961"}],"version-history":[{"count":53,"href":"https:\/\/detblaagaestehus.dk\/en\/wp-json\/wp\/v2\/pages\/29961\/revisions"}],"predecessor-version":[{"id":32013,"href":"https:\/\/detblaagaestehus.dk\/en\/wp-json\/wp\/v2\/pages\/29961\/revisions\/32013"}],"wp:featuredmedia":[{"embeddable":true,"href":"https:\/\/detblaagaestehus.dk\/en\/wp-json\/wp\/v2\/media\/30742"}],"wp:attachment":[{"href":"https:\/\/detblaagaestehus.dk\/en\/wp-json\/wp\/v2\/media?parent=29961"}],"curies":[{"name":"wp","href":"https:\/\/api.w.org\/{rel}","templated":true}]}}