{"id":29956,"date":"2022-06-08T13:27:01","date_gmt":"2022-06-08T11:27:01","guid":{"rendered":"http:\/\/udkast.net\/bla\/vaerelserne-i-det-blaa-gaestehus-2\/"},"modified":"2024-12-30T07:07:43","modified_gmt":"2024-12-30T06:07:43","slug":"vaerelserne-i-det-blaa-gaestehus-2","status":"publish","type":"page","link":"https:\/\/detblaagaestehus.dk\/en\/vaerelserne-i-det-blaa-gaestehus-2\/","title":{"rendered":"Rooms in The Blue Guesthouse"},"content":{"rendered":"\t\t<div data-elementor-type=\"wp-page\" data-elementor-id=\"29956\" class=\"elementor elementor-29956\" data-elementor-post-type=\"page\">\n\t\t\t\t\t\t<section class=\"elementor-section elementor-top-section elementor-element elementor-element-e6dff7f elementor-section-boxed elementor-section-height-default elementor-section-height-default\" data-id=\"e6dff7f\" data-element_type=\"section\" data-e-type=\"section\" data-settings=\"{&quot;background_background&quot;:&quot;classic&quot;}\">\n\t\t\t\t\t\t<div class=\"elementor-container elementor-column-gap-default\">\n\t\t\t\t\t<div class=\"elementor-column elementor-col-50 elementor-top-column elementor-element elementor-element-05dc67a elementor-invisible\" data-id=\"05dc67a\" data-element_type=\"column\" data-e-type=\"column\" data-settings=\"{&quot;background_background&quot;:&quot;classic&quot;,&quot;animation&quot;:&quot;fadeInLeft&quot;}\">\n\t\t\t<div class=\"elementor-widget-wrap elementor-element-populated\">\n\t\t\t\t\t\t<div class=\"elementor-element elementor-element-7f0b2b3 elementor-widget elementor-widget-heading\" data-id=\"7f0b2b3\" data-element_type=\"widget\" data-e-type=\"widget\" data-widget_type=\"heading.default\">\n\t\t\t\t<div class=\"elementor-widget-container\">\n\t\t\t\t\t<h2 class=\"elementor-heading-title elementor-size-default\">Dobbeltv\u00e6relse no. 1 <\/h2>\t\t\t\t<\/div>\n\t\t\t\t<\/div>\n\t\t\t\t<div class=\"elementor-element elementor-element-325e7c9 elementor-widget elementor-widget-text-editor\" data-id=\"325e7c9\" data-element_type=\"widget\" data-e-type=\"widget\" data-widget_type=\"text-editor.default\">\n\t\t\t\t<div class=\"elementor-widget-container\">\n\t\t\t\t\t\t\t\t\t<p><span style=\"text-decoration: underline;\"><strong>OBS: Weekenderne er 2-dages udlejning<\/strong><\/span><\/p><p>Et dejligt lyst og stort 18 kvm v\u00e6relse med dobbeltseng og et mindre spisebord. Tr\u00e6gulve og v\u00e6gh\u00e6ngt fladsk\u00e6rm p\u00e5 v\u00e6relset. V\u00e6relset har udgang til den f\u00e6lles opholdsstue og vinduer ud mod den sydvendte g\u00e5rdhave.<\/p><p>I dette dobbeltv\u00e6relse m\u00e5 man godt medbringe sin hund gratis, dog m\u00e5 hunden ikke v\u00e6re alene hjemme og i m\u00f8blerne.<\/p><p>Prisen er 650,- dkk pr. nat for 2 personer. Man har mulighed for en opredning til 3. person p\u00e5 v\u00e6relset. En opredning koster kr. 200,- pr. nat.<\/p><p>Man har mulighed for at medbringe et barn under 3 \u00e5r &#8211; gratis og der vil v\u00e6re en weekendseng til r\u00e5dighed. For barnets bedste b\u00f8r du selv medbringe barnets dyne og pude.<\/p><p>Prisen inkluderer sengelinned og h\u00e5ndkl\u00e6de og slutreng\u00f8ring.<\/p><p>Vi er et g\u00e6stehus &#8211; og serverer derfor ikke morgenmad men der er komplet f\u00e6llesk\u00f8kken, hvor man kan lave alle slags m\u00e5ltider.<\/p>\t\t\t\t\t\t\t\t<\/div>\n\t\t\t\t<\/div>\n\t\t\t\t\t<\/div>\n\t\t<\/div>\n\t\t\t\t<div class=\"elementor-column elementor-col-50 elementor-top-column elementor-element elementor-element-2aa83ac elementor-invisible\" data-id=\"2aa83ac\" data-element_type=\"column\" data-e-type=\"column\" data-settings=\"{&quot;background_background&quot;:&quot;slideshow&quot;,&quot;animation&quot;:&quot;fadeInUp&quot;,&quot;background_slideshow_gallery&quot;:[{&quot;id&quot;:31798,&quot;url&quot;:&quot;https:\\\/\\\/detblaagaestehus.dk\\\/wp-content\\\/uploads\\\/2023\\\/02\\\/20230210_141208.jpg&quot;},{&quot;id&quot;:31799,&quot;url&quot;:&quot;https:\\\/\\\/detblaagaestehus.dk\\\/wp-content\\\/uploads\\\/2023\\\/02\\\/20230210_141220-rotated.jpg&quot;},{&quot;id&quot;:31800,&quot;url&quot;:&quot;https:\\\/\\\/detblaagaestehus.dk\\\/wp-content\\\/uploads\\\/2023\\\/02\\\/20230210_141230.jpg&quot;},{&quot;id&quot;:31801,&quot;url&quot;:&quot;https:\\\/\\\/detblaagaestehus.dk\\\/wp-content\\\/uploads\\\/2023\\\/02\\\/20230210_141236-rotated.jpg&quot;},{&quot;id&quot;:31802,&quot;url&quot;:&quot;https:\\\/\\\/detblaagaestehus.dk\\\/wp-content\\\/uploads\\\/2023\\\/02\\\/20230210_141303-rotated.jpg&quot;},{&quot;id&quot;:31803,&quot;url&quot;:&quot;https:\\\/\\\/detblaagaestehus.dk\\\/wp-content\\\/uploads\\\/2023\\\/02\\\/20230210_141309-rotated.jpg&quot;},{&quot;id&quot;:31804,&quot;url&quot;:&quot;https:\\\/\\\/detblaagaestehus.dk\\\/wp-content\\\/uploads\\\/2023\\\/02\\\/20230210_141320.jpg&quot;},{&quot;id&quot;:31809,&quot;url&quot;:&quot;https:\\\/\\\/detblaagaestehus.dk\\\/wp-content\\\/uploads\\\/2023\\\/02\\\/20220308_183231-scaled.jpg&quot;},{&quot;id&quot;:31810,&quot;url&quot;:&quot;https:\\\/\\\/detblaagaestehus.dk\\\/wp-content\\\/uploads\\\/2023\\\/02\\\/20220310_140730-scaled.jpg&quot;},{&quot;id&quot;:31811,&quot;url&quot;:&quot;https:\\\/\\\/detblaagaestehus.dk\\\/wp-content\\\/uploads\\\/2023\\\/02\\\/20220310_140958-scaled.jpg&quot;},{&quot;id&quot;:31812,&quot;url&quot;:&quot;https:\\\/\\\/detblaagaestehus.dk\\\/wp-content\\\/uploads\\\/2023\\\/02\\\/20220310_141026-scaled.jpg&quot;},{&quot;id&quot;:31813,&quot;url&quot;:&quot;https:\\\/\\\/detblaagaestehus.dk\\\/wp-content\\\/uploads\\\/2023\\\/02\\\/20220310_173824-scaled.jpg&quot;}],&quot;background_slideshow_ken_burns&quot;:&quot;yes&quot;,&quot;background_slideshow_loop&quot;:&quot;yes&quot;,&quot;background_slideshow_slide_duration&quot;:5000,&quot;background_slideshow_slide_transition&quot;:&quot;fade&quot;,&quot;background_slideshow_transition_duration&quot;:500,&quot;background_slideshow_ken_burns_zoom_direction&quot;:&quot;in&quot;}\">\n\t\t\t<div class=\"elementor-widget-wrap elementor-element-populated\">\n\t\t\t\t\t\t<div class=\"elementor-element elementor-element-1788001 elementor-widget elementor-widget-spacer\" data-id=\"1788001\" data-element_type=\"widget\" data-e-type=\"widget\" data-widget_type=\"spacer.default\">\n\t\t\t\t<div class=\"elementor-widget-container\">\n\t\t\t\t\t\t\t<div class=\"elementor-spacer\">\n\t\t\t<div class=\"elementor-spacer-inner\"><\/div>\n\t\t<\/div>\n\t\t\t\t\t\t<\/div>\n\t\t\t\t<\/div>\n\t\t\t\t\t<\/div>\n\t\t<\/div>\n\t\t\t\t\t<\/div>\n\t\t<\/section>\n\t\t\t\t<section class=\"elementor-section elementor-top-section elementor-element elementor-element-4a251e4 elementor-reverse-mobile elementor-reverse-tablet elementor-section-boxed elementor-section-height-default elementor-section-height-default\" data-id=\"4a251e4\" data-element_type=\"section\" data-e-type=\"section\" data-settings=\"{&quot;background_background&quot;:&quot;classic&quot;}\">\n\t\t\t\t\t\t<div class=\"elementor-container elementor-column-gap-default\">\n\t\t\t\t\t<div class=\"elementor-column elementor-col-50 elementor-top-column elementor-element elementor-element-96ec774 elementor-invisible\" data-id=\"96ec774\" data-element_type=\"column\" data-e-type=\"column\" data-settings=\"{&quot;background_background&quot;:&quot;slideshow&quot;,&quot;animation&quot;:&quot;fadeInUp&quot;,&quot;background_slideshow_gallery&quot;:[{&quot;id&quot;:31817,&quot;url&quot;:&quot;https:\\\/\\\/detblaagaestehus.dk\\\/wp-content\\\/uploads\\\/2023\\\/02\\\/20230210_141623-rotated.jpg&quot;},{&quot;id&quot;:31818,&quot;url&quot;:&quot;https:\\\/\\\/detblaagaestehus.dk\\\/wp-content\\\/uploads\\\/2023\\\/02\\\/20230210_141702.jpg&quot;},{&quot;id&quot;:31819,&quot;url&quot;:&quot;https:\\\/\\\/detblaagaestehus.dk\\\/wp-content\\\/uploads\\\/2023\\\/02\\\/20230210_141732-rotated.jpg&quot;},{&quot;id&quot;:31820,&quot;url&quot;:&quot;https:\\\/\\\/detblaagaestehus.dk\\\/wp-content\\\/uploads\\\/2023\\\/02\\\/20230210_141803-rotated.jpg&quot;},{&quot;id&quot;:31822,&quot;url&quot;:&quot;https:\\\/\\\/detblaagaestehus.dk\\\/wp-content\\\/uploads\\\/2023\\\/02\\\/20230210_141818-1-rotated.jpg&quot;}],&quot;background_slideshow_ken_burns&quot;:&quot;yes&quot;,&quot;background_slideshow_loop&quot;:&quot;yes&quot;,&quot;background_slideshow_slide_duration&quot;:5000,&quot;background_slideshow_slide_transition&quot;:&quot;fade&quot;,&quot;background_slideshow_transition_duration&quot;:500,&quot;background_slideshow_ken_burns_zoom_direction&quot;:&quot;in&quot;}\">\n\t\t\t<div class=\"elementor-widget-wrap elementor-element-populated\">\n\t\t\t\t\t\t<div class=\"elementor-element elementor-element-b1c000d elementor-widget elementor-widget-spacer\" data-id=\"b1c000d\" data-element_type=\"widget\" data-e-type=\"widget\" data-widget_type=\"spacer.default\">\n\t\t\t\t<div class=\"elementor-widget-container\">\n\t\t\t\t\t\t\t<div class=\"elementor-spacer\">\n\t\t\t<div class=\"elementor-spacer-inner\"><\/div>\n\t\t<\/div>\n\t\t\t\t\t\t<\/div>\n\t\t\t\t<\/div>\n\t\t\t\t\t<\/div>\n\t\t<\/div>\n\t\t\t\t<div class=\"elementor-column elementor-col-50 elementor-top-column elementor-element elementor-element-8e836d5 elementor-invisible\" data-id=\"8e836d5\" data-element_type=\"column\" data-e-type=\"column\" data-settings=\"{&quot;background_background&quot;:&quot;classic&quot;,&quot;animation&quot;:&quot;fadeInRight&quot;}\">\n\t\t\t<div class=\"elementor-widget-wrap elementor-element-populated\">\n\t\t\t\t\t\t<div class=\"elementor-element elementor-element-f40d139 elementor-widget elementor-widget-text-editor\" data-id=\"f40d139\" data-element_type=\"widget\" data-e-type=\"widget\" data-widget_type=\"text-editor.default\">\n\t\t\t\t<div class=\"elementor-widget-container\">\n\t\t\t\t\t\t\t\t\t<p><span style=\"text-decoration: underline;\"><strong>Dobbeltv\u00e6relse no. 2<\/strong><\/span><\/p><p><span style=\"text-decoration: underline;\"><strong>OBS: Weekenderne er 2 dages udlejning<\/strong><\/span><\/p><p>St\u00f8vet gr\u00f8nt v\u00e6relse som er 2 sm\u00e5 sammenh\u00e6ngende v\u00e6relser med en d\u00f8r imellem. I det inderste v\u00e6relse er der en dobbeltseng med v\u00e6gh\u00e6ngt fladsk\u00e6rm i hj\u00f8rnet.<\/p><p>De to sammenh\u00e6ngende v\u00e6relser er ca. 9 kvm hver og som sagt med en d\u00f8r imellem.<\/p><p>I det andet v\u00e6relse er der et mindre spisebord med 2 stole.<\/p><p>Opredning til 3. person koster 200,- kr. pr. nat.<\/p><p>Dobbeltv\u00e6relse no. 2 koster 650,- dkk pr. nat for 2 personer.<\/p><p>Prisen inkluderer linned og h\u00e5ndkl\u00e6de og slutreng\u00f8ring.\u00a0<\/p><p>Din hund er gratis i dette v\u00e6relse, dog m\u00e5 din hund ikke v\u00e6re alene hjemme eller komme i m\u00f8blerne.<\/p><p>Vi er et g\u00e6stehus &#8211; derfor serverer vi ikke morgenmad, men der er komplet k\u00f8kken, hvor man kan lave alverdens m\u00e5ltider.<\/p>\t\t\t\t\t\t\t\t<\/div>\n\t\t\t\t<\/div>\n\t\t\t\t\t<\/div>\n\t\t<\/div>\n\t\t\t\t\t<\/div>\n\t\t<\/section>\n\t\t\t\t<\/div>\n\t\t","protected":false},"excerpt":{"rendered":"<p>Dobbeltv\u00e6relse no. 1 OBS: Weekenderne er 2-dages udlejning Et dejligt lyst og stort 18 kvm v\u00e6relse med dobbeltseng og et mindre spisebord. Tr\u00e6gulve og v\u00e6gh\u00e6ngt fladsk\u00e6rm p\u00e5 v\u00e6relset. V\u00e6relset har udgang til den f\u00e6lles opholdsstue og vinduer ud mod den sydvendte g\u00e5rdhave. I dette dobbeltv\u00e6relse m\u00e5 man godt medbringe sin hund gratis, dog m\u00e5 hunden [&hellip;]<\/p>\n","protected":false},"author":1,"featured_media":31039,"parent":0,"menu_order":0,"comment_status":"closed","ping_status":"closed","template":"","meta":{"footnotes":""},"class_list":["post-29956","page","type-page","status-publish","has-post-thumbnail","hentry"],"_links":{"self":[{"href":"https:\/\/detblaagaestehus.dk\/en\/wp-json\/wp\/v2\/pages\/29956","targetHints":{"allow":["GET"]}}],"collection":[{"href":"https:\/\/detblaagaestehus.dk\/en\/wp-json\/wp\/v2\/pages"}],"about":[{"href":"https:\/\/detblaagaestehus.dk\/en\/wp-json\/wp\/v2\/types\/page"}],"author":[{"embeddable":true,"href":"https:\/\/detblaagaestehus.dk\/en\/wp-json\/wp\/v2\/users\/1"}],"replies":[{"embeddable":true,"href":"https:\/\/detblaagaestehus.dk\/en\/wp-json\/wp\/v2\/comments?post=29956"}],"version-history":[{"count":85,"href":"https:\/\/detblaagaestehus.dk\/en\/wp-json\/wp\/v2\/pages\/29956\/revisions"}],"predecessor-version":[{"id":32208,"href":"https:\/\/detblaagaestehus.dk\/en\/wp-json\/wp\/v2\/pages\/29956\/revisions\/32208"}],"wp:featuredmedia":[{"embeddable":true,"href":"https:\/\/detblaagaestehus.dk\/en\/wp-json\/wp\/v2\/media\/31039"}],"wp:attachment":[{"href":"https:\/\/detblaagaestehus.dk\/en\/wp-json\/wp\/v2\/media?parent=29956"}],"curies":[{"name":"wp","href":"https:\/\/api.w.org\/{rel}","templated":true}]}}