{"id":29950,"date":"2022-06-08T13:25:56","date_gmt":"2022-06-08T11:25:56","guid":{"rendered":"http:\/\/udkast.net\/bla\/det-blaa-gaestehus-2\/"},"modified":"2024-12-30T07:00:42","modified_gmt":"2024-12-30T06:00:42","slug":"booking","status":"publish","type":"page","link":"https:\/\/detblaagaestehus.dk\/en\/booking\/","title":{"rendered":"Booking"},"content":{"rendered":"<div data-elementor-type=\"wp-page\" data-elementor-id=\"29950\" class=\"elementor elementor-29950\" data-elementor-post-type=\"page\">\n\t\t\t\t\t\t<section class=\"elementor-section elementor-top-section elementor-element elementor-element-2a3ad69 elementor-section-boxed elementor-section-height-default elementor-section-height-default\" data-id=\"2a3ad69\" data-element_type=\"section\" data-e-type=\"section\">\n\t\t\t\t\t\t<div class=\"elementor-container elementor-column-gap-default\">\n\t\t\t\t\t<div class=\"elementor-column elementor-col-100 elementor-top-column elementor-element elementor-element-445dda4\" data-id=\"445dda4\" data-element_type=\"column\" data-e-type=\"column\" data-settings=\"{&quot;background_background&quot;:&quot;classic&quot;}\">\n\t\t\t<div class=\"elementor-widget-wrap elementor-element-populated\">\n\t\t\t\t\t\t<div class=\"elementor-element elementor-element-208076d elementor-posts--align-center elementor-grid-1 elementor-grid-tablet-2 elementor-grid-mobile-1 elementor-posts--thumbnail-top elementor-widget elementor-widget-posts\" data-id=\"208076d\" data-element_type=\"widget\" data-e-type=\"widget\" data-settings=\"{&quot;classic_row_gap&quot;:{&quot;unit&quot;:&quot;px&quot;,&quot;size&quot;:34,&quot;sizes&quot;:[]},&quot;classic_columns&quot;:&quot;1&quot;,&quot;classic_columns_tablet&quot;:&quot;2&quot;,&quot;classic_columns_mobile&quot;:&quot;1&quot;,&quot;classic_row_gap_tablet&quot;:{&quot;unit&quot;:&quot;px&quot;,&quot;size&quot;:&quot;&quot;,&quot;sizes&quot;:[]},&quot;classic_row_gap_mobile&quot;:{&quot;unit&quot;:&quot;px&quot;,&quot;size&quot;:&quot;&quot;,&quot;sizes&quot;:[]}}\" data-widget_type=\"posts.classic\">\n\t\t\t\t<div class=\"elementor-widget-container\">\n\t\t\t\t\t\t\t<div class=\"elementor-posts-container elementor-posts elementor-posts--skin-classic elementor-grid\" role=\"list\">\n\t\t\t\t<article class=\"elementor-post elementor-grid-item post-30087 product type-product status-publish has-post-thumbnail product_cat-ukategoriseret yith_booking_service-opredning-til-ekstra-person first instock virtual sold-individually purchasable product-type-booking\" role=\"listitem\">\n\t\t\t\t<a class=\"elementor-post__thumbnail__link\" href=\"https:\/\/detblaagaestehus.dk\/en\/product\/dobbeltvaerelse-med-faelles-bad\/\" tabindex=\"-1\" >\n\t\t\t<div class=\"elementor-post__thumbnail\"><img fetchpriority=\"high\" decoding=\"async\" width=\"514\" height=\"768\" src=\"https:\/\/detblaagaestehus.dk\/wp-content\/uploads\/2022\/06\/364972197.jpeg\" class=\"attachment-medium size-medium wp-image-30096\" alt=\"\" \/><\/div>\n\t\t<\/a>\n\t\t\t\t<div class=\"elementor-post__text\">\n\t\t\t\t<h3 class=\"elementor-post__title\">\n\t\t\t<a href=\"https:\/\/detblaagaestehus.dk\/en\/product\/dobbeltvaerelse-med-faelles-bad\/\" >\n\t\t\t\tGuest house double room no. 1 with possibility of extra bed - shared toilet\/bath.\t\t\t<\/a>\n\t\t<\/h3>\n\t\t\t\t<div class=\"elementor-post__excerpt\">\n\t\t\t<h4>Ring til <a href=\"tlf:+4526110696\">+45 26110696<\/a> for at h\u00f8re om ledige datoer. 650 kr. pr. nat\/2 personer<\/h4>\n\t\t<\/div>\n\t\t\n\t\t<a class=\"elementor-post__read-more\" href=\"https:\/\/detblaagaestehus.dk\/en\/product\/dobbeltvaerelse-med-faelles-bad\/\" aria-label=\"Read more about G\u00e6stehusets dobbeltv\u00e6relse no.1 med f\u00e6lles bad\/toilet\" tabindex=\"-1\" >\n\t\t\tBOOK\t\t<\/a>\n\n\t\t\t\t<\/div>\n\t\t\t\t<\/article>\n\t\t\t\t<article class=\"elementor-post elementor-grid-item post-30088 product type-product status-publish has-post-thumbnail product_cat-ukategoriseret yith_booking_service-opredning-til-ekstra-person  instock virtual sold-individually purchasable product-type-booking\" role=\"listitem\">\n\t\t\t\t<a class=\"elementor-post__thumbnail__link\" href=\"https:\/\/detblaagaestehus.dk\/en\/product\/vaerelse-til-3-personer-med-faelles-bad\/\" tabindex=\"-1\" >\n\t\t\t<div class=\"elementor-post__thumbnail\"><img decoding=\"async\" width=\"1512\" height=\"2016\" src=\"https:\/\/detblaagaestehus.dk\/wp-content\/uploads\/2022\/06\/20221023_135715-002-rotated.jpg\" class=\"attachment-medium size-medium wp-image-31501\" alt=\"\" srcset=\"https:\/\/detblaagaestehus.dk\/wp-content\/uploads\/2022\/06\/20221023_135715-002-rotated.jpg 1512w, https:\/\/detblaagaestehus.dk\/wp-content\/uploads\/2022\/06\/20221023_135715-002-768x1024.jpg 768w, https:\/\/detblaagaestehus.dk\/wp-content\/uploads\/2022\/06\/20221023_135715-002-1152x1536.jpg 1152w, https:\/\/detblaagaestehus.dk\/wp-content\/uploads\/2022\/06\/20221023_135715-002-9x12.jpg 9w, https:\/\/detblaagaestehus.dk\/wp-content\/uploads\/2022\/06\/20221023_135715-002-600x800.jpg 600w\" sizes=\"(max-width: 1512px) 100vw, 1512px\" \/><\/div>\n\t\t<\/a>\n\t\t\t\t<div class=\"elementor-post__text\">\n\t\t\t\t<h3 class=\"elementor-post__title\">\n\t\t\t<a href=\"https:\/\/detblaagaestehus.dk\/en\/product\/vaerelse-til-3-personer-med-faelles-bad\/\" >\n\t\t\t\tGuest house double room no. 2 with possibility of extra bed - shared toilet\/bath\t\t\t<\/a>\n\t\t<\/h3>\n\t\t\t\t<div class=\"elementor-post__excerpt\">\n\t\t\t<h4>Ring til <a href=\"tlf:+4526110696\">+45 26110696<\/a> for at h\u00f8re om ledige datoer. 650,- kr. pr. nat\/2 pers.<\/h4>\n\t\t<\/div>\n\t\t\n\t\t<a class=\"elementor-post__read-more\" href=\"https:\/\/detblaagaestehus.dk\/en\/product\/vaerelse-til-3-personer-med-faelles-bad\/\" aria-label=\"Read more about G\u00e6stehusets dobbeltv\u00e6relse no. 2 &#8211; f\u00e6lles bad\/toilet\" tabindex=\"-1\" >\n\t\t\tBOOK\t\t<\/a>\n\n\t\t\t\t<\/div>\n\t\t\t\t<\/article>\n\t\t\t\t<article class=\"elementor-post elementor-grid-item post-30181 product type-product status-publish has-post-thumbnail product_cat-ukategoriseret  instock virtual sold-individually purchasable product-type-booking\" role=\"listitem\">\n\t\t\t\t<a class=\"elementor-post__thumbnail__link\" href=\"https:\/\/detblaagaestehus.dk\/en\/product\/vaerelset-paa-1-salen\/\" tabindex=\"-1\" >\n\t\t\t<div class=\"elementor-post__thumbnail\"><img decoding=\"async\" width=\"1512\" height=\"2016\" src=\"https:\/\/detblaagaestehus.dk\/wp-content\/uploads\/2022\/06\/Sidste-nye-rotated.jpg\" class=\"attachment-medium size-medium wp-image-31500\" alt=\"\" srcset=\"https:\/\/detblaagaestehus.dk\/wp-content\/uploads\/2022\/06\/Sidste-nye-rotated.jpg 1512w, https:\/\/detblaagaestehus.dk\/wp-content\/uploads\/2022\/06\/Sidste-nye-768x1024.jpg 768w, https:\/\/detblaagaestehus.dk\/wp-content\/uploads\/2022\/06\/Sidste-nye-1152x1536.jpg 1152w, https:\/\/detblaagaestehus.dk\/wp-content\/uploads\/2022\/06\/Sidste-nye-9x12.jpg 9w, https:\/\/detblaagaestehus.dk\/wp-content\/uploads\/2022\/06\/Sidste-nye-600x800.jpg 600w\" sizes=\"(max-width: 1512px) 100vw, 1512px\" \/><\/div>\n\t\t<\/a>\n\t\t\t\t<div class=\"elementor-post__text\">\n\t\t\t\t<h3 class=\"elementor-post__title\">\n\t\t\t<a href=\"https:\/\/detblaagaestehus.dk\/en\/product\/vaerelset-paa-1-salen\/\" >\n\t\t\t\tBudget room on the 1st floor.\t\t\t<\/a>\n\t\t<\/h3>\n\t\t\t\t<div class=\"elementor-post__excerpt\">\n\t\t\t<h4>Ring til <a href=\"tlf:+4526110696\">+45 26110696<\/a> for at h\u00f8re om ledige datoer. Pris 475,- pr. nat\/ 2 personer<\/h4>\n\t\t<\/div>\n\t\t\n\t\t<a class=\"elementor-post__read-more\" href=\"https:\/\/detblaagaestehus.dk\/en\/product\/vaerelset-paa-1-salen\/\" aria-label=\"Read more about Budget-v\u00e6relse p\u00e5 1. salen &#8211; f\u00e6lles bad\/toilet\" tabindex=\"-1\" >\n\t\t\tBOOK\t\t<\/a>\n\n\t\t\t\t<\/div>\n\t\t\t\t<\/article>\n\t\t\t\t<\/div>\n\t\t\n\t\t\t\t\t\t<\/div>\n\t\t\t\t<\/div>\n\t\t\t\t\t<\/div>\n\t\t<\/div>\n\t\t\t\t\t<\/div>\n\t\t<\/section>\n\t\t\t\t<\/div>","protected":false},"excerpt":{"rendered":"","protected":false},"author":1,"featured_media":30799,"parent":0,"menu_order":0,"comment_status":"closed","ping_status":"closed","template":"","meta":{"footnotes":""},"class_list":["post-29950","page","type-page","status-publish","has-post-thumbnail","hentry"],"_links":{"self":[{"href":"https:\/\/detblaagaestehus.dk\/en\/wp-json\/wp\/v2\/pages\/29950","targetHints":{"allow":["GET"]}}],"collection":[{"href":"https:\/\/detblaagaestehus.dk\/en\/wp-json\/wp\/v2\/pages"}],"about":[{"href":"https:\/\/detblaagaestehus.dk\/en\/wp-json\/wp\/v2\/types\/page"}],"author":[{"embeddable":true,"href":"https:\/\/detblaagaestehus.dk\/en\/wp-json\/wp\/v2\/users\/1"}],"replies":[{"embeddable":true,"href":"https:\/\/detblaagaestehus.dk\/en\/wp-json\/wp\/v2\/comments?post=29950"}],"version-history":[{"count":80,"href":"https:\/\/detblaagaestehus.dk\/en\/wp-json\/wp\/v2\/pages\/29950\/revisions"}],"predecessor-version":[{"id":32199,"href":"https:\/\/detblaagaestehus.dk\/en\/wp-json\/wp\/v2\/pages\/29950\/revisions\/32199"}],"wp:featuredmedia":[{"embeddable":true,"href":"https:\/\/detblaagaestehus.dk\/en\/wp-json\/wp\/v2\/media\/30799"}],"wp:attachment":[{"href":"https:\/\/detblaagaestehus.dk\/en\/wp-json\/wp\/v2\/media?parent=29950"}],"curies":[{"name":"wp","href":"https:\/\/api.w.org\/{rel}","templated":true}]}}