{"id":29948,"date":"2022-06-08T13:25:31","date_gmt":"2022-06-08T11:25:31","guid":{"rendered":"http:\/\/udkast.net\/bla\/det-blaa-gaestehus-2\/"},"modified":"2024-12-30T04:44:56","modified_gmt":"2024-12-30T03:44:56","slug":"det-siger-gaesterne","status":"publish","type":"page","link":"https:\/\/detblaagaestehus.dk\/en\/det-siger-gaesterne\/","title":{"rendered":"Det siger g\u00e6sterne"},"content":{"rendered":"<div data-elementor-type=\"wp-page\" data-elementor-id=\"29948\" class=\"elementor elementor-29948\" data-elementor-post-type=\"page\">\n\t\t\t\t\t\t<section class=\"elementor-section elementor-top-section elementor-element elementor-element-62987dd1 elementor-section-boxed elementor-section-height-default elementor-section-height-default\" data-id=\"62987dd1\" data-element_type=\"section\" data-e-type=\"section\">\n\t\t\t\t\t\t<div class=\"elementor-container elementor-column-gap-default\">\n\t\t\t\t\t<div class=\"elementor-column elementor-col-100 elementor-top-column elementor-element elementor-element-4b10502c\" data-id=\"4b10502c\" data-element_type=\"column\" data-e-type=\"column\">\n\t\t\t<div class=\"elementor-widget-wrap elementor-element-populated\">\n\t\t\t\t\t\t<div class=\"elementor-element elementor-element-2a214bac elementor-widget elementor-widget-text-editor\" data-id=\"2a214bac\" data-element_type=\"widget\" data-e-type=\"widget\" data-widget_type=\"text-editor.default\">\n\t\t\t\t<div class=\"elementor-widget-container\">\n\t\t\t\t\t\t\t\t\t<h2>We enjoy the visit of all our guests<\/h2><p><em><strong>Here is a selection of guests' greetings:<\/strong><\/em><\/p><ul><li><b>Oktober 2024: Rent og p\u00e6nt g\u00e6stehus. Der er fin mulighed for at lave sin egen morgenmad, men det ville da v\u00e6re dejligt hvis man kunne f\u00e5 det serveret. Men det vidste vi p\u00e5 forh\u00e5nd men ville ellers have v\u00e6ret et ekstra plus. Tak for et godt ophold. mvh Bjarne og familie.<\/b><\/li><li><b>September 2024: Tak for dagene i det bl\u00e5 g\u00e6stehus. Det er ordentlige forhold. VH Gunnar og Inger<\/b><\/li><li><strong>Maj 2024: Dejligt g\u00e6stehus med fin beliggenhed. Flot badev\u00e6relse og v\u00e6relser. mvh Tage B.<\/strong><\/li><li><strong>April 2024: Tak for et godt ophold. Vi var glade for at vi valgte at bo i Nordby. Lige midt i det hele. Hilsen Lene og Mark<\/strong><\/li><li><strong>August 2024:<\/strong> Tak for et dejligt ophold i budgetv\u00e6relset p\u00e5 1. sal. V\u00e6relset er rigtig fint til en nat eller to. Hilsen Amanda og Kim<\/li><li><strong>August 2023:\u00a0<\/strong>V\u00e6relset p\u00e5 1. sal er et fint v\u00e6relse. Og vi nyd at vi kunne sidde ude p\u00e5 jeres overordentlige flotte og dejlige altan. Hold nu op \ud83d\ude09 bedste hilsner Anja og Kjeld<\/li><li><strong>August 2023:\u00a0<\/strong>Tak for nu. Fedt badev\u00e6relse der er kommet. Altid rent og p\u00e6nt. Hilsen Bodil Knudsen<\/li><li><strong>August 2023:\u00a0<\/strong>Tak Lone. Det er altid hyggeligt at snakke med dig. Vi anbefaler altid g\u00e6stehuset. K\u00e6rlig hilsen Agnes Lilleholt<\/li><li><strong>August 2023:\u00a0<\/strong>Nu er det 3. gang vi er her og vi kommer igen. Midt i centrum af Nordby. Fantastisk beliggenhed. Mvh Lotte Nielsen<\/li><li><strong>Juni 2023:<\/strong> Vi booker altid i god tid og det er med god grund fordi der er altid godt booket hos Lone &amp; Martin. Og prisen er s\u00e5 fin i forhold til hvad man f\u00e5r. Hilsner Ingrid og Hans Jansen<\/li><li><strong>Juni 2023: <\/strong>Vi har nydt det til fulde. Fedt hus med masser af charme. kh Solveig Hansen<\/li><li><strong>Marts 2023: <\/strong>Meget flot sted til e god pris. mvh Rene W.<\/li><li><strong>Februar 2023: <\/strong>Tak for et dejligt ophold. Alt fungerede. Fantastisk nyt bad\/toilet. Mvh Kim A. Jensen<\/li><\/ul><ul><li><strong>Nov. 2022:<\/strong> Skal man til Fan\u00f8 skal man alts\u00e5 bo i Nordby. Vi syntes at vores overnatning var billig i forhold til andre steder. Og kvaliteten er alts\u00e5 s\u00e5 fin til de penge. Vi ses igen. Mvh Lene V. Eriksen<\/li><li><strong>November 2022<\/strong>: S\u00e5 nydeligt. S\u00e5 fint og dejligt. Vi ville ikke hjem til storbyen igen. Det bliver Fan\u00f8 fremadrettet. Tak til v\u00e6rten. Kh John C.<\/li><li><strong>Oktober 2022<\/strong>: Tak for nu. Vi var ikke tilfredse med vores ophold. G\u00e6stehuset var dejligt og du er den f\u00f8dte v\u00e6rt, Lone. Men de forretningsdrivende p\u00e5 Fan\u00f8 skal finde ud af om de vil leve af turisterne eller ej. Vi var glade for, at der var komplet k\u00f8kken i g\u00e6stehuset. TAK. Mvh S. Andersen.<\/li><li><strong>September 2022<\/strong>: Vi booker kun ophold p\u00e5 steder som har gode anmeldelser. Det har I og vi var fuldt ud tilfredse og prisen er s\u00e5 meget okay. Hilsen Ane P. Jensen<\/li><li><strong>August 2022<\/strong>: Tak for et dejligt ophold. Alt levede op til forventningerne. Hilsen Lea &amp; Martin<\/li><li><strong>August 2022<\/strong>: Tak for nogle lange gode snakke omkring Fan\u00f8. Det giver et helt andet indblik i, hvad der er p\u00e5 Fan\u00f8. Vi syntes stadig, at det er \u00e6rgerligt, at der ikke er eget bad og toilet. Men som du sagde, Lone, s\u00e5 vil bad og toilet blive udvidet til december\/januar til dobbelt st\u00f8rrelse. Det vil kun blive et stort plus. Men vi kom godt ud af det med de andre g\u00e6ster der var i det andet v\u00e6relse. G\u00e6stehuset er bare s\u00e5 fint og s\u00e5 flot udstyret. Det var nogle dejlige dage vi havde. Vi vil overveje, at tage herover igen n\u00e5r der varsles storm, s\u00e5 vi kan finde rav p\u00e5 stranden. Tak for et dejligt ophold hos jer. Dbh Linda og Renee.<\/li><li><strong>July 2022:\u00a0<\/strong>Thanks for now. We were positively surprised that our dog was free. It is not everywhere it occurs. We enjoy it to the fullest. There is no doubt that the place is popular. Beautiful, orderly and right in the middle of it all. Greetings Storm.<\/li><li><strong>July 2022: <\/strong>: If you are a nature lover, you should go to Fan\u00f8. Thank you for a lovely stay in your guesthouse. It's a guesthouse at the good end of the scale. Greetings Lars Hansen, Copenhagen<\/li><li><strong>Juli 2022<\/strong>: Er man naturelsker s\u00e5 skal man tage til Fan\u00f8. Tak for et dejligt ophold i jeres g\u00e6stehus. Det er et g\u00e6stehus i den gode ende af skalaen. Hilsner Lars Hansen, K\u00f8benhavn<\/li><li><strong>June:\u00a0<\/strong>It was like therapy. Quiet and idyllic Fanoe. No noise. Lots of nature and an extremely informal and welcoming welcome in the guesthouse. Thank you - we will come again. Kind regards Pernille Poulsen and family.<\/li><li><strong>June 2022:\u00a0<\/strong>Fano and the blue guesthouse are worth every penny. Try for yourself. Regards, Jacobsen family, Aarhus<\/li><li><strong>May 2022:\u00a0<\/strong>: We thought it is expensive to live on Fano. But luckily, we found your guesthouse. The price was fine compared to comparisons. The good thing about it all was that we didn't have to eat at restaurants but could cook our own food. That was a huge plus. Nice place. THANKS.<\/li><li><strong>April 2022:\u00a0<\/strong>CHEAP overnight stays...... compared to many other places. Also, because you can make your own food. There was nothing missing. It was to great enjoyment. Thank you. Regards Henriette M\u00fcller<\/li><li><strong>April 2022:<\/strong>\u00a0So flavorful and cheap. Thanks for now. Regards Lennart J\u00f8rgensen<\/li><li><strong>April 2022:<\/strong>\u00a0Dear Lone. As you know, we were sad that we could not get a seat at the inn on Fano. But hold on. We do not undo our booking with you. Very proper and nice. The setting for our stay was as nice as at an inn. Thanks.<\/li><li><strong>February 2022:\u00a0<\/strong>Thank you for some lovely days. We were very thoughtful that we didn't have a private bathroom, but that was no problem at all. Thanks for now. We will come again. Thanks. Peter and wife, Slagelse<\/li><li><strong>\u00a0<\/strong><strong>July 2021:\u00a0<\/strong>You do everything you can for guests to feel at home in your guesthouse.  There is nothing missing. Kind regards Nanna Johansen<\/li><li><strong>\u00a0<\/strong><strong style=\"color: var( --e-global-color-text ); font-size: 1rem;\">July 2021:\u00a0<\/strong>A good experience to be on Fano and you have a nice guesthouse. Thanks. Robert S\u00f8rensen<\/li><li><strong>\u00a0<\/strong><strong>March 2021:\u00a0<\/strong>Fan\u00f8 er dejlig. Huset er fantastisk og med en meget fin beliggenhed. Vi har f\u00e5et g\u00e5et nogle lange ture og bl\u00e6st igennem. S\u00e6lerne byd os velkommen da vi ankom Fan\u00f8. V\u00e6rten klinger med alle mennesker.\u00a0 Mvh Rose<\/li><\/ul><p><strong>\u00a0<\/strong><\/p>\t\t\t\t\t\t\t\t<\/div>\n\t\t\t\t<\/div>\n\t\t\t\t\t<\/div>\n\t\t<\/div>\n\t\t\t\t\t<\/div>\n\t\t<\/section>\n\t\t\t\t<\/div>","protected":false},"excerpt":{"rendered":"<p>Vi nyder bes\u00f8get af alle vore g\u00e6ster Her er et udpluk af g\u00e6sternes hilsner: Oktober 2024: Rent og p\u00e6nt g\u00e6stehus. Der er fin mulighed for at lave sin egen morgenmad, men det ville da v\u00e6re dejligt hvis man kunne f\u00e5 det serveret. Men det vidste vi p\u00e5 forh\u00e5nd men ville ellers have v\u00e6ret et ekstra [&hellip;]<\/p>\n","protected":false},"author":1,"featured_media":31611,"parent":0,"menu_order":0,"comment_status":"closed","ping_status":"closed","template":"","meta":{"footnotes":""},"class_list":["post-29948","page","type-page","status-publish","has-post-thumbnail","hentry"],"_links":{"self":[{"href":"https:\/\/detblaagaestehus.dk\/en\/wp-json\/wp\/v2\/pages\/29948","targetHints":{"allow":["GET"]}}],"collection":[{"href":"https:\/\/detblaagaestehus.dk\/en\/wp-json\/wp\/v2\/pages"}],"about":[{"href":"https:\/\/detblaagaestehus.dk\/en\/wp-json\/wp\/v2\/types\/page"}],"author":[{"embeddable":true,"href":"https:\/\/detblaagaestehus.dk\/en\/wp-json\/wp\/v2\/users\/1"}],"replies":[{"embeddable":true,"href":"https:\/\/detblaagaestehus.dk\/en\/wp-json\/wp\/v2\/comments?post=29948"}],"version-history":[{"count":67,"href":"https:\/\/detblaagaestehus.dk\/en\/wp-json\/wp\/v2\/pages\/29948\/revisions"}],"predecessor-version":[{"id":32074,"href":"https:\/\/detblaagaestehus.dk\/en\/wp-json\/wp\/v2\/pages\/29948\/revisions\/32074"}],"wp:featuredmedia":[{"embeddable":true,"href":"https:\/\/detblaagaestehus.dk\/en\/wp-json\/wp\/v2\/media\/31611"}],"wp:attachment":[{"href":"https:\/\/detblaagaestehus.dk\/en\/wp-json\/wp\/v2\/media?parent=29948"}],"curies":[{"name":"wp","href":"https:\/\/api.w.org\/{rel}","templated":true}]}}