{"id":17,"date":"2018-11-19T19:50:38","date_gmt":"2018-11-19T18:50:38","guid":{"rendered":"http:\/\/udkast.net\/bla\/home\/"},"modified":"2025-11-21T09:26:23","modified_gmt":"2025-11-21T08:26:23","slug":"forside","status":"publish","type":"page","link":"https:\/\/detblaagaestehus.dk\/en\/","title":{"rendered":"Forside"},"content":{"rendered":"<div data-elementor-type=\"wp-post\" data-elementor-id=\"17\" class=\"elementor elementor-17\" data-elementor-post-type=\"page\">\n\t\t\t\t\t\t<section class=\"elementor-section elementor-top-section elementor-element elementor-element-be33b11 elementor-section-full_width elementor-section-height-default elementor-section-height-default\" data-id=\"be33b11\" data-element_type=\"section\" data-e-type=\"section\" data-settings=\"{&quot;shape_divider_bottom&quot;:&quot;arrow&quot;}\">\n\t\t\t\t\t<div class=\"elementor-shape elementor-shape-bottom\" aria-hidden=\"true\" data-negative=\"false\">\n\t\t\t<svg xmlns=\"http:\/\/www.w3.org\/2000\/svg\" viewbox=\"0 0 700 10\" preserveaspectratio=\"none\">\n\t<path class=\"elementor-shape-fill\" d=\"M350,10L340,0h20L350,10z\"\/>\n<\/svg>\t\t<\/div>\n\t\t\t\t\t<div class=\"elementor-container elementor-column-gap-default\">\n\t\t\t\t\t<div class=\"elementor-column elementor-col-100 elementor-top-column elementor-element elementor-element-7f00fb3\" data-id=\"7f00fb3\" data-element_type=\"column\" data-e-type=\"column\">\n\t\t\t<div class=\"elementor-widget-wrap elementor-element-populated\">\n\t\t\t\t\t\t<div class=\"elementor-element elementor-element-cd04f8a elementor--h-position-center elementor--v-position-middle elementor-widget elementor-widget-slides\" data-id=\"cd04f8a\" data-element_type=\"widget\" data-e-type=\"widget\" data-settings=\"{&quot;navigation&quot;:&quot;none&quot;,&quot;autoplay&quot;:&quot;yes&quot;,&quot;pause_on_hover&quot;:&quot;yes&quot;,&quot;pause_on_interaction&quot;:&quot;yes&quot;,&quot;autoplay_speed&quot;:5000,&quot;infinite&quot;:&quot;yes&quot;,&quot;transition&quot;:&quot;slide&quot;,&quot;transition_speed&quot;:500}\" data-widget_type=\"slides.default\">\n\t\t\t\t<div class=\"elementor-widget-container\">\n\t\t\t\t\t\t\t\t\t<div class=\"elementor-swiper\">\n\t\t\t\t\t<div class=\"elementor-slides-wrapper elementor-main-swiper swiper\" role=\"region\" aria-roledescription=\"carousel\" aria-label=\"Dias (slides)\" dir=\"ltr\" data-animation=\"\">\n\t\t\t\t<div class=\"swiper-wrapper elementor-slides\">\n\t\t\t\t\t\t\t\t\t\t<div class=\"elementor-repeater-item-b7d7584 swiper-slide\" role=\"group\" aria-roledescription=\"slide\"><div class=\"swiper-slide-bg elementor-ken-burns elementor-ken-burns--in\" role=\"img\" aria-label=\"IMG_4688\"><\/div><div class=\"elementor-background-overlay\"><\/div><a class=\"swiper-slide-inner\" href=\"http:\/\/detblaagaestehus.dk\/en\/book\/\"><div class=\"swiper-slide-contents\"><div class=\"elementor-slide-heading\">Velkommen her hos os p\u00e5 Fan\u00f8<\/div><div class=\"elementor-slide-description\">I Det bl\u00e5 g\u00e6stehus<\/div><div  class=\"elementor-button elementor-slide-button elementor-size-sm\">BOOK<\/div><\/div><\/a><\/div><div class=\"elementor-repeater-item-96cf5eb swiper-slide\" role=\"group\" aria-roledescription=\"slide\"><div class=\"swiper-slide-bg elementor-ken-burns elementor-ken-burns--in\" role=\"img\" aria-label=\"IMG_4688\"><\/div><div class=\"elementor-background-overlay\"><\/div><a class=\"swiper-slide-inner\" href=\"http:\/\/detblaagaestehus.dk\/en\/book\/\"><div class=\"swiper-slide-contents\"><div class=\"elementor-slide-heading\">Velkommen her hos os p\u00e5 Fan\u00f8<\/div><div class=\"elementor-slide-description\">I Det bl\u00e5 g\u00e6stehus<\/div><div  class=\"elementor-button elementor-slide-button elementor-size-sm\">BOOK<\/div><\/div><\/a><\/div><div class=\"elementor-repeater-item-368b9fe swiper-slide\" role=\"group\" aria-roledescription=\"slide\"><div class=\"swiper-slide-bg\" role=\"img\" aria-label=\"20220625_221030\"><\/div><div class=\"swiper-slide-inner\" ><div class=\"swiper-slide-contents\"><div class=\"elementor-slide-heading\">Fan\u00f8 - en perle i Vadehavet.<\/div><div class=\"elementor-slide-description\">Oplev en \u00f8 med ro og masser af atmosf\u00e6re kun 12 minutters sejllads fra Esbjerg.<\/div><div  class=\"elementor-button elementor-slide-button elementor-size-sm\">Klik her<\/div><\/div><\/div><\/div>\t\t\t\t<\/div>\n\t\t\t\t\t\t\t\t\t\t\t\t\t\t\t\t\t\t\t\t\t<\/div>\n\t\t\t\t<\/div>\n\t\t\t\t\t\t\t\t<\/div>\n\t\t\t\t<\/div>\n\t\t\t\t\t<\/div>\n\t\t<\/div>\n\t\t\t\t\t<\/div>\n\t\t<\/section>\n\t\t\t\t<section class=\"elementor-section elementor-top-section elementor-element elementor-element-7060c57 elementor-section-boxed elementor-section-height-default elementor-section-height-default\" data-id=\"7060c57\" data-element_type=\"section\" data-e-type=\"section\" data-settings=\"{&quot;background_background&quot;:&quot;classic&quot;}\">\n\t\t\t\t\t\t<div class=\"elementor-container elementor-column-gap-default\">\n\t\t\t\t\t<div class=\"elementor-column elementor-col-50 elementor-top-column elementor-element elementor-element-e2af2ad elementor-invisible\" data-id=\"e2af2ad\" data-element_type=\"column\" data-e-type=\"column\" data-settings=\"{&quot;background_background&quot;:&quot;classic&quot;,&quot;animation&quot;:&quot;fadeInLeft&quot;}\">\n\t\t\t<div class=\"elementor-widget-wrap elementor-element-populated\">\n\t\t\t\t\t\t<div class=\"elementor-element elementor-element-c88d912 elementor-widget elementor-widget-heading\" data-id=\"c88d912\" data-element_type=\"widget\" data-e-type=\"widget\" data-widget_type=\"heading.default\">\n\t\t\t\t<div class=\"elementor-widget-container\">\n\t\t\t\t\t<h2 class=\"elementor-heading-title elementor-size-default\">Dear Guest,<\/h2>\t\t\t\t<\/div>\n\t\t\t\t<\/div>\n\t\t\t\t<div class=\"elementor-element elementor-element-5b07f0e elementor-widget elementor-widget-text-editor\" data-id=\"5b07f0e\" data-element_type=\"widget\" data-e-type=\"widget\" data-widget_type=\"text-editor.default\">\n\t\t\t\t<div class=\"elementor-widget-container\">\n\t\t\t\t\t\t\t\t\t<p><span style=\"text-decoration: underline;\"><strong>\u00c5ben for reservationer for 2025 &#8211; ring p\u00e5 mobil +45 26110696<\/strong><\/span><\/p><p><span style=\"text-decoration: underline;\"><strong>OBS: Weekender udlejes kun for et 2-dages ophold.<\/strong><\/span><\/p><p>Velkommen til &#8220;Det Bl\u00e5 G\u00e6stehus&#8221; &#8211; Hovedgaden 56 &#8211; som ligger i centrum af det idylliske Nordby p\u00e5 Fan\u00f8 &#8211; kun 300 meter fra f\u00e6rgen mellem Esbjerg og Fan\u00f8.<\/p><p>G\u00e6stehuset ligger 50 meter fra vandet mod Esbjerg &#8211; midt imellem gamle str\u00e5t\u00e6kte Fan\u00f8huse, dejlige restauranter, sm\u00e5 forretninger som s\u00e6lger specialiteter fra Fan\u00f8 og ikke mindst den dejlige Fan\u00f8 stemning.<\/p><p>Vi kan tilbyde:<\/p><p>Overnatning for 4 personer fordelt i 2 v\u00e6relser. Der er mulighed for en opredning i hvert v\u00e6relse s\u00e5 man samlet kan overnatte 6 personer ialt.<\/p><p>Der er 2 dobbeltv\u00e6relser.<\/p><p>Pris: 650,- kroner pr. nat for 2 personer. 1 opredning kr. 200,- kroner pr. nat.<\/p><p>Prisen inkluderer linned og h\u00e5ndkl\u00e6der, forbrug og slutreng\u00f8ring.<\/p><p>De to dobbeltv\u00e6relser deles om et nyt (2023) 10 kvm f\u00e6lles toilet\/bad.<\/p><p>B\u00f8rn under 3 \u00e5r overnatter gratis. Der er en barneseng til r\u00e5dighed. Man skal dog selv medbringe barnets dyne og pude.<\/p>\t\t\t\t\t\t\t\t<\/div>\n\t\t\t\t<\/div>\n\t\t\t\t\t<\/div>\n\t\t<\/div>\n\t\t\t\t<div class=\"elementor-column elementor-col-50 elementor-top-column elementor-element elementor-element-044d424 elementor-invisible\" data-id=\"044d424\" data-element_type=\"column\" data-e-type=\"column\" data-settings=\"{&quot;background_background&quot;:&quot;classic&quot;,&quot;animation&quot;:&quot;fadeInUp&quot;}\">\n\t\t\t<div class=\"elementor-widget-wrap elementor-element-populated\">\n\t\t\t\t\t\t<div class=\"elementor-element elementor-element-139238d elementor-widget elementor-widget-spacer\" data-id=\"139238d\" data-element_type=\"widget\" data-e-type=\"widget\" data-widget_type=\"spacer.default\">\n\t\t\t\t<div class=\"elementor-widget-container\">\n\t\t\t\t\t\t\t<div class=\"elementor-spacer\">\n\t\t\t<div class=\"elementor-spacer-inner\"><\/div>\n\t\t<\/div>\n\t\t\t\t\t\t<\/div>\n\t\t\t\t<\/div>\n\t\t\t\t\t<\/div>\n\t\t<\/div>\n\t\t\t\t\t<\/div>\n\t\t<\/section>\n\t\t\t\t<section class=\"elementor-section elementor-top-section elementor-element elementor-element-b8ab555 elementor-reverse-mobile elementor-reverse-tablet elementor-section-boxed elementor-section-height-default elementor-section-height-default\" data-id=\"b8ab555\" data-element_type=\"section\" data-e-type=\"section\" data-settings=\"{&quot;background_background&quot;:&quot;classic&quot;}\">\n\t\t\t\t\t\t<div class=\"elementor-container elementor-column-gap-default\">\n\t\t\t\t\t<div class=\"elementor-column elementor-col-50 elementor-top-column elementor-element elementor-element-4a55bb7 elementor-invisible\" data-id=\"4a55bb7\" data-element_type=\"column\" data-e-type=\"column\" data-settings=\"{&quot;background_background&quot;:&quot;classic&quot;,&quot;animation&quot;:&quot;fadeInUp&quot;}\">\n\t\t\t<div class=\"elementor-widget-wrap elementor-element-populated\">\n\t\t\t\t\t\t\t<\/div>\n\t\t<\/div>\n\t\t\t\t<div class=\"elementor-column elementor-col-50 elementor-top-column elementor-element elementor-element-2f2485f elementor-invisible\" data-id=\"2f2485f\" data-element_type=\"column\" data-e-type=\"column\" data-settings=\"{&quot;background_background&quot;:&quot;classic&quot;,&quot;animation&quot;:&quot;fadeInRight&quot;}\">\n\t\t\t<div class=\"elementor-widget-wrap elementor-element-populated\">\n\t\t\t\t\t\t<div class=\"elementor-element elementor-element-d1f3d7b elementor-widget elementor-widget-text-editor\" data-id=\"d1f3d7b\" data-element_type=\"widget\" data-e-type=\"widget\" data-widget_type=\"text-editor.default\">\n\t\t\t\t<div class=\"elementor-widget-container\">\n\t\t\t\t\t\t\t\t\t<p>Vores g\u00e6stehus ligger i stue etagen af en gammel ejendom fra 1886. Her m\u00e5 du have din hund med. <span style=\"text-decoration: underline;\">ALL DOGS ARE FREE<\/span>.<\/p><p>Det forventes, at s\u00e5fremt din hund er vant til at ligge p\u00e5 et t\u00e6ppe eller kurv, at s\u00e5 du selv medbringer dette. Hunde m\u00e5 ikke komme i m\u00f8blerne eller sengene.<\/p><p>Det er meget vigtigt for os, at vores g\u00e6ster f\u00f8ler sig hjemme i g\u00e6stehuset s\u00e5 derfor har vi m\u00f8bleret g\u00e6stehuset som var det et almindeligt hjem med alt udstyr.<\/p><p>\u00a0<\/p><p><b>Private room for 2 persons on the 1. floor of the guesthouse.<\/b><\/p><p>Lejen heraf er uafh\u00e6ngig af g\u00e6stehuset i stueetagen.<\/p><p>Leje af v\u00e6relset p\u00e5 1. salen\u00a0 er uden adgang til k\u00f8kken og man kan derfor ikke lave mad. Men der er k\u00f8leskab, elkedel, bestik, glas og tv p\u00e5 v\u00e6relset. Vi henviser til fanen med &#8220;V\u00e6relse p\u00e5 1. sal&#8221;. <span style=\"text-decoration: underline;\">Her m\u00e5 du desv\u00e6rre <strong><p><\/strong> <p><\/span><\/p><p>We are already looking forward to welcoming you here with us.<\/p><p>Best regards Martin &amp; Lone Frank<\/p>\t\t\t\t\t\t\t\t<\/div>\n\t\t\t\t<\/div>\n\t\t\t\t\t<\/div>\n\t\t<\/div>\n\t\t\t\t\t<\/div>\n\t\t<\/section>\n\t\t\t\t<\/div>","protected":false},"excerpt":{"rendered":"<p>Velkommen her hos os p\u00e5 Fan\u00f8I Det bl\u00e5 g\u00e6stehusBOOK OPHOLDVelkommen her hos os p\u00e5 Fan\u00f8I Det bl\u00e5 g\u00e6stehusBOOK OPHOLDFan\u00f8 &#8211; en perle i Vadehavet.Oplev en \u00f8 med ro og masser af atmosf\u00e6re kun 12 minutters sejllads fra Esbjerg.Klik her K\u00e6re g\u00e6st, \u00c5ben for reservationer for 2025 &#8211; ring p\u00e5 mobil +45 26110696 OBS: Weekender udlejes [&hellip;]<\/p>\n","protected":false},"author":1,"featured_media":30052,"parent":0,"menu_order":0,"comment_status":"closed","ping_status":"closed","template":"","meta":{"footnotes":""},"class_list":["post-17","page","type-page","status-publish","has-post-thumbnail","hentry"],"_links":{"self":[{"href":"https:\/\/detblaagaestehus.dk\/en\/wp-json\/wp\/v2\/pages\/17","targetHints":{"allow":["GET"]}}],"collection":[{"href":"https:\/\/detblaagaestehus.dk\/en\/wp-json\/wp\/v2\/pages"}],"about":[{"href":"https:\/\/detblaagaestehus.dk\/en\/wp-json\/wp\/v2\/types\/page"}],"author":[{"embeddable":true,"href":"https:\/\/detblaagaestehus.dk\/en\/wp-json\/wp\/v2\/users\/1"}],"replies":[{"embeddable":true,"href":"https:\/\/detblaagaestehus.dk\/en\/wp-json\/wp\/v2\/comments?post=17"}],"version-history":[{"count":184,"href":"https:\/\/detblaagaestehus.dk\/en\/wp-json\/wp\/v2\/pages\/17\/revisions"}],"predecessor-version":[{"id":32232,"href":"https:\/\/detblaagaestehus.dk\/en\/wp-json\/wp\/v2\/pages\/17\/revisions\/32232"}],"wp:featuredmedia":[{"embeddable":true,"href":"https:\/\/detblaagaestehus.dk\/en\/wp-json\/wp\/v2\/media\/30052"}],"wp:attachment":[{"href":"https:\/\/detblaagaestehus.dk\/en\/wp-json\/wp\/v2\/media?parent=17"}],"curies":[{"name":"wp","href":"https:\/\/api.w.org\/{rel}","templated":true}]}}